{"id":773,"date":"2016-08-15T16:09:11","date_gmt":"2016-08-15T16:09:11","guid":{"rendered":"http:\/\/www.oulunsalonvasama.fi\/suunnistus\/?page_id=773"},"modified":"2017-04-09T18:35:01","modified_gmt":"2017-04-09T18:35:01","slug":"am-viesti-osuusajat","status":"publish","type":"page","link":"https:\/\/www.oulunsalonvasama.fi\/suunnistus\/arkisto\/2016-2\/am-2016\/am-viesti-osuusajat\/","title":{"rendered":"AM-viesti osuusajat"},"content":{"rendered":"<p><!--?xml version=\"1.0\" encoding=\"iso-8859-1\"?--><br \/>\nOsuusajat<\/p>\n<p>&nbsp;<\/p>\n<h2>P-P AM-viesti 14.8.2016 14.8.2016, Kisakangas, OsVa<\/h2>\n<p><a href=\"#1\">H21<\/a> <a href=\"#2\">H40<\/a> <a href=\"#3\">H50<\/a> <a href=\"#4\">H120-<\/a> <a href=\"#5\">H150-<\/a> <a href=\"#6\">H180-<\/a> <a href=\"#7\">H210-<\/a> <a href=\"#8\">H10RR<\/a> <a href=\"#9\">D21<\/a> <a href=\"#10\">D40<\/a> <a href=\"#11\">D50<\/a> <a href=\"#12\">D90-<\/a> <a href=\"#13\">D120-<\/a> <a href=\"#14\">D10RR<\/a> <a href=\"#15\">D150<\/a> <a href=\"#16\">Kunto<\/a><\/p>\n<h3 id=\"1\">H21<\/h3>\n<p><b>1. Osuus Vaihto 7,1km<\/b><\/p>\n<pre><span style=\"background: #f4f4f4;\">   1. Haapasalo Harri                      40.16           SK Pohjant\u00e4hti 1 <\/span>\r\n   2. Peisa Panu                           43.41    +03.25 Saloisten Reipas 1 \r\n<span style=\"background: #f4f4f4;\">   3. Lammi Harri                          54.53    +14.37 Saloisten Reipas 2 <\/span>\r\n   4. P\u00e4iv\u00e4rinta Juhani                                   Kiimingin Urheilijat 1 \r\n\r\n<\/pre>\n<p><b>2. Osuus Vaihto 7,1km<\/b><\/p>\n<pre><span style=\"background: #f4f4f4;\">   1. J\u00e4rvi Markku                                        Kiimingin Urheilijat 1 <\/span>\r\n   2. Schroderus Santeri                   42.06    +29.09 SK Pohjant\u00e4hti 1 \r\n<span style=\"background: #f4f4f4;\">   3. Karvonen Sami                        59.05    +46.08 Saloisten Reipas 1 <\/span>\r\n   4. Kuusikko Miska                     1.00.01    +47.04 Saloisten Reipas 2 \r\n\r\n<\/pre>\n<p><b>3. Osuus Vaihto 7,1km<\/b><\/p>\n<pre><span style=\"background: #f4f4f4;\">   1. Nissinen Niko                        39.58           SK Pohjant\u00e4hti 1 <\/span>\r\n   2. Korhonen Samuel                      45.16    +05.18 Saloisten Reipas 1 \r\n<span style=\"background: #f4f4f4;\">   3. Kuusikko Marko                       54.19    +14.21 Saloisten Reipas 2 <\/span>\r\n\r\n<\/pre>\n<h3 id=\"2\">H40<\/h3>\n<p><b>1. Osuus Vaihto 2,6km<\/b><\/p>\n<pre><span style=\"background: #f4f4f4;\">   1. Ukkola Sakari                        15.29           SK Pohjant\u00e4hti 1 <\/span>\r\n\r\n<\/pre>\n<p><b>2. Osuus Vaihto 2,8km<\/b><\/p>\n<pre><span style=\"background: #f4f4f4;\">   1. Takalo Emil                          19.31           Oulunsalon Vasama 1 <\/span>\r\n   2. Kinnunen Juuso                       19.57    +00.26 SK Pohjant\u00e4hti 1 \r\n\r\n<\/pre>\n<p><b>3. Osuus Vaihto 2,8km<\/b><\/p>\n<pre><span style=\"background: #f4f4f4;\">   1. Simil\u00e4 Severi                        18.44           SK Pohjant\u00e4hti 1 <\/span>\r\n   2. Alitalo Heidi                        22.24    +03.40 Oulunsalon Vasama 1 \r\n\r\n<\/pre>\n<h3 id=\"3\">H50<\/h3>\n<p><b>1. Osuus Vaihto 4,5km<\/b><\/p>\n<pre><span style=\"background: #f4f4f4;\">   1. P\u00f6yry Roope                          37.46           SK Pohjant\u00e4hti 1 <\/span>\r\n\r\n<\/pre>\n<p><b>2. Osuus Vaihto 4,6km<\/b><\/p>\n<pre><span style=\"background: #f4f4f4;\">   1. Heikka Benjamin                      42.24           SK Pohjant\u00e4hti 1 <\/span>\r\n\r\n<\/pre>\n<p><b>3. Osuus Vaihto 4,5km<\/b><\/p>\n<pre><span style=\"background: #f4f4f4;\">   1. Nissinen Jere                        26.19           SK Pohjant\u00e4hti 1 <\/span>\r\n\r\n<\/pre>\n<h3 id=\"4\">H120-<\/h3>\n<p><b>1. Osuus Vaihto 4,5km<\/b><\/p>\n<pre><span style=\"background: #f4f4f4;\">   1. Heinikoski Kauko                     24.51           Koskelankyl\u00e4n Riento 1 <\/span>\r\n\r\n<\/pre>\n<p><b>2. Osuus Vaihto 4,6km<\/b><\/p>\n<pre><span style=\"background: #f4f4f4;\">   1. Rinta Toni                           27.56           Koskelankyl\u00e4n Riento 1 <\/span>\r\n\r\n<\/pre>\n<p><b>3. Osuus Vaihto 4,8km<\/b><\/p>\n<pre><span style=\"background: #f4f4f4;\">   1. Qvist Lasse                          29.43           Koskelankyl\u00e4n Riento 1 <\/span>\r\n\r\n<\/pre>\n<h3 id=\"5\">H150-<\/h3>\n<p><b>1. Osuus Vaihto 4,6km<\/b><\/p>\n<pre><span style=\"background: #f4f4f4;\">   1. Karppinen Mikko                      27.10           SK Pohjant\u00e4hti 3 <\/span>\r\n   2. V\u00e4liheikki Mikael                    30.00    +02.50 Laitasaaren Veto 1 \r\n<span style=\"background: #f4f4f4;\">   3. Halonen Vesa                         31.39    +04.29 SK Pohjant\u00e4hti 1 <\/span>\r\n   4. Rankinen Juho                        35.19    +08.09 Oulun Reipas 1  \r\n<span style=\"background: #f4f4f4;\">   5. Huuhka Kai                           35.29    +08.19 Kiimingin Urheilijat 2 <\/span>\r\n   6. Jurvakainen Mika                     37.22    +10.12 Kiimingin Urheilijat 1 \r\n<span style=\"background: #f4f4f4;\">   7. Holappa Hannu                        37.26    +10.16 Ylikiimingin Nuijamiehet 1 <\/span>\r\n   -  Liinamaa Olli                         Hyl.           SK Pohjant\u00e4hti 2 \r\n\r\n<\/pre>\n<p><b>2. Osuus Vaihto 4,6km<\/b><\/p>\n<pre><span style=\"background: #f4f4f4;\">   1. R\u00e4is\u00e4nen Kari                        28.58           Kiimingin Urheilijat 1 <\/span>\r\n   2. Karppinen Jouko                      30.00    +01.02 Laitasaaren Veto 1 \r\n<span style=\"background: #f4f4f4;\">   3. Holma Erkki                          31.06    +02.08 Oulun Reipas 1  <\/span>\r\n   4. Niemel\u00e4 Urpo                         31.08    +02.10 SK Pohjant\u00e4hti 2 \r\n<span style=\"background: #f4f4f4;\">   5. Kotila Harri                         34.10    +05.12 Ylikiimingin Nuijamiehet 1 <\/span>\r\n   6. Ahokoivu Hemmo                       34.26    +05.28 SK Pohjant\u00e4hti 3 \r\n<span style=\"background: #f4f4f4;\">   7. Fredriksson Kaj                      37.14    +08.16 SK Pohjant\u00e4hti 1 <\/span>\r\n   8. P\u00e4\u00e4kk\u00f6nen Jarmo                      45.05    +16.07 Kiimingin Urheilijat 2 \r\n\r\n<\/pre>\n<p><b>3. Osuus Vaihto 4,6km<\/b><\/p>\n<pre><span style=\"background: #f4f4f4;\">   1. Holappa Arto                         25.28           Ylikiimingin Nuijamiehet 1 <\/span>\r\n   2. M\u00e4ntyl\u00e4 Juha                         29.26    +03.58 Oulun Reipas 1  \r\n<span style=\"background: #f4f4f4;\">   3. Matilainen Kari                      30.54    +05.26 Kiimingin Urheilijat 1 <\/span>\r\n   4. Parkkinen Pekka                      31.10    +05.42 SK Pohjant\u00e4hti 1 \r\n<span style=\"background: #f4f4f4;\">   5. Isolahti Mika                        33.50    +08.22 SK Pohjant\u00e4hti 3 <\/span>\r\n   6. Lotvonen Kari                        40.56    +15.28 Laitasaaren Veto 1 \r\n<span style=\"background: #f4f4f4;\">   7. Schroderus Jari                                      SK Pohjant\u00e4hti 2 <\/span>\r\n   8. Pyky Ari                             55.02    +29.34 Kiimingin Urheilijat 2 \r\n\r\n<\/pre>\n<h3 id=\"6\">H180-<\/h3>\n<p><b>1. Osuus Vaihto 4,0km<\/b><\/p>\n<pre><span style=\"background: #f4f4f4;\">   1. Rantapelkonen Tuomo                  23.03           Oulun NMKY:n Urheilijat 1 <\/span>\r\n   2. Paananen Jarmo                       27.49    +04.46 Saloisten Reipas 1 \r\n<span style=\"background: #f4f4f4;\">   3. Hurskainen Pentti                    27.54    +04.51 Oulun Reipas 1  <\/span>\r\n   4. Salminen Jorma                       27.56    +04.53 Vaalan Karhu 1  \r\n<span style=\"background: #f4f4f4;\">   5. Paaso Jouko                          28.15    +05.12 Per\u00e4meren Rasti 1 <\/span>\r\n\r\n<\/pre>\n<p><b>2. Osuus Vaihto 4,0km<\/b><\/p>\n<pre><span style=\"background: #f4f4f4;\">   1. Laitinen Olli                        27.12           Per\u00e4meren Rasti 1 <\/span>\r\n   2. Tuohimaa Esko                        27.35    +00.23 Oulun NMKY:n Urheilijat 1 \r\n<span style=\"background: #f4f4f4;\">   3. Roivainen Jouko                      28.37    +01.25 Vaalan Karhu 1  <\/span>\r\n   4. Peltonen Aarne                       28.50    +01.38 Saloisten Reipas 1 \r\n<span style=\"background: #f4f4f4;\">   5. Myllymaa Kauko                       31.27    +04.15 Oulun Reipas 1  <\/span>\r\n\r\n<\/pre>\n<p><b>3. Osuus Vaihto 4,0km<\/b><\/p>\n<pre><span style=\"background: #f4f4f4;\">   1. Kemppainen Taisto                    23.31           Vaalan Karhu 1  <\/span>\r\n   2. Heikka Markku                        23.36    +00.05 Oulun NMKY:n Urheilijat 1 \r\n<span style=\"background: #f4f4f4;\">   3. Kela Marko                           25.29    +01.58 Oulun Reipas 1  <\/span>\r\n   4. Juntunen Olli                        27.53    +04.22 Per\u00e4meren Rasti 1 \r\n<span style=\"background: #f4f4f4;\">   5. Sivonen Urho                         32.29    +08.58 Saloisten Reipas 1 <\/span>\r\n\r\n<\/pre>\n<h3 id=\"7\">H210-<\/h3>\n<p><b>1. Osuus Vaihto 3,1km<\/b><\/p>\n<pre><span style=\"background: #f4f4f4;\">   1.  Kaipala Rauno                       20.59           SK Pohjant\u00e4hti 1 <\/span>\r\n   2. P\u00e4iv\u00e4rinta Matti                     23.21    +02.22 Kiimingin Urheilijat 1 \r\n<span style=\"background: #f4f4f4;\">   3. Peisa Paavo                          25.55    +04.56 Saloisten Reipas 2 <\/span>\r\n   4. Alalahti Jaakko                      28.54    +07.55 Oulun NMKY:n Urheilijat 1 \r\n<span style=\"background: #f4f4f4;\">   5. Kittil\u00e4 Olavi                        29.38    +08.39 Saloisten Reipas 1 <\/span>\r\n   6. Mattila Seppo                        37.09    +16.10 Koskelankyl\u00e4n Riento 1 \r\n\r\n<\/pre>\n<p><b>2. Osuus Vaihto 3,1km<\/b><\/p>\n<pre><span style=\"background: #f4f4f4;\">   1. Helanti Arvo                         26.37           Saloisten Reipas 2 <\/span>\r\n   2. Pelkonen Heimo                       27.30    +00.53 Kiimingin Urheilijat 1 \r\n<span style=\"background: #f4f4f4;\">   3. Myllyaho Markku                      27.35    +00.58 Saloisten Reipas 1 <\/span>\r\n   4. Veijovaara Jorma                     27.42    +01.05 SK Pohjant\u00e4hti 1 \r\n<span style=\"background: #f4f4f4;\">   5. Toropainen Pauli                     28.06    +01.29 Oulun NMKY:n Urheilijat 1 <\/span>\r\n   6. Qvist Eino                           31.06    +04.29 Koskelankyl\u00e4n Riento 1 \r\n\r\n<\/pre>\n<p><b>3. Osuus Vaihto 3,1km<\/b><\/p>\n<pre><span style=\"background: #f4f4f4;\">   1. Sevon Niilo                          22.00           Saloisten Reipas 1 <\/span>\r\n   2. Juutinen Hannu                       23.05    +01.05 SK Pohjant\u00e4hti 1 \r\n<span style=\"background: #f4f4f4;\">   3. Grekula Kalervo                      24.57    +02.57 Saloisten Reipas 2 <\/span>\r\n   4. Mikkonen Antero                      25.28    +03.28 Koskelankyl\u00e4n Riento 1 \r\n<span style=\"background: #f4f4f4;\">   5. Tapaninaho Kalevi                    25.40    +03.40 Oulun NMKY:n Urheilijat 1 <\/span>\r\n   6. Takkinen Esko                        30.07    +08.07 Kiimingin Urheilijat 1 \r\n\r\n<\/pre>\n<h3 id=\"8\">H10RR<\/h3>\n<p><b>1. Osuus <\/b><\/p>\n<pre><span style=\"background: #f4f4f4;\">   1. Jaatinen Janne                       15.57           Haukiputaan Heitto 1 <\/span>\r\n   2. Pyykk\u00f6 Tomi                          21.00    +05.03 Oulunsalon Vasama 1 \r\n<span style=\"background: #f4f4f4;\">   3. Sev\u00e4kivi Heikki                      31.52    +15.55 Laitasaaren Veto 1 <\/span>\r\n\r\n<\/pre>\n<p><b>2. Osuus <\/b><\/p>\n<pre><span style=\"background: #f4f4f4;\">   1. M\u00e4\u00e4tt\u00e4 Roope                         14.30           Laitasaaren Veto 1 <\/span>\r\n   2. Paatelma Eliel                       21.17    +06.47 Haukiputaan Heitto 1 \r\n<span style=\"background: #f4f4f4;\">   3. Paakolanvaara Kalle                  27.42    +13.12 Oulunsalon Vasama 1 <\/span>\r\n\r\n<\/pre>\n<p><b>3. Osuus <\/b><\/p>\n<pre><span style=\"background: #f4f4f4;\">   1. Matinlauri Miska                     18.34           Haukiputaan Heitto 1 <\/span>\r\n   2. Paakolanvaara Ilpo                   25.27    +06.53 Oulunsalon Vasama 1 \r\n\r\n<\/pre>\n<h3 id=\"9\">D21<\/h3>\n<p><b>1. Osuus Vaihto 6,4km<\/b><\/p>\n<pre><span style=\"background: #f4f4f4;\">   1. Laitinen Maria                       48.14           Ylikiimingin Nuijamiehet 1 <\/span>\r\n   2. Kes\u00e4l\u00e4 Niina                         50.43    +02.29 Laitasaaren Veto 1 \r\n<span style=\"background: #f4f4f4;\">   3. Sankelo Lotta                        51.08    +02.54 SK Pohjant\u00e4hti 1 <\/span>\r\n\r\n<\/pre>\n<p><b>2. Osuus Vaihto 6,4km<\/b><\/p>\n<pre><span style=\"background: #f4f4f4;\">   1. Turtinen Satu                        47.51           Ylikiimingin Nuijamiehet 1 <\/span>\r\n   2. Lotvonen Essi                        49.51    +02.00 Laitasaaren Veto 1 \r\n<span style=\"background: #f4f4f4;\">   3. Mattila Orvokki                      52.31    +04.40 SK Pohjant\u00e4hti 1 <\/span>\r\n\r\n<\/pre>\n<p><b>3. Osuus Vaihto 6,4km<\/b><\/p>\n<pre><span style=\"background: #f4f4f4;\">   1. Haataja Mirka                        49.34           Ylikiimingin Nuijamiehet 1 <\/span>\r\n   2. Liinamaa Ella                      1.03.57    +14.23 SK Pohjant\u00e4hti 1 \r\n\r\n<\/pre>\n<h3 id=\"10\">D40<\/h3>\n<p><b>1. Osuus Vaihto 2,5km<\/b><\/p>\n<pre><span style=\"background: #f4f4f4;\">   1. Anttila Minea                        15.44           SK Pohjant\u00e4hti 1 <\/span>\r\n   2. Matinlauri Mimosa                    24.21    +08.37 Haukiputaan Heitto 1 \r\n<span style=\"background: #f4f4f4;\">   3. Limingoja Senni                      35.37    +19.53 Oulunsalon Vasama 1 <\/span>\r\n\r\n<\/pre>\n<p><b>2. Osuus Vaihto 2,5km<\/b><\/p>\n<pre><span style=\"background: #f4f4f4;\">   1. Hemmi Mai                            19.27           SK Pohjant\u00e4hti 1 <\/span>\r\n   2. Nurmela Jatta                        29.59    +10.32 Haukiputaan Heitto 1 \r\n<span style=\"background: #f4f4f4;\">   3. Liisa Leskel\u00e4 Anni                   30.05    +10.38 Oulunsalon Vasama 1 <\/span>\r\n\r\n<\/pre>\n<p><b>3. Osuus Vaihto 2,5km<\/b><\/p>\n<pre><span style=\"background: #f4f4f4;\">   1. Simil\u00e4 Selina                        37.37           SK Pohjant\u00e4hti 1 <\/span>\r\n   2. P\u00e4kkil\u00e4 Veera                        52.35    +14.58 Haukiputaan Heitto 1 \r\n<span style=\"background: #f4f4f4;\">   -  Pekkarinen Tiia-Maria                Kesk.           Oulunsalon Vasama 1 <\/span>\r\n\r\n<\/pre>\n<h3 id=\"11\">D50<\/h3>\n<p><b>1. Osuus Vaihto 3,8km<\/b><\/p>\n<pre><span style=\"background: #f4f4f4;\">   1. Haapasalo Wilma                      27.05           SK Pohjant\u00e4hti 1 <\/span>\r\n\r\n<\/pre>\n<p><b>2. Osuus Vaihto 4,0km<\/b><\/p>\n<pre><span style=\"background: #f4f4f4;\">   1. Sankelo Emma                         34.42           SK Pohjant\u00e4hti 1 <\/span>\r\n\r\n<\/pre>\n<p><b>3. Osuus Vaihto 3,9km<\/b><\/p>\n<pre><span style=\"background: #f4f4f4;\">   1. Liinamaa Helmi                       46.29           SK Pohjant\u00e4hti 1 <\/span>\r\n\r\n<\/pre>\n<h3 id=\"12\">D90-<\/h3>\n<p><b>1. Osuus Vaihto 5,3km<\/b><\/p>\n<pre><span style=\"background: #f4f4f4;\">   1. Jussinniemi Janna-Lliina             54.24           Sinkki-Sepot 1  <\/span>\r\n   2. Lantto Henna                         56.44    +02.20 Koskelankyl\u00e4n Riento 1 \r\n\r\n<\/pre>\n<p><b>2. Osuus Vaihto 5,3km<\/b><\/p>\n<pre><span style=\"background: #f4f4f4;\">   1. T\u00f6rmikoski Tiina                     47.33           Sinkki-Sepot 1  <\/span>\r\n   2. Kotaniemi Sari                     1.04.58    +17.25 Koskelankyl\u00e4n Riento 1 \r\n\r\n<\/pre>\n<p><b>3. Osuus Vaihto 5,3km<\/b><\/p>\n<pre><span style=\"background: #f4f4f4;\">   1. Jussinniemi Seija                    55.03           Sinkki-Sepot 1  <\/span>\r\n   2. Palmi Sara                           59.38    +04.35 Koskelankyl\u00e4n Riento 1 \r\n\r\n<\/pre>\n<h3 id=\"13\">D120-<\/h3>\n<p><b>1. Osuus Vaihto 4,7km<\/b><\/p>\n<pre><span style=\"background: #f4f4f4;\">   1. Velema Riikka                        35.13           Saloisten Reipas 1 <\/span>\r\n\r\n<\/pre>\n<p><b>2. Osuus Vaihto 4,6km<\/b><\/p>\n<pre><span style=\"background: #f4f4f4;\">   1. H Kyr\u00f6l\u00e4inen Tarja                 1.09.47           Saloisten Reipas 1 <\/span>\r\n\r\n<\/pre>\n<p><b>3. Osuus Vaihto 4,7km<\/b><\/p>\n<pre><span style=\"background: #f4f4f4;\">   1. Kangas Hanna                         50.35           Saloisten Reipas 1 <\/span>\r\n\r\n<\/pre>\n<h3 id=\"14\">D10RR<\/h3>\n<p><b>1. Osuus <\/b><\/p>\n<pre><span style=\"background: #f4f4f4;\">   1. Rahja Julia                          14.10           Haukiputaan Heitto 1 <\/span>\r\n   2. Anttila Ilona                        15.00    +00.50 SK Pohjant\u00e4hti 1 \r\n<span style=\"background: #f4f4f4;\">   3. Moilanen Essi                        15.28    +01.18 Laitasaaren Veto 1 <\/span>\r\n   4. Alah\u00e4iv\u00e4l\u00e4 Silja                     15.36    +01.26 Pudasj\u00e4rven Urheilijat 1 \r\n<span style=\"background: #f4f4f4;\">   5. Moilanen Neea                        15.40    +01.30 Pudasj\u00e4rven Urheilijat 2 <\/span>\r\n   6. L\u00e4nsitie Pinja                       16.13    +02.03 Oulunsalon Vasama 1 \r\n<span style=\"background: #f4f4f4;\">   7. Hietaharju Siiri                     21.06    +06.56 Oulaisten Taru 1 <\/span>\r\n\r\n<\/pre>\n<p><b>2. Osuus <\/b><\/p>\n<pre><span style=\"background: #f4f4f4;\">   1. Simil\u00e4 Helmiina                      14.18           SK Pohjant\u00e4hti 1 <\/span>\r\n   2. V\u00e4is\u00e4nen Martta                      16.22    +02.04 Laitasaaren Veto 1 \r\n<span style=\"background: #f4f4f4;\">   3. P\u00e4kkil\u00e4 Venla                        18.09    +03.51 Haukiputaan Heitto 1 <\/span>\r\n   4. Hietaharju Miina                     24.18    +10.00 Oulaisten Taru 1 \r\n<span style=\"background: #f4f4f4;\">   5. Niskasaari Emilia                    24.47    +10.29 Pudasj\u00e4rven Urheilijat 2 <\/span>\r\n   6. Korhonen Siiri                       25.02    +10.44 Pudasj\u00e4rven Urheilijat 1 \r\n<span style=\"background: #f4f4f4;\">   7. M\u00e4ntymaa Anni                        30.07    +15.49 Oulunsalon Vasama 1 <\/span>\r\n\r\n<\/pre>\n<p><b>3. Osuus <\/b><\/p>\n<pre><span style=\"background: #f4f4f4;\">   1. M\u00e4k\u00e4r\u00e4inen Selma                     13.34           SK Pohjant\u00e4hti 1 <\/span>\r\n   2. Leino Venla                          18.09    +04.35 Pudasj\u00e4rven Urheilijat 2 \r\n<span style=\"background: #f4f4f4;\">   3. Hietaharju Fanni                     18.28    +04.54 Oulaisten Taru 1 <\/span>\r\n   4. Matinlauri Emilia                    23.14    +09.40 Haukiputaan Heitto 1 \r\n<span style=\"background: #f4f4f4;\">   5. Moilanen Mette                       23.22    +09.48 Pudasj\u00e4rven Urheilijat 1 <\/span>\r\n   6. Lydman Vilma                         24.07    +10.33 Laitasaaren Veto 1 \r\n<span style=\"background: #f4f4f4;\">   7. Limingoja Ella                       25.24    +11.50 Oulunsalon Vasama 1 <\/span>\r\n\r\n<\/pre>\n<h3 id=\"15\">D150<\/h3>\n<p><b>1. Osuus Vaihto 4,4km<\/b><\/p>\n<pre><span style=\"background: #f4f4f4;\">   1. Hokaj\u00e4rvi Raili                      36.06           SK Pohjant\u00e4hti 1 <\/span>\r\n   2. Kela Merja                           49.23    +13.17 Oulun Reipas 1  \r\n<span style=\"background: #f4f4f4;\">   3. Karjalainen Seija                    49.45    +13.39 Laitasaaren Veto 1 <\/span>\r\n\r\n<\/pre>\n<p><b>2. Osuus Vaihto 4,4km<\/b><\/p>\n<pre><span style=\"background: #f4f4f4;\">   1. Lotvonen Arja                        31.32           Laitasaaren Veto 1 <\/span>\r\n   2. Mattila Ulla                         49.46    +18.14 SK Pohjant\u00e4hti 1 \r\n<span style=\"background: #f4f4f4;\">   3. Myllymaa Pirkko                      53.22    +21.50 Oulun Reipas 1  <\/span>\r\n\r\n<\/pre>\n<p><b>3. Osuus Vaihto 4,4km<\/b><\/p>\n<pre><span style=\"background: #f4f4f4;\">   1. V\u00e4liheikki Susanna                   33.10           Laitasaaren Veto 1 <\/span>\r\n   2. Putkonen Lea                         43.14    +10.04 SK Pohjant\u00e4hti 1 \r\n<span style=\"background: #f4f4f4;\">   3. Kela Mirja                           47.17    +14.07 Oulun Reipas 1  <\/span>\r\n\r\n<\/pre>\n<h3 id=\"16\">Kunto<\/h3>\n<p><b>1. Osuus Vaihto 4,3km<\/b><\/p>\n<pre><span style=\"background: #f4f4f4;\">   1. Jaatinen Venla                       45.04           Haukiputaan Heitto 1 <\/span>\r\n   2. Ker\u00e4nen Leila                        52.45    +07.41 Harrastelijat 1 \r\n<span style=\"background: #f4f4f4;\">   3. H\u00e4rk\u00f6nen Sami                      1.34.09    +49.05 OuTa Kunto 1    <\/span>\r\n\r\n<\/pre>\n<p><b>2. Osuus Vaihto 4,3km<\/b><\/p>\n<pre><span style=\"background: #f4f4f4;\">   1. Neuvonen Jussi                       35.10           OuTa Kunto 1    <\/span>\r\n   2. P\u00e4kkil\u00e4 Suvi                       1.00.26    +25.16 Haukiputaan Heitto 1 \r\n<span style=\"background: #f4f4f4;\">   3. Ker\u00e4nen Katja                      1.04.36    +29.26 Harrastelijat 1 <\/span>\r\n\r\n<\/pre>\n<p><b>3. Osuus Vaihto 4,3km<\/b><\/p>\n<pre><span style=\"background: #f4f4f4;\">   1. Pesonen Orvokki                      41.15           Haukiputaan Heitto 1 <\/span>\r\n   2. Ker\u00e4nen Heino                        50.46    +09.31 Harrastelijat 1 \r\n<span style=\"background: #f4f4f4;\">   3. H\u00e4rk\u00f6nen Sami                        56.19    +15.04 OuTa Kunto 1    <\/span>\r\n\r\n<\/pre>\n<p>&nbsp;<\/p>\n<p>&nbsp;<\/p>\n","protected":false},"excerpt":{"rendered":"<p>Osuusajat &nbsp; P-P AM-viesti 14.8.2016 14.8.2016, Kisakangas, OsVa H21 H40 H50 H120- H150- H180- H210- H10RR D21 D40 D50 D90- D120- D10RR D150 Kunto H21 1. Osuus Vaihto 7,1km 1. Haapasalo Harri 40.16 SK Pohjant\u00e4hti 1 2. Peisa Panu 43.41 +03.25 Saloisten Reipas 1 3. Lammi Harri 54.53 +14.37 Saloisten Reipas 2 4. P\u00e4iv\u00e4rinta Juhani [&hellip;]<\/p>\n","protected":false},"author":9,"featured_media":0,"parent":692,"menu_order":0,"comment_status":"closed","ping_status":"closed","template":"","meta":{"footnotes":"","_links_to":"","_links_to_target":""},"class_list":["post-773","page","type-page","status-publish","hentry"],"_links":{"self":[{"href":"https:\/\/www.oulunsalonvasama.fi\/suunnistus\/wp-json\/wp\/v2\/pages\/773","targetHints":{"allow":["GET"]}}],"collection":[{"href":"https:\/\/www.oulunsalonvasama.fi\/suunnistus\/wp-json\/wp\/v2\/pages"}],"about":[{"href":"https:\/\/www.oulunsalonvasama.fi\/suunnistus\/wp-json\/wp\/v2\/types\/page"}],"author":[{"embeddable":true,"href":"https:\/\/www.oulunsalonvasama.fi\/suunnistus\/wp-json\/wp\/v2\/users\/9"}],"replies":[{"embeddable":true,"href":"https:\/\/www.oulunsalonvasama.fi\/suunnistus\/wp-json\/wp\/v2\/comments?post=773"}],"version-history":[{"count":4,"href":"https:\/\/www.oulunsalonvasama.fi\/suunnistus\/wp-json\/wp\/v2\/pages\/773\/revisions"}],"predecessor-version":[{"id":792,"href":"https:\/\/www.oulunsalonvasama.fi\/suunnistus\/wp-json\/wp\/v2\/pages\/773\/revisions\/792"}],"up":[{"embeddable":true,"href":"https:\/\/www.oulunsalonvasama.fi\/suunnistus\/wp-json\/wp\/v2\/pages\/692"}],"wp:attachment":[{"href":"https:\/\/www.oulunsalonvasama.fi\/suunnistus\/wp-json\/wp\/v2\/media?parent=773"}],"curies":[{"name":"wp","href":"https:\/\/api.w.org\/{rel}","templated":true}]}}