{"id":728,"date":"2016-08-11T07:06:34","date_gmt":"2016-08-11T07:06:34","guid":{"rendered":"http:\/\/www.oulunsalonvasama.fi\/suunnistus\/?page_id=728"},"modified":"2016-08-13T05:31:20","modified_gmt":"2016-08-13T05:31:20","slug":"lahtoluettelot-sunnuntai","status":"publish","type":"page","link":"https:\/\/www.oulunsalonvasama.fi\/suunnistus\/arkisto\/2016-2\/am-2016\/lahtoluettelot-sunnuntai\/","title":{"rendered":"L\u00e4ht\u00f6luettelo sunnuntai"},"content":{"rendered":"<h1><span class=\"monospace\">L\u00e4ht\u00f6luettelot sunnuntai<\/span><\/h1>\n<p>&nbsp;<\/p>\n<table>\n<tbody>\n<tr>\n<td colspan=\"1\"><\/td>\n<\/tr>\n<\/tbody>\n<\/table>\n<h2 id=\"0\">H21<\/h2>\n<pre>l\u00e4ht\u00f6aika: 12:00:00\r\n\r\n1    Kiimingin Urheilijat 1                                      \r\n     Harri R\u00e4is\u00e4nen, 214731                                      \r\n     Markku J\u00e4rvi, 0                                             \r\n     Juhani P\u00e4iv\u00e4rinta, 192839                                   \r\n4    Saloisten Reipas 1                                          \r\n     Panu Peisa, 190723                                          \r\n     Sami Karvonen, 194048                                       \r\n     Samuel Korhonen, 221442                                     \r\n3    Saloisten Reipas 2                                          \r\n     Harri Lammi, 192011                                         \r\n     Miska Kuusikko, 190424                                      \r\n     Marko Kuusikko, 181641                                      \r\n2    SK Pohjant\u00e4hti 1                                            \r\n     Harri Haapasalo, 173739                                     \r\n     Santeri Schroderus, 171996                                  \r\n     Niko Nissinen, 222230                                       \r\n<\/pre>\n<h2 id=\"1\">H40<\/h2>\n<pre>l\u00e4ht\u00f6aika: 11:00:00\r\n\r\n39   Oulunsalon Vasama 1                                         \r\n     Atte Rahikkala, 205072                                      \r\n     Emil Takalo, 156276                                         \r\n     Heidi Alitalo, 154135                                       \r\n40   SK Pohjant\u00e4hti 1                                            \r\n     Sakari Ukkola, 500864                                       \r\n     Juuso Kinnunen, 228768                                      \r\n     Severi Simil\u00e4, 180348                                       \r\n<\/pre>\n<h2 id=\"2\">H50<\/h2>\n<pre>l\u00e4ht\u00f6aika: 11:00:00\r\n\r\n0    SK Pohjant\u00e4hti 1                                            \r\n     Roope P\u00f6yry, 182697                                         \r\n     Benjamin Heikka, 166681                                     \r\n     Jere Nissinen, 182716                                       \r\n<\/pre>\n<h2 id=\"3\">H120-<\/h2>\n<pre>l\u00e4ht\u00f6aika: 12:00:00\r\n\r\n13   Koskelankyl\u00e4n Riento 1                                      \r\n     Vacant, 0                                                   \r\n     Vacant, 0                                                   \r\n     Vacant, 0                                                   \r\n<\/pre>\n<h2 id=\"4\">H150-<\/h2>\n<pre>l\u00e4ht\u00f6aika: 12:00:00\r\n\r\n15   Kiimingin Urheilijat 1                                      \r\n     Mika Jurvakainen, 54255                                     \r\n     Kari R\u00e4is\u00e4nen, 96075                                        \r\n     Kari Matilainen, 0                                          \r\n14   Kiimingin Urheilijat 2                                      \r\n     Kai Huuhka, 82274                                           \r\n     Jarmo P\u00e4\u00e4kk\u00f6nen, 116988                                     \r\n     Ari Pyky, 124331                                            \r\n16   Laitasaaren Veto 1                                          \r\n     Vacant, 0                                                   \r\n     Vacant, 0                                                   \r\n     Vacant, 0                                                   \r\n17   Oulun Reipas 1                                              \r\n     Juho Rankinen, 172160                                       \r\n     Erkki Holma, 195259                                         \r\n     Juha M\u00e4ntyl\u00e4, 188678                                        \r\n18   SK Pohjant\u00e4hti 1                                            \r\n     Vesa Halonen, 175670                                        \r\n     Kaj Fredriksson, 130358                                     \r\n     Pekka Parkkinen, 207052                                     \r\n19   SK Pohjant\u00e4hti 2                                            \r\n     Jarmo Haapasalo, 169845                                     \r\n     Olli Liinamaa, 83881                                        \r\n     Urpo Niemel\u00e4, 231130                                        \r\n38   SK Pohjant\u00e4hti 3                                            \r\n     Mikko Karppinen, 488087                                     \r\n     Hemmo Ahokoivu, 150750                                      \r\n     Mika Isolahti, 116946                                       \r\n20   Ylikiimingin Nuijamiehet 1                                  \r\n     Hannu Holappa, 54545                                        \r\n     Harri Kotila, 110514                                        \r\n     Arto Holappa, 49860                                         \r\n<\/pre>\n<h2 id=\"5\">H180-<\/h2>\n<pre>l\u00e4ht\u00f6aika: 12:00:00\r\n\r\n24   Oulun NMKY:n Urheilijat 1                                   \r\n     Tuomo Rantapelkonen, 49414                                  \r\n     Esko Tuohimaa, 49424                                        \r\n     Markku Heikka, 54541                                        \r\n25   Oulun Reipas 1                                              \r\n     Pentti Hurskainen, 191113                                   \r\n     Kauko Myllymaa, 401088                                      \r\n     Marko Kela, 170802                                          \r\n26   Per\u00e4meren Rasti 1                                           \r\n     Jouko Paaso, 49731                                          \r\n     Olli Laitinen, 103955                                       \r\n     Olli Juntunen, 51689                                        \r\n27   Saloisten Reipas 1                                          \r\n     Jarmo Paananen, 128728                                      \r\n     Aarne Peltonen, 204979                                      \r\n     Urho Sivonen, 49730                                         \r\n28   Vaalan Karhu 1                                              \r\n     Jorma Salminen, 181183                                      \r\n     Jouko Roivainen, 125540                                     \r\n     Taisto Kemppainen, 402931                                   \r\n<\/pre>\n<h2 id=\"6\">H210-<\/h2>\n<pre>l\u00e4ht\u00f6aika: 12:00:00\r\n\r\n30   Kiimingin Urheilijat 1                                      \r\n     Matti P\u00e4iv\u00e4rinta, 186789                                    \r\n     Heimo Pelkonen, 70121                                       \r\n     Esko Takkinen, 48725                                        \r\n31   Koskelankyl\u00e4n Riento 1                                      \r\n     Seppo Mattila, 198287                                       \r\n     Eino Qvist, 51962                                           \r\n     Antero Mikkonen, 51965                                      \r\n32   Oulun NMKY:n Urheilijat 1                                   \r\n     Kalle M\u00e4nnikk\u00f6, 53890                                       \r\n     Pauli Toropainen, 54657                                     \r\n     Kalevi Tapaninaho, 172827                                   \r\n33   Saloisten Reipas 1                                          \r\n     Olavi Kittil\u00e4, 407157                                       \r\n     Markku Myllyaho, 83977                                      \r\n     Niilo Sevon, 49741                                          \r\n34   Saloisten Reipas 2                                          \r\n     Paavo Peisa, 49738                                          \r\n     Arvo Helanti, 83974                                         \r\n     Kalervo Grekula, 229812                                     \r\n35   SK Pohjant\u00e4hti 1                                            \r\n     Rauno  Kaipala, 220964                                      \r\n     Jorma Veijovaara, 149158                                    \r\n     Hannu Juutinen, 183605                                      \r\n<\/pre>\n<h2 id=\"7\">H10RR<\/h2>\n<pre>l\u00e4ht\u00f6aika: 11:00:00\r\n\r\n44   Haukiputaan Heitto 1                                        \r\n     Janne Jaatinen, 152534                                      \r\n     Akseli Joukainen, 229285                                    \r\n     Miska Matinlauri, 229168                                    \r\n45   Laitasaaren Veto 1                                          \r\n     Heikki Sev\u00e4kivi, 0                                          \r\n     Akseli Hyv\u00e4rinen, 0                                         \r\n     Vilma Lydman, 0                                             \r\n46   Oulunsalon Vasama 1                                         \r\n     Vacant, 0                                                   \r\n     Vacant, 0                                                   \r\n     Vacant, 0                                                   \r\n<\/pre>\n<h2 id=\"8\">D21<\/h2>\n<pre>l\u00e4ht\u00f6aika: 12:00:00\r\n\r\n5    Laitasaaren Veto 1                                          \r\n     Vacant, 0                                                   \r\n     Vacant, 0                                                   \r\n     Vacant, 0                                                   \r\n6    SK Pohjant\u00e4hti 1                                            \r\n     Henriikka Haapasalo, 195152                                 \r\n     Lotta Sankelo, 153031                                       \r\n     Juliaana N\u00e4si, 413244                                       \r\n8    SK Pohjant\u00e4hti 2                                            \r\n     Orvokki Mattila, 191414                                     \r\n     Ella Liinamaa, 142251                                       \r\n     Katharina Palmer, 203076                                    \r\n7    Ylikiimingin Nuijamiehet 1                                  \r\n     Maria Laitinen, 172830                                      \r\n     Satu Turtinen, 112070                                       \r\n     Mirka Haataja, 201143                                       \r\n<\/pre>\n<h2 id=\"9\">D40<\/h2>\n<pre>l\u00e4ht\u00f6aika: 11:00:00\r\n\r\n41   Haukiputaan Heitto 1                                        \r\n     Mimosa Matinlauri, 53802                                    \r\n     Jatta Nurmela, 128909                                       \r\n     Veera P\u00e4kkil\u00e4, 407138                                       \r\n42   Oulunsalon Vasama 1                                         \r\n     Senni Limingoja, 191863                                     \r\n     Anni Liisa Leskel\u00e4, 107208                                  \r\n     Tiia-Maria Pekkarinen, 52303                                \r\n43   SK Pohjant\u00e4hti 1                                            \r\n     Minea Anttila, 197572                                       \r\n     Mai Hemmi, 182964                                           \r\n     Selina Simil\u00e4, 191013                                       \r\n<\/pre>\n<h2 id=\"10\">D50<\/h2>\n<pre>l\u00e4ht\u00f6aika: 11:00:00\r\n\r\n0    SK Pohjant\u00e4hti 1                                            \r\n     Wilma Haapasalo, 159887                                     \r\n     Emma Sankelo, 169452                                        \r\n     Heidi Haapasalo, 154548                                     \r\n<\/pre>\n<h2 id=\"11\">D90-<\/h2>\n<pre>l\u00e4ht\u00f6aika: 12:00:00\r\n\r\n9    Koskelankyl\u00e4n Riento 1                                      \r\n     Henna Lantto, 51620                                         \r\n     Sari Kotaniemi, 217328                                      \r\n     Sara Palmi, 106940                                          \r\n10   Sinkki-Sepot 1                                              \r\n     Jannaliina Jussinniemi, 0                                   \r\n     Tiina T\u00f6rmikoski, 48735                                     \r\n     Seija Jussinniemi, 107196                                   \r\n11   SK Pohjant\u00e4hti 1                                            \r\n     Johanna Hankonen, 57786                                     \r\n     Mervi Holster-Hemmi, 49460                                  \r\n     Elina Sillanp\u00e4\u00e4, 411005                                     \r\n<\/pre>\n<h2 id=\"12\">D120-<\/h2>\n<pre>l\u00e4ht\u00f6aika: 12:00:00\r\n\r\n12   Saloisten Reipas 1                                          \r\n     Riikka Velema, 205421                                       \r\n     Tarja H Kyr\u00f6l\u00e4inen, 183998                                  \r\n     Hanna Kangas, 49723                                         \r\n<\/pre>\n<h2 id=\"13\">D10RR<\/h2>\n<pre>l\u00e4ht\u00f6aika: 11:00:00\r\n\r\n47   Haukiputaan Heitto 1                                        \r\n     Julia Rahja, 229165                                         \r\n     Venla P\u00e4kkil\u00e4, 218587                                       \r\n     Emilia Matinlauri, 128907                                   \r\n48   Laitasaaren Veto 1                                          \r\n     Essi Moilanen, 501754                                       \r\n     Martta V\u00e4is\u00e4nen, 230107                                     \r\n     Iida Hyv\u00e4rinen, 0                                           \r\n49   Oulaisten Taru 1                                            \r\n     Siiri Hietaharju, 107197                                    \r\n     Miina Hietaharju, 0                                         \r\n     Fanni Hietaharju, 49398                                     \r\n50   Oulunsalon Vasama 1                                         \r\n     Pinja L\u00e4nsitie, 208349                                      \r\n     Aino M\u00e4ntymaa, 230259                                       \r\n     Ella Limingoja, 213861                                      \r\n51   Pudasj\u00e4rven Urheilijat 1                                    \r\n     Silja Alah\u00e4iv\u00e4l\u00e4, 107136                                    \r\n     Siiri Korhonen, 107135                                      \r\n     Mette Moilanen, 205324                                      \r\n52   Pudasj\u00e4rven Urheilijat 2                                    \r\n     Neea Moilanen, 205323                                       \r\n     Emilia Niskasaari, 221573                                   \r\n     Venla Leino, 105325                                         \r\n53   SK Pohjant\u00e4hti 1                                            \r\n     Ilona Anttila, 58271                                        \r\n     Helmiina Simil\u00e4, 220524                                     \r\n     Selma M\u00e4k\u00e4r\u00e4inen, 48724                                     \r\n<\/pre>\n<h2 id=\"14\">D150<\/h2>\n<pre>l\u00e4ht\u00f6aika: 12:00:00\r\n\r\n21   Laitasaaren Veto 1                                          \r\n     Vacant, 0                                                   \r\n     Vacant, 0                                                   \r\n     Vacant, 0                                                   \r\n22   Oulun Reipas 1                                              \r\n     Merja Kela, 159275                                          \r\n     Pirkko Myllymaa, 214209                                     \r\n     Mirja Kela, 209173                                          \r\n23   SK Pohjant\u00e4hti 1                                            \r\n     Raili Hokaj\u00e4rvi, 226969                                     \r\n     Ulla Mattila, 169406                                        \r\n     Lea Putkonen, 70264                                         \r\n<\/pre>\n<h2 id=\"15\">Kunto<\/h2>\n<pre>l\u00e4ht\u00f6aika: 12:00:00\r\n\r\n54   Harrastelijat 1                                             \r\n     Leila Ker\u00e4nen, 49743                                        \r\n     Katja Ker\u00e4nen, 145961                                       \r\n     Heino Ker\u00e4nen, 112318                                       \r\n56   Haukiputaan Heitto 1                                        \r\n     Venla Jaatinen, 189358                                      \r\n     Suvi P\u00e4kkil\u00e4, 214294                                        \r\n     Orvokki Pesonen, 229166                                     \r\n55   OuTa Kunto 1                                                \r\n     Sami H\u00e4rk\u00f6nen, 153314                                       \r\n     Jussi Neuvonen, 156535                                      \r\n     Laura H\u00e4rk\u00f6nen, 153222                                      \r\n<\/pre>\n","protected":false},"excerpt":{"rendered":"<p>L\u00e4ht\u00f6luettelot sunnuntai &nbsp; H21 l\u00e4ht\u00f6aika: 12:00:00 1 Kiimingin Urheilijat 1 Harri R\u00e4is\u00e4nen, 214731 Markku J\u00e4rvi, 0 Juhani P\u00e4iv\u00e4rinta, 192839 4 Saloisten Reipas 1 Panu Peisa, 190723 Sami Karvonen, 194048 Samuel Korhonen, 221442 3 Saloisten Reipas 2 Harri Lammi, 192011 Miska Kuusikko, 190424 Marko Kuusikko, 181641 2 SK Pohjant\u00e4hti 1 Harri Haapasalo, 173739 Santeri Schroderus, 171996 [&hellip;]<\/p>\n","protected":false},"author":10,"featured_media":0,"parent":692,"menu_order":5,"comment_status":"closed","ping_status":"closed","template":"","meta":{"footnotes":"","_links_to":"","_links_to_target":""},"class_list":["post-728","page","type-page","status-publish","hentry"],"_links":{"self":[{"href":"https:\/\/www.oulunsalonvasama.fi\/suunnistus\/wp-json\/wp\/v2\/pages\/728","targetHints":{"allow":["GET"]}}],"collection":[{"href":"https:\/\/www.oulunsalonvasama.fi\/suunnistus\/wp-json\/wp\/v2\/pages"}],"about":[{"href":"https:\/\/www.oulunsalonvasama.fi\/suunnistus\/wp-json\/wp\/v2\/types\/page"}],"author":[{"embeddable":true,"href":"https:\/\/www.oulunsalonvasama.fi\/suunnistus\/wp-json\/wp\/v2\/users\/10"}],"replies":[{"embeddable":true,"href":"https:\/\/www.oulunsalonvasama.fi\/suunnistus\/wp-json\/wp\/v2\/comments?post=728"}],"version-history":[{"count":6,"href":"https:\/\/www.oulunsalonvasama.fi\/suunnistus\/wp-json\/wp\/v2\/pages\/728\/revisions"}],"predecessor-version":[{"id":756,"href":"https:\/\/www.oulunsalonvasama.fi\/suunnistus\/wp-json\/wp\/v2\/pages\/728\/revisions\/756"}],"up":[{"embeddable":true,"href":"https:\/\/www.oulunsalonvasama.fi\/suunnistus\/wp-json\/wp\/v2\/pages\/692"}],"wp:attachment":[{"href":"https:\/\/www.oulunsalonvasama.fi\/suunnistus\/wp-json\/wp\/v2\/media?parent=728"}],"curies":[{"name":"wp","href":"https:\/\/api.w.org\/{rel}","templated":true}]}}