{"id":726,"date":"2016-08-11T07:06:10","date_gmt":"2016-08-11T07:06:10","guid":{"rendered":"http:\/\/www.oulunsalonvasama.fi\/suunnistus\/?page_id=726"},"modified":"2016-08-13T05:31:12","modified_gmt":"2016-08-13T05:31:12","slug":"lahtoluettelot-lauantai","status":"publish","type":"page","link":"https:\/\/www.oulunsalonvasama.fi\/suunnistus\/arkisto\/2016-2\/am-2016\/lahtoluettelot-lauantai\/","title":{"rendered":"L\u00e4ht\u00f6luettelo lauantai"},"content":{"rendered":"<h1><span class=\"monospace\">L\u00e4ht\u00f6luettelot lauantai<\/span><\/h1>\n<h2 id=\"1\">L\u00e4ht\u00f6 1<\/h2>\n<pre>    13:00 D14        160  154548   Haapasalo Heidi                     Pohjant                             \r\n    13:00 D8RR       190  208349   L\u00e4nsitie Pinja                      OSVA                                \r\n\r\n    13:01 D12        176  182964   Hemmi Mai                           Pohjant                             \r\n    13:01 H8RR       109  138974 L Hyv\u00e4rinen Akseli                    LaiVe                               \r\n\r\n    13:02 D14        161  129962 L Kari Seela                          LaiVe                               \r\n    13:02 D8RR       191  128907   Matinlauri Emilia                   HaHe                                \r\n\r\n    13:03 D12        177  197572   Anttila Minea                       Pohjant                             \r\n    13:03 H8RR       110  129960 L Paakkolanvaara Ilpo                 OSVA                                \r\n\r\n    13:04 D14        162  191327   Viippola Venla                      OuTa                                \r\n    13:04 D8RR       192  230107   V\u00e4is\u00e4nen Martta                     LaiVe                               \r\n\r\n    13:05 H8RR       111  227696   Lehtola Eetu                        HaapavU                             \r\n    13:05 H14         93  180348   Simil\u00e4 Severi                       Pohjant                             \r\n\r\n    13:06 D8RR       193  107136   Alah\u00e4iv\u00e4l\u00e4 Silja                    PudU                                \r\n    13:06 D14        163  189659   Mutka Aino                          Pohjant                             \r\n\r\n    13:07 H14         94  205072   Rahikkala Atte                      OSVA                                \r\n    13:07 H8RR       112  110103 L Sev\u00e4kivi Heikki                     LaiVe                               \r\n\r\n    13:08 D14        164  179817   Loukusa Iina                        Iisu                                \r\n    13:08 D8RR       194  220524   Simil\u00e4 Helmiina                     Pohjant                             \r\n\r\n    13:09 H14         95  190424   Kuusikko Miska                      SalRe                               \r\n    13:09 H8RR       113  110232 L Paakkolanvaara Kalle                OSVA                                \r\n\r\n    13:10 D8RR       195  110336 L Hietaharju Miina                    OTaru                               \r\n    13:10 D14        165  216385   Riikola Riina                       YlikNM                              \r\n\r\n    13:11 H14         96  166681   Heikka Benjamin                     Pohjant                             \r\n    13:11 H10RR      104  205385   Parkkila Jesse                      Pohjant                             \r\n\r\n    13:12 D14        166  182808   Goman Maija                         VePo                                \r\n    13:12 D8RR       196  229266   Saari Amanda                        HaHe                                \r\n\r\n    13:13 H10RR      105  110234 L Ervasti Hannes                      KEV                                 \r\n    13:13 H14         97  156276   Takalo Emil                         OSVA                                \r\n\r\n    13:14 D14        167  113579   Loukusa Anni                        Iisu                                \r\n    13:14 D8RR       197  221043   Parkkila Julia                      Pohjant                             \r\n\r\n    13:15 H10RR      106  152534   Jaatinen Janne                      HaHe                                \r\n    13:15 H14         98  152060   Matinlauri Kasperi                  HaHe                                \r\n\r\n    13:16 D14        168  121021 L Kari Reetta                         LaiVe                               \r\n    13:16 D8RR       198  227602   Lehtola Milja                       HaapavU                             \r\n\r\n    13:17 H10RR      107  218113   M\u00e4\u00e4tt\u00e4 Roope                        Pohjant                             \r\n    13:17 H14         99  500864   Ukkola Sakari                       Pohjant                             \r\n\r\n    13:18 H12        101  228768   Kinnunen Juuso                      Pohjant                             \r\n    13:18 D8RR       199  151122   M\u00e4ntymaa Anni                       OSVA                                \r\n\r\n    13:19 H10RR      108  202655   Pitk\u00e4nen Tuukka                     KEV                                 \r\n    13:19 D12TR      169  191013   Simil\u00e4 Selina                       Pohjant                             \r\n\r\n    13:20 D8RR       200   58271   Anttila Ilona                       Pohjant                             \r\n    13:20 H12        102   98235   Niemel\u00e4 Paavo                       Iisu                                \r\n\r\n    13:21 D12TR      170   53802   Matinlauri Mimosa                   HaHe                                \r\n\r\n    13:22 H12        103   93392   Kinnunen Antti                      Pohjant                             \r\n    13:22 D8RR       201  110115 L Lydman Vilma                        LaiVe                               \r\n\r\n    13:23 D12TR      171  193260   Holappa Pilvi-Maria                 YlikNM                              \r\n\r\n    13:24 H12TR      100  229285   Rahja Joona                         HaHe                                \r\n    13:24 D10RR      178  202700   Saari Annalotta                     HaHe                                \r\n\r\n    13:25 D12TR      172  202622   Pitk\u00e4nen Anni                       KEV                                 \r\n\r\n    13:26 D10RR      179   49398   Hietaharju Fanni                    OTaru                               \r\n\r\n    13:27 D12TR      173  107197   Hietaharju Siiri                    OTaru                               \r\n\r\n    13:28 D10RR      180  227694   Lehtola Maiju                       HaapavU                             \r\n\r\n    13:29 D12TR      174  191863   Limingoja Senni                     OSVA                                \r\n\r\n    13:30 D10RR      181  229165   Rahja Julia                         HaHe                                \r\n    13:30 H85         84   49431   Rajavaara Juhani                    PudU                                \r\n\r\n    13:31 D12TR      175  407138   P\u00e4kkil\u00e4 Veera                       HaHe                                \r\n\r\n    13:32 D10RR      182  228014   Kuusikko Kiia                       SalRe                               \r\n    13:32 H85         85  172251   Vartiainen Sulo                     KiimU                               \r\n\r\n    13:33 H80         83   56584   Hanhela Pentti                      KiimU                               \r\n\r\n    13:34 H85         86   49377   J\u00e4ppinen Ky\u00f6sti                     Iisu                                \r\n    13:34 D10RR      183   48724   M\u00e4k\u00e4r\u00e4inen Selma                    Pohjant                             \r\n\r\n    13:35 D70        144   51080   Nikula Irma                         OuTa                                \r\n\r\n    13:36 D10RR      184  205323   Moilanen Neea                       PudU                                \r\n\r\n    13:37 D70        145   49361   Hankonen Anna-Liisa                 Iisu                                \r\n\r\n    13:38 D10RR      185  501754   Moilanen Essi                       LaiVe                               \r\n\r\n\r\n13:39-\r\n\r\n    13:40 D10RR      186  197564   Goman Matleena                      VePo                                \r\n\r\n\r\n13:41-\r\n\r\n    13:42 D10RR      187  105325   Leino Venla                         PudU                                \r\n\r\n\r\n13:43-\r\n\r\n    13:44 D10RR      188  110124 L Hyv\u00e4rinen Iida                      LaiVe                               \r\n\r\n\r\n13:45-\r\n\r\n    13:46 D10RR      189  218587   P\u00e4kkil\u00e4 Venla                       HaHe                                \r\n<\/pre>\n<h2 id=\"2\">L\u00e4ht\u00f6 2<\/h2>\n<pre>    13:00 D20        146  230103   Riikola Henna-Maria                 YlikNM                              \r\n    13:00 H21          1  197525   Sepp\u00e4nen Mika                       VaKa                                \r\n\r\n    13:01 D18        148  152059   Hiltunen Anna                       YlikNM                              \r\n    13:01 H35         11   42559   Pitk\u00e4nen Harri                      KEV                                 \r\n\r\n    13:02 D20        147  182993   Impi\u00f6 Tiia                          VePo                                \r\n    13:02 H21          2  171996   Schroderus Santeri                  Pohjant                             \r\n\r\n    13:03 H18         89  153314   H\u00e4rk\u00f6nen Sami                       OuTa                                \r\n    13:03 D18        149  142251   Liinamaa Ella                       Pohjant                             \r\n\r\n    13:04 H40         12  147399   Heinikoski Kauko                    KoskRi                              \r\n    13:04 H21          3  221741   Hietala Perttu                      PelPo                               \r\n\r\n    13:05 D18        150   48540   Ervasti Siiri                       KEV                                 \r\n    13:05 H45         16  169845   Haapasalo Jarmo                     Pohjant                             \r\n\r\n    13:06 H40         13  488087   Karppinen Mikko                     Pohjant                             \r\n    13:06 H21          4  216169   Lehtola Mika                        HaapavU                             \r\n\r\n    13:07 D60        137   89378   Karstunen Rauni                     HaapavU                             \r\n    13:07 H45         17  170802   Kela Marko                          OulRe                               \r\n\r\n    13:08 H21          5   91819   K\u00f6ssi Santeri                       Pohjant                             \r\n    13:08 H40         14  190723   Peisa Panu                          SalRe                               \r\n\r\n    13:09 D60        138  169188   Karjalainen Seija                   LaiVe                               \r\n    13:09 H45         18  159431   Loukusa Markku                      Iisu                                \r\n\r\n    13:10 H21          6  136765   Koljonen Jouni                      VaKa                                \r\n    13:10 H40         15  189988   Rinta Toni                          KoskRi                              \r\n\r\n    13:11 D55        134   55786   Jokela Riitta                       YlikNM                              \r\n    13:11 H45         19   83881   Liinamaa Olli                       Pohjant                             \r\n\r\n    13:12 H21          7  173739   Haapasalo Harri                     Pohjant                             \r\n    13:12 H60         39  500693   Pihlajaniemi Pekka                  SalRe                               \r\n\r\n    13:13 H45         20   54255   Jurvakainen Mika                    KiimU                               \r\n    13:13 D55        135  107196   Jussinniemi Seija                   SiSe                                \r\n\r\n    13:14 H21          8  192839   P\u00e4iv\u00e4rinta Juhani                   KiimU                               \r\n    13:14 H60         40   49437   Suorsa Matti                        PudU                                \r\n\r\n    13:15 H45         21  181641   Kuusikko Marko                      SalRe                               \r\n    13:15 D55        136  214209   Myllymaa Pirkko                     OulRe                               \r\n\r\n    13:16 H60         41  217427   Karstunen Hannu                     HaapavU                             \r\n    13:16 H21          9  114293   Ker\u00e4nen Teemu                       KaSu                                \r\n\r\n    13:17 H45         22  130358   Fredriksson Kaj                     Pohjant                             \r\n    13:17 H16         90  182697   P\u00f6yry Roope                         Pohjant                             \r\n\r\n    13:18 H60         42  141179   Grekel\u00e4 Antti                       HaHe                                \r\n    13:18 H21         10  222230   Nissinen Niko                       Pohjant                             \r\n\r\n    13:19 H16         91   74990   Hiltunen Juho                       ONMKY                               \r\n    13:19 H45         23  116988   P\u00e4\u00e4kk\u00f6nen Jarmo                     KiimU                               \r\n\r\n    13:20 H60         43   57646   Kaasinen Aulis                      Pohjant                             \r\n    13:20 D50        130   49449   Kosamo Maire                        PudU                                \r\n\r\n    13:21 H45         24  192011   Lammi Harri                         SalRe                               \r\n    13:21 H16         92  182716   Nissinen Jere                       Pohjant                             \r\n\r\n    13:22 H60         44  193240   Hautala Matti                       ONMKY                               \r\n    13:22 D50        131   57502   Lotvonen Arja                       LaiVe                               \r\n\r\n    13:23 H45         25  189768   Savolainen Jouni                    Pohjant                             \r\n\r\n    13:24 D50        132  226969   Hokaj\u00e4rvi Raili                     Pohjant                             \r\n    13:24 H60         45   51689   Juntunen Olli                       PeRa                                \r\n\r\n    13:25 D16        151  214294   P\u00e4kkil\u00e4 Suvi                        HaHe                                \r\n\r\n    13:26 H60         46  150750   Ahokoivu Hemmo                      Pohjant                             \r\n    13:26 D50        133  216314   Riikola Sirpa                       YlikNM                              \r\n\r\n    13:27 D16        152  153222   H\u00e4rk\u00f6nen Laura                      Pohjant                             \r\n    13:27 D40        120  112070   Turtinen Satu                       YlikNM                              \r\n\r\n    13:28 D45        127  205318   Alah\u00e4iv\u00e4l\u00e4 Kirsi                    PudU                                \r\n    13:28 D65        139  169406   Mattila Ulla                        Pohjant                             \r\n    13:28 H60         47  186789   P\u00e4iv\u00e4rinta Matti                    KiimU                               \r\n\r\n    13:29 D16        153  208539   Lehto Oona                          LaiVe                               \r\n    13:29 D40        121  411005   Sillanp\u00e4\u00e4 Elina                     Pohjant                             \r\n\r\n    13:30 D45        128  229166   Pesonen Orvokki                     HaHe                                \r\n    13:30 D65        140   49393   Rajaniemi Anneli                    OTaru                               \r\n    13:30 H60         48   49415   Tervo Arhi                          ONMKY                               \r\n\r\n    13:31 D16        154  146033   Holappa Suvi-Tuulia                 YlikNM                              \r\n    13:31 D40        122  205421   Velema Riikka                       SalRe                               \r\n\r\n    13:32 H60         49   64067   Haapasalo Pertti                    Pohjant                             \r\n    13:32 D65        141  411129   Hautala Tuula                       ONMKY                               \r\n    13:32 D45        129  201938   Laurila Sari                        SalRe                               \r\n\r\n    13:33 D40        123  142752   Goman Annukka                       VePo                                \r\n    13:33 D16        155  189358   Jaatinen Venla                      HaHe                                \r\n\r\n    13:34 H60         50  110514   Kotila Harri                        YlikNM                              \r\n    13:34 D65        142   70264   Putkonen Lea                        Pohjant                             \r\n    13:34 H65         54   49424   Tuohimaa Esko                       ONMKY                               \r\n\r\n    13:35 D16        156  159887   Haapasalo Wilma                     Pohjant                             \r\n    13:35 D40        124   57786   Hankonen Johanna                    Pohjant                             \r\n\r\n    13:36 H60         51   54541   Heikka Markku                       ONMKY                               \r\n    13:36 H65         55  191113   Hurskainen Pentti                   OulRe                               \r\n    13:36 D65        143  209173   Kela Mirja                          OulRe                               \r\n\r\n    13:37 D40        125  159275   Kela Merja                          OulRe                               \r\n    13:37 D16        157  230359   Riikola Roosa                       YlikNM                              \r\n\r\n    13:38 H65         56   93833   Kinnunen Raimo                      Pohjant                             \r\n    13:38 H75         77   53890   M\u00e4nnikk\u00f6 Kalle                      ONMKY                               \r\n    13:38 H60         52   49731   Paaso Jouko                         PeRa                                \r\n\r\n    13:39 D16        158  146289   Goman Anna                          VePo                                \r\n    13:39 D40        126   54186   Klasila Satu                        PeRa                                \r\n\r\n    13:40 H65         57  172827   Tapaninaho Kalevi                   ONMKY                               \r\n    13:40 H75         78  149158   Veijovaara Jorma                    Pohjant                             \r\n    13:40 H60         53  400805   Vilminko Pauli                      SiSe                                \r\n\r\n    13:41 H20         87  180874   Inget Juha-Matti                    PudU                                \r\n    13:41 D16        159  153031   Sankelo Lotta                       Pohjant                             \r\n\r\n    13:42 H65         58  401088   Myllymaa Kauko                      OulRe                               \r\n    13:42 H75         79   70121   Pelkonen Heimo                      KiimU                               \r\n\r\n    13:43 H20         88  166686   Ervasti Samuli                      KEV                                 \r\n    13:43 D35        119  202910   Huotari Sari                        Pohjant                             \r\n\r\n    13:44 H65         59  402931   Kemppainen Taisto                   VaKa                                \r\n    13:44 H75         80   51081   Nikula Reino                        OuTa                                \r\n\r\n    13:45 D21        114  195152   Haapasalo Henriikka                 Pohjant                             \r\n    13:45 H50         26  195259   Holma Erkki                         OulRe                               \r\n\r\n    13:46 H75         81  407157   Kittil\u00e4 Olavi                       SalRe                               \r\n    13:46 H65         60   55025   Puurunen Jorma                      ONMKY                               \r\n\r\n    13:47 D21        115   81864   Lotvonen Essi                       LaiVe                               \r\n    13:47 H50         27   49414   Rantapelkonen Tuomo                 ONMKY                               \r\n\r\n    13:48 H65         61   49730   Sivonen Urho                        SalRe                               \r\n    13:48 H75         82   48725   Takkinen Esko                       KiimU                               \r\n\r\n    13:49 D21        116  191414   Mattila Orvokki                     Pohjant                             \r\n    13:49 H50         28  156535   Neuvonen Jussi                      OuTa                                \r\n\r\n    13:50 H65         62  154775   Heinikoski Kalevi                   KoskRi                              \r\n\r\n    13:51 H50         29   82837   Ervasti Hannu                       KEV                                 \r\n    13:51 D21        117  172830   Laitinen Maria                      YlikNM                              \r\n\r\n    13:52 H65         63  183605   Juutinen Hannu                      Pohjant                             \r\n\r\n    13:53 H50         30   82274   Huuhka Kai                          KiimU                               \r\n    13:53 D21        118  413244   N\u00e4si Juliaana                       Pohjant                             \r\n\r\n    13:54 H70         70  220964   Kaipala Rauno                       Pohjant                             \r\n    13:54 H65         64  125540   Roivainen Jouko                     VaKa                                \r\n\r\n    13:55 H55         31  231130   Niemel\u00e4 Urpo                        Pohjant                             \r\n\r\n    13:56 H70         71  181183   Salminen Jorma                      VaKa                                \r\n    13:56 H65         65   49741   Sevon Niilo                         SalRe                               \r\n\r\n    13:57 H55         32  128728   Paananen Jarmo                      SalRe                               \r\n\r\n    13:58 H70         72  229812   Grekula Kalervo                     SalRe                               \r\n    13:58 H65         66  159180   Juola Eero                          KoS                                 \r\n\r\n    13:59 H55         33  194015   Sepp\u00e4nen Ilpo                       VaKa                                \r\n\r\n    14:00 H65         67  103955   Laitinen Olli                       PeRa                                \r\n    14:00 H70         73   51965   Mikkonen Antero                     KoskRi                              \r\n\r\n    14:01 H55         34   82068   Lotvonen Kari                       LaiVe                               \r\n\r\n    14:02 H65         68  189258   Liedes Sakari                       Iisu                                \r\n    14:02 H70         74   54539   Pelkonen Toivo                      YlikNM                              \r\n\r\n    14:03 H55         35   50825   Jussila Raimo                       HaapavU                             \r\n\r\n    14:04 H70         75  146111   Pietil\u00e4inen Erkki                   PeRa                                \r\n    14:04 H65         69   54657   Toropainen Pauli                    ONMKY                               \r\n\r\n    14:05 H55         36  172160   Rankinen Juho                       OulRe                               \r\n\r\n    14:06 H70         76  198287   Mattila Seppo                       KoskRi                              \r\n\r\n    14:07 H55         37   90424   Karppinen Jouko                     LaiVe                               \r\n\r\n\r\n14:08-\r\n\r\n    14:09 H55         38  207052   Parkkinen Pekka                     Pohjant<\/pre>\n","protected":false},"excerpt":{"rendered":"<p>L\u00e4ht\u00f6luettelot lauantai L\u00e4ht\u00f6 1 13:00 D14 160 154548 Haapasalo Heidi Pohjant 13:00 D8RR 190 208349 L\u00e4nsitie Pinja OSVA 13:01 D12 176 182964 Hemmi Mai Pohjant 13:01 H8RR 109 138974 L Hyv\u00e4rinen Akseli LaiVe 13:02 D14 161 129962 L Kari Seela LaiVe 13:02 D8RR 191 128907 Matinlauri Emilia HaHe 13:03 D12 177 197572 Anttila Minea Pohjant [&hellip;]<\/p>\n","protected":false},"author":10,"featured_media":0,"parent":692,"menu_order":3,"comment_status":"closed","ping_status":"closed","template":"","meta":{"footnotes":"","_links_to":"","_links_to_target":""},"class_list":["post-726","page","type-page","status-publish","hentry"],"_links":{"self":[{"href":"https:\/\/www.oulunsalonvasama.fi\/suunnistus\/wp-json\/wp\/v2\/pages\/726","targetHints":{"allow":["GET"]}}],"collection":[{"href":"https:\/\/www.oulunsalonvasama.fi\/suunnistus\/wp-json\/wp\/v2\/pages"}],"about":[{"href":"https:\/\/www.oulunsalonvasama.fi\/suunnistus\/wp-json\/wp\/v2\/types\/page"}],"author":[{"embeddable":true,"href":"https:\/\/www.oulunsalonvasama.fi\/suunnistus\/wp-json\/wp\/v2\/users\/10"}],"replies":[{"embeddable":true,"href":"https:\/\/www.oulunsalonvasama.fi\/suunnistus\/wp-json\/wp\/v2\/comments?post=726"}],"version-history":[{"count":5,"href":"https:\/\/www.oulunsalonvasama.fi\/suunnistus\/wp-json\/wp\/v2\/pages\/726\/revisions"}],"predecessor-version":[{"id":755,"href":"https:\/\/www.oulunsalonvasama.fi\/suunnistus\/wp-json\/wp\/v2\/pages\/726\/revisions\/755"}],"up":[{"embeddable":true,"href":"https:\/\/www.oulunsalonvasama.fi\/suunnistus\/wp-json\/wp\/v2\/pages\/692"}],"wp:attachment":[{"href":"https:\/\/www.oulunsalonvasama.fi\/suunnistus\/wp-json\/wp\/v2\/media?parent=726"}],"curies":[{"name":"wp","href":"https:\/\/api.w.org\/{rel}","templated":true}]}}