{"id":722,"date":"2016-08-10T13:16:44","date_gmt":"2016-08-10T13:16:44","guid":{"rendered":"http:\/\/www.oulunsalonvasama.fi\/suunnistus\/?page_id=722"},"modified":"2016-08-14T15:57:27","modified_gmt":"2016-08-14T15:57:27","slug":"tulokset-sunnuntai","status":"publish","type":"page","link":"https:\/\/www.oulunsalonvasama.fi\/suunnistus\/arkisto\/2016-2\/am-2016\/tulokset-sunnuntai\/","title":{"rendered":"Tulokset sunnuntai"},"content":{"rendered":"<p><?xml version=\"1.0\" encoding=\"iso-8859-1\"?><br \/>\n<!DOCTYPE html PUBLIC \"-\/\/W3C\/\/DTD XHTML 1.0 Transitional\/\/EN\" \"http:\/\/www.w3.org\/TR\/xhtml1\/DTD\/xhtml1-transitional.dtd\"><br \/>\n<html xmlns=\"http:\/\/www.w3.org\/1999\/xhtml\" xml:lang=\"fi\" lang=\"fi\"><\/p>\n<p><head><br \/>\n<title>Lopputulokset<\/title><br \/>\n<meta http-equiv=\"Content-Type\" content=\"text\/html; charset=iso-8859-1\" \/><br \/>\n<meta name=\"author\" content=\"Oriento Solutions Oy\" \/><br \/>\n<meta name=\"generator\" content=\"EResults Pro 4.2.1.2016\" \/><br \/>\n<\/head><\/p>\n<p><body><\/p>\n<h2>P-P AM-viesti 14.8.2016 14.8.2016, Kisakangas, OsVa<\/h2>\n<p> <a href=\"#1\">H21<\/a>  <a href=\"#2\">H40<\/a>  <a href=\"#3\">H50<\/a>  <a href=\"#4\">H120-<\/a>  <a href=\"#5\">H150-<\/a>  <a href=\"#6\">H180-<\/a>  <a href=\"#7\">H210-<\/a>  <a href=\"#8\">H10RR<\/a>  <a href=\"#9\">D21<\/a>  <a href=\"#10\">D40<\/a>  <a href=\"#11\">D50<\/a>  <a href=\"#12\">D90-<\/a>  <a href=\"#13\">D120-<\/a>  <a href=\"#14\">D10RR<\/a>  <a href=\"#15\">D150<\/a>  <a href=\"#16\">Kunto<\/a> <\/p>\n<h3 id=\"1\">H21<\/h3>\n<pre>\r\n(7,1 + 7,1 + 7,1)\r\n\r\n<span style=\"background:#f4f4f4;\">   1.     2 SK Pohjant\u00e4hti 1                                               2.02.20           <\/span>\r\n            1 Harri Haapasalo                              40.16    1.       40.16        1. \r\n            2 Santeri Schroderus                           42.06    2.     1.22.22        1. \r\n            3 Niko Nissinen                                39.58    1.     2.02.20        1. \r\n<span style=\"background:#f4f4f4;\">   2.     4 Saloisten Reipas 1                                             2.28.02    +25.42 <\/span>\r\n            1 Panu Peisa                                   43.41    2.       43.41        2. \r\n            2 Sami Karvonen                                59.05    3.     1.42.46        3. \r\n            3 Samuel Korhonen                              45.16    2.     2.28.02        2. \r\n<span style=\"background:#f4f4f4;\">   3.     3 Saloisten Reipas 2                                             2.49.13    +46.53 <\/span>\r\n            1 Harri Lammi                                  54.53    3.       54.53        3. \r\n            2 Miska Kuusikko                             1.00.01    4.     1.54.54        4. \r\n            3 Marko Kuusikko                               54.19    3.     2.49.13        3. \r\n\r\n<\/pre>\n<h3 id=\"1\">H40<\/h3>\n<pre>\r\n(2,6 + 2,8 + 2,8)\r\n\r\n<span style=\"background:#f4f4f4;\">   1.    40 SK Pohjant\u00e4hti 1                                                 54.10           <\/span>\r\n            1 Sakari Ukkola                                15.29    1.       15.29        1. \r\n            2 Juuso Kinnunen                               19.57    2.       35.26        1. \r\n            3 Severi Simil\u00e4                                18.44    1.       54.10        1. \r\n<span style=\"background:#f4f4f4;\">   -     39 Oulunsalon Vasama 1                                               Hyl.           <\/span>\r\n            1 Atte Rahikkala                            Ei L\u00e4ht.                             \r\n            2 Emil Takalo                                  19.31    1.                       \r\n            3 Heidi Alitalo                                22.24    2.                       \r\n\r\n<\/pre>\n<h3 id=\"1\">H50<\/h3>\n<pre>\r\n(4,5 + 4,6 + 4,5)\r\n\r\n<span style=\"background:#f4f4f4;\">   1.    36 SK Pohjant\u00e4hti 1                                               1.46.29           <\/span>\r\n            1 Roope P\u00f6yry                                  37.46    1.       37.46        1. \r\n            2 Benjamin Heikka                              42.24    1.     1.20.10        1. \r\n            3 Jere Nissinen                                26.19    1.     1.46.29        1. \r\n\r\n<\/pre>\n<h3 id=\"1\">H120-<\/h3>\n<pre>\r\n(4,5 + 4,6 + 4,8)\r\n\r\n<span style=\"background:#f4f4f4;\">   1.    13 Koskelankyl\u00e4n Riento 1                                         1.22.30           <\/span>\r\n            1 Kauko Heinikoski                             24.51    1.       24.51        1. \r\n            2 Toni Rinta                                   27.56    1.       52.47        1. \r\n            3 Lasse Qvist                                  29.43    1.     1.22.30        1. \r\n\r\n<\/pre>\n<h3 id=\"1\">H150-<\/h3>\n<pre>\r\n(4,6 + 4,6 + 4,6)\r\n\r\n<span style=\"background:#f4f4f4;\">   1.    38 SK Pohjant\u00e4hti 3                                               1.35.26           <\/span>\r\n            1 Mikko Karppinen                              27.10    1.       27.10        1. \r\n            2 Hemmo Ahokoivu                               34.26    6.     1.01.36        2. \r\n            3 Mika Isolahti                                33.50    5.     1.35.26        1. \r\n<span style=\"background:#f4f4f4;\">   2.    17 Oulun Reipas 1                                                 1.35.51    +00.25 <\/span>\r\n            1 Juho Rankinen                                35.19    4.       35.19        4. \r\n            2 Erkki Holma                                  31.06    3.     1.06.25        4. \r\n            3 Juha M\u00e4ntyl\u00e4                                 29.26    2.     1.35.51        2. \r\n<span style=\"background:#f4f4f4;\">   3.    20 Ylikiimingin Nuijamiehet 1                                     1.37.04    +01.38 <\/span>\r\n            1 Hannu Holappa                                37.26    7.       37.26        7. \r\n            2 Harri Kotila                                 34.10    5.     1.11.36        6. \r\n            3 Arto Holappa                                 25.28    1.     1.37.04        3. \r\n<span style=\"background:#f4f4f4;\">   4.    15 Kiimingin Urheilijat 1                                         1.37.14    +01.48 <\/span>\r\n            1 Mika Jurvakainen                             37.22    6.       37.22        6. \r\n            2 Kari R\u00e4is\u00e4nen                                28.58    1.     1.06.20        3. \r\n            3 Kari Matilainen                              30.54    3.     1.37.14        4. \r\n<span style=\"background:#f4f4f4;\">   5.    18 SK Pohjant\u00e4hti 1                                               1.40.03    +04.37 <\/span>\r\n            1 Vesa Halonen                                 31.39    3.       31.39        3. \r\n            2 Kaj Fredriksson                              37.14    7.     1.08.53        5. \r\n            3 Pekka Parkkinen                              31.10    4.     1.40.03        5. \r\n<span style=\"background:#f4f4f4;\">   6.    16 Laitasaaren Veto 1                                             1.40.56    +05.30 <\/span>\r\n            1 Mikael V\u00e4liheikki                            30.00    2.       30.00        2. \r\n            2 Jouko Karppinen                              30.00    2.     1.00.00        1. \r\n            3 Kari Lotvonen                                40.56    6.     1.40.56        6. \r\n<span style=\"background:#f4f4f4;\">   7.    14 Kiimingin Urheilijat 2                                         2.15.36    +40.10 <\/span>\r\n            1 Kai Huuhka                                   35.29    5.       35.29        5. \r\n            2 Jarmo P\u00e4\u00e4kk\u00f6nen                              45.05    8.     1.20.34        7. \r\n            3 Ari Pyky                                     55.02    8.     2.15.36        7. \r\n<span style=\"background:#f4f4f4;\">   -     19 SK Pohjant\u00e4hti 2                                                  Hyl.           <\/span>\r\n            1 Olli Liinamaa                                 Hyl.                             \r\n            2 Urpo Niemel\u00e4                                 31.08    4.                       \r\n            3 Jari Schroderus                              43.04    7.                       \r\n\r\n<\/pre>\n<h3 id=\"1\">H180-<\/h3>\n<pre>\r\n(4,0 + 4,0 + 4,0)\r\n\r\n<span style=\"background:#f4f4f4;\">   1.    24 Oulun NMKY:n Urheilijat 1                                      1.14.14           <\/span>\r\n            1 Tuomo Rantapelkonen                          23.03    1.       23.03        1. \r\n            2 Esko Tuohimaa                                27.35    2.       50.38        1. \r\n            3 Markku Heikka                                23.36    2.     1.14.14        1. \r\n<span style=\"background:#f4f4f4;\">   2.    28 Vaalan Karhu 1                                                 1.20.04    +05.50 <\/span>\r\n            1 Jorma Salminen                               27.56    4.       27.56        4. \r\n            2 Jouko Roivainen                              28.37    3.       56.33        3. \r\n            3 Taisto Kemppainen                            23.31    1.     1.20.04        2. \r\n<span style=\"background:#f4f4f4;\">   3.    26 Per\u00e4meren Rasti 1                                              1.23.20    +09.06 <\/span>\r\n            1 Jouko Paaso                                  28.15    5.       28.15        5. \r\n            2 Olli Laitinen                                27.12    1.       55.27        2. \r\n            3 Olli Juntunen                                27.53    4.     1.23.20        3. \r\n<span style=\"background:#f4f4f4;\">   4.    25 Oulun Reipas 1                                                 1.24.50    +10.36 <\/span>\r\n            1 Pentti Hurskainen                            27.54    3.       27.54        3. \r\n            2 Kauko Myllymaa                               31.27    5.       59.21        5. \r\n            3 Marko Kela                                   25.29    3.     1.24.50        4. \r\n<span style=\"background:#f4f4f4;\">   5.    27 Saloisten Reipas 1                                             1.29.08    +14.54 <\/span>\r\n            1 Jarmo Paananen                               27.49    2.       27.49        2. \r\n            2 Aarne Peltonen                               28.50    4.       56.39        4. \r\n            3 Urho Sivonen                                 32.29    5.     1.29.08        5. \r\n\r\n<\/pre>\n<h3 id=\"1\">H210-<\/h3>\n<pre>\r\n(3,1 + 3,1 + 3,1)\r\n\r\n<span style=\"background:#f4f4f4;\">   1.    35 SK Pohjant\u00e4hti 1                                               1.11.46           <\/span>\r\n            1 Rauno  Kaipala                               20.59    1.       20.59        1. \r\n            2 Jorma Veijovaara                             27.42    4.       48.41        1. \r\n            3 Hannu Juutinen                               23.05    2.     1.11.46        1. \r\n<span style=\"background:#f4f4f4;\">   2.    34 Saloisten Reipas 2                                             1.17.29    +05.43 <\/span>\r\n            1 Paavo Peisa                                  25.55    3.       25.55        3. \r\n            2 Arvo Helanti                                 26.37    1.       52.32        3. \r\n            3 Kalervo Grekula                              24.57    3.     1.17.29        2. \r\n<span style=\"background:#f4f4f4;\">   3.    33 Saloisten Reipas 1                                             1.19.13    +07.27 <\/span>\r\n            1 Olavi Kittil\u00e4                                29.38    5.       29.38        5. \r\n            2 Markku Myllyaho                              27.35    3.       57.13        5. \r\n            3 Niilo Sevon                                  22.00    1.     1.19.13        3. \r\n<span style=\"background:#f4f4f4;\">   4.    30 Kiimingin Urheilijat 1                                         1.20.58    +09.12 <\/span>\r\n            1 Matti P\u00e4iv\u00e4rinta                             23.21    2.       23.21        2. \r\n            2 Heimo Pelkonen                               27.30    2.       50.51        2. \r\n            3 Esko Takkinen                                30.07    6.     1.20.58        4. \r\n<span style=\"background:#f4f4f4;\">   5.    32 Oulun NMKY:n Urheilijat 1                                      1.22.40    +10.54 <\/span>\r\n            1 Jaakko Alalahti                              28.54    4.       28.54        4. \r\n            2 Pauli Toropainen                             28.06    5.       57.00        4. \r\n            3 Kalevi Tapaninaho                            25.40    5.     1.22.40        5. \r\n<span style=\"background:#f4f4f4;\">   6.    31 Koskelankyl\u00e4n Riento 1                                         1.33.43    +21.57 <\/span>\r\n            1 Seppo Mattila                                37.09    6.       37.09        6. \r\n            2 Eino Qvist                                   31.06    6.     1.08.15        6. \r\n            3 Antero Mikkonen                              25.28    4.     1.33.43        6. \r\n\r\n<\/pre>\n<h3 id=\"1\">H10RR<\/h3>\n<pre>\r\n<span style=\"background:#f4f4f4;\">   1.    44 Haukiputaan Heitto 1                                             55.48           <\/span>\r\n            1 Janne Jaatinen                               15.57    1.       15.57        1. \r\n            2 Eliel Paatelma                               21.17    2.       37.14        1. \r\n            3 Miska Matinlauri                             18.34    1.       55.48        1. \r\n<span style=\"background:#f4f4f4;\">   2.    46 Oulunsalon Vasama 1                                            1.14.09    +18.21 <\/span>\r\n            1 Tomi Pyykk\u00f6                                  21.00    2.       21.00        2. \r\n            2 Kalle Paakolanvaara                          27.42    3.       48.42        3. \r\n            3 Ilpo Paakolanvaara                           25.27    2.     1.14.09        2. \r\n\r\n<\/pre>\n<h3 id=\"1\">D21<\/h3>\n<pre>\r\n(6,4 + 6,4 + 6,4)\r\n\r\n<span style=\"background:#f4f4f4;\">   1.     7 Ylikiimingin Nuijamiehet 1                                     2.25.39           <\/span>\r\n            1 Maria Laitinen                               48.14    1.       48.14        1. \r\n            2 Satu Turtinen                                47.51    1.     1.36.05        1. \r\n            3 Mirka Haataja                                49.34    1.     2.25.39        1. \r\n<span style=\"background:#f4f4f4;\">   2.     6 SK Pohjant\u00e4hti 1                                               2.47.36    +21.57 <\/span>\r\n            1 Lotta Sankelo                                51.08    3.       51.08        3. \r\n            2 Orvokki Mattila                              52.31    3.     1.43.39        3. \r\n            3 Ella Liinamaa                              1.03.57    2.     2.47.36        2. \r\n\r\n<\/pre>\n<h3 id=\"1\">D40<\/h3>\n<pre>\r\n(2,5 + 2,5 + 2,5)\r\n\r\n<span style=\"background:#f4f4f4;\">   1.    43 SK Pohjant\u00e4hti 1                                               1.12.48           <\/span>\r\n            1 Minea Anttila                                15.44    1.       15.44        1. \r\n            2 Mai Hemmi                                    19.27    1.       35.11        1. \r\n            3 Selina Simil\u00e4                                37.37    1.     1.12.48        1. \r\n<span style=\"background:#f4f4f4;\">   2.    41 Haukiputaan Heitto 1                                           1.46.55    +34.07 <\/span>\r\n            1 Mimosa Matinlauri                            24.21    2.       24.21        2. \r\n            2 Jatta Nurmela                                29.59    2.       54.20        2. \r\n            3 Veera P\u00e4kkil\u00e4                                52.35    2.     1.46.55        2. \r\n<span style=\"background:#f4f4f4;\">   -     42 Oulunsalon Vasama 1                                              Kesk.           <\/span>\r\n            1 Senni Limingoja                              35.37    3.       35.37        3. \r\n            2 Anni Liisa Leskel\u00e4                           30.05    3.     1.05.42        3. \r\n            3 Tiia-Maria Pekkarinen                        Kesk.                             \r\n\r\n<\/pre>\n<h3 id=\"1\">D50<\/h3>\n<pre>\r\n(3,8 + 4,0 + 3,9)\r\n\r\n<span style=\"background:#f4f4f4;\">   1.    37 SK Pohjant\u00e4hti 1                                               1.48.16           <\/span>\r\n            1 Wilma Haapasalo                              27.05    1.       27.05        1. \r\n            2 Emma Sankelo                                 34.42    1.     1.01.47        1. \r\n            3 Helmi Liinamaa                               46.29    1.     1.48.16        1. \r\n\r\n<\/pre>\n<h3 id=\"1\">D90-<\/h3>\n<pre>\r\n(5,3 + 5,3 + 5,3)\r\n\r\n<span style=\"background:#f4f4f4;\">   1.    10 Sinkki-Sepot 1                                                 2.37.00           <\/span>\r\n            1 Janna-Lliina Jussinniemi                     54.24    1.       54.24        1. \r\n            2 Tiina T\u00f6rmikoski                             47.33    1.     1.41.57        1. \r\n            3 Seija Jussinniemi                            55.03    1.     2.37.00        1. \r\n<span style=\"background:#f4f4f4;\">   2.     9 Koskelankyl\u00e4n Riento 1                                         3.01.20    +24.20 <\/span>\r\n            1 Henna Lantto                                 56.44    2.       56.44        2. \r\n            2 Sari Kotaniemi                             1.04.58    2.     2.01.42        2. \r\n            3 Sara Palmi                                   59.38    2.     3.01.20        2. \r\n\r\n<\/pre>\n<h3 id=\"1\">D120-<\/h3>\n<pre>\r\n(4,7 + 4,6 + 4,7)\r\n\r\n<span style=\"background:#f4f4f4;\">   1.    12 Saloisten Reipas 1                                             2.35.35           <\/span>\r\n            1 Riikka Velema                                35.13    1.       35.13        1. \r\n            2 Tarja H Kyr\u00f6l\u00e4inen                         1.09.47    1.     1.45.00        1. \r\n            3 Hanna Kangas                                 50.35    1.     2.35.35        1. \r\n\r\n<\/pre>\n<h3 id=\"1\">D10RR<\/h3>\n<pre>\r\n<span style=\"background:#f4f4f4;\">   1.    53 SK Pohjant\u00e4hti 1                                                 42.52           <\/span>\r\n            1 Ilona Anttila                                15.00    2.       15.00        2. \r\n            2 Helmiina Simil\u00e4                              14.18    1.       29.18        1. \r\n            3 Selma M\u00e4k\u00e4r\u00e4inen                             13.34    1.       42.52        1. \r\n<span style=\"background:#f4f4f4;\">   2.    47 Haukiputaan Heitto 1                                             55.33    +12.41 <\/span>\r\n            1 Julia Rahja                                  14.10    1.       14.10        1. \r\n            2 Venla P\u00e4kkil\u00e4                                18.09    3.       32.19        3. \r\n            3 Emilia Matinlauri                            23.14    4.       55.33        2. \r\n<span style=\"background:#f4f4f4;\">   3.    48 Laitasaaren Veto 1                                               55.57    +13.05 <\/span>\r\n            1 Essi Moilanen                                15.28    3.       15.28        3. \r\n            2 Martta V\u00e4is\u00e4nen                              16.22    2.       31.50        2. \r\n            3 Vilma Lydman                                 24.07    6.       55.57        3. \r\n<span style=\"background:#f4f4f4;\">   4.    52 Pudasj\u00e4rven Urheilijat 2                                         58.36    +15.44 <\/span>\r\n            1 Neea Moilanen                                15.40    5.       15.40        5. \r\n            2 Emilia Niskasaari                            24.47    5.       40.27        4. \r\n            3 Venla Leino                                  18.09    2.       58.36        4. \r\n<span style=\"background:#f4f4f4;\">   5.    49 Oulaisten Taru 1                                               1.03.52    +21.00 <\/span>\r\n            1 Siiri Hietaharju                             21.06    7.       21.06        7. \r\n            2 Miina Hietaharju                             24.18    4.       45.24        6. \r\n            3 Fanni Hietaharju                             18.28    3.     1.03.52        5. \r\n<span style=\"background:#f4f4f4;\">   6.    51 Pudasj\u00e4rven Urheilijat 1                                       1.04.00    +21.08 <\/span>\r\n            1 Silja Alah\u00e4iv\u00e4l\u00e4                             15.36    4.       15.36        4. \r\n            2 Siiri Korhonen                               25.02    6.       40.38        5. \r\n            3 Mette Moilanen                               23.22    5.     1.04.00        6. \r\n<span style=\"background:#f4f4f4;\">   7.    50 Oulunsalon Vasama 1                                            1.11.44    +28.52 <\/span>\r\n            1 Pinja L\u00e4nsitie                               16.13    6.       16.13        6. \r\n            2 Anni M\u00e4ntymaa                                30.07    7.       46.20        7. \r\n            3 Ella Limingoja                               25.24    7.     1.11.44        7. \r\n\r\n<\/pre>\n<h3 id=\"1\">D150<\/h3>\n<pre>\r\n(4,4 + 4,4 + 4,4)\r\n\r\n<span style=\"background:#f4f4f4;\">   1.    21 Laitasaaren Veto 1                                             1.54.27           <\/span>\r\n            1 Seija Karjalainen                            49.45    3.       49.45        3. \r\n            2 Arja Lotvonen                                31.32    1.     1.21.17        1. \r\n            3 Susanna V\u00e4liheikki                           33.10    1.     1.54.27        1. \r\n<span style=\"background:#f4f4f4;\">   2.    23 SK Pohjant\u00e4hti 1                                               2.09.06    +14.39 <\/span>\r\n            1 Raili Hokaj\u00e4rvi                              36.06    1.       36.06        1. \r\n            2 Ulla Mattila                                 49.46    2.     1.25.52        2. \r\n            3 Lea Putkonen                                 43.14    2.     2.09.06        2. \r\n<span style=\"background:#f4f4f4;\">   3.    22 Oulun Reipas 1                                                 2.30.02    +35.35 <\/span>\r\n            1 Merja Kela                                   49.23    2.       49.23        2. \r\n            2 Pirkko Myllymaa                              53.22    3.     1.42.45        3. \r\n            3 Mirja Kela                                   47.17    3.     2.30.02        3. \r\n\r\n<\/pre>\n<h3 id=\"1\">Kunto<\/h3>\n<pre>\r\n(4,3 + 4,3 + 4,3)\r\n\r\n<span style=\"background:#f4f4f4;\">   1.    56 Haukiputaan Heitto 1                                           2.26.45           <\/span>\r\n            1 Venla Jaatinen                               45.04    1.       45.04        1. \r\n            2 Suvi P\u00e4kkil\u00e4                               1.00.26    2.     1.45.30        1. \r\n            3 Orvokki Pesonen                              41.15    1.     2.26.45        1. \r\n<span style=\"background:#f4f4f4;\">   2.    54 Harrastelijat 1                                                2.48.07    +21.22 <\/span>\r\n            1 Leila Ker\u00e4nen                                52.45    2.       52.45        2. \r\n            2 Katja Ker\u00e4nen                              1.04.36    3.     1.57.21        2. \r\n            3 Heino Ker\u00e4nen                                50.46    2.     2.48.07        2. \r\n<span style=\"background:#f4f4f4;\">   3.    55 OuTa Kunto 1                                                   3.05.38    +38.53 <\/span>\r\n            1 Sami H\u00e4rk\u00f6nen                              1.34.09    3.     1.34.09        3. \r\n            2 Jussi Neuvonen                               35.10    1.     2.09.19        3. \r\n            3 Sami H\u00e4rk\u00f6nen                                56.19    3.     3.05.38        3. \r\n\r\n<\/pre>\n<p><\/body><\/p>\n<p><\/html><\/p>\n","protected":false},"excerpt":{"rendered":"<p>Lopputulokset P-P AM-viesti 14.8.2016 14.8.2016, Kisakangas, OsVa H21 H40 H50 H120- H150- H180- H210- H10RR D21 D40 D50 D90- D120- D10RR D150 Kunto H21 (7,1 + 7,1 + 7,1) 1. 2 SK Pohjant\u00e4hti 1 2.02.20 1 Harri Haapasalo 40.16 1. 40.16 1. 2 Santeri Schroderus 42.06 2. 1.22.22 1. 3 Niko Nissinen 39.58 1. 2.02.20 [&hellip;]<\/p>\n","protected":false},"author":10,"featured_media":0,"parent":692,"menu_order":7,"comment_status":"closed","ping_status":"closed","template":"","meta":{"footnotes":"","_links_to":"","_links_to_target":""},"class_list":["post-722","page","type-page","status-publish","hentry"],"_links":{"self":[{"href":"https:\/\/www.oulunsalonvasama.fi\/suunnistus\/wp-json\/wp\/v2\/pages\/722","targetHints":{"allow":["GET"]}}],"collection":[{"href":"https:\/\/www.oulunsalonvasama.fi\/suunnistus\/wp-json\/wp\/v2\/pages"}],"about":[{"href":"https:\/\/www.oulunsalonvasama.fi\/suunnistus\/wp-json\/wp\/v2\/types\/page"}],"author":[{"embeddable":true,"href":"https:\/\/www.oulunsalonvasama.fi\/suunnistus\/wp-json\/wp\/v2\/users\/10"}],"replies":[{"embeddable":true,"href":"https:\/\/www.oulunsalonvasama.fi\/suunnistus\/wp-json\/wp\/v2\/comments?post=722"}],"version-history":[{"count":3,"href":"https:\/\/www.oulunsalonvasama.fi\/suunnistus\/wp-json\/wp\/v2\/pages\/722\/revisions"}],"predecessor-version":[{"id":762,"href":"https:\/\/www.oulunsalonvasama.fi\/suunnistus\/wp-json\/wp\/v2\/pages\/722\/revisions\/762"}],"up":[{"embeddable":true,"href":"https:\/\/www.oulunsalonvasama.fi\/suunnistus\/wp-json\/wp\/v2\/pages\/692"}],"wp:attachment":[{"href":"https:\/\/www.oulunsalonvasama.fi\/suunnistus\/wp-json\/wp\/v2\/media?parent=722"}],"curies":[{"name":"wp","href":"https:\/\/api.w.org\/{rel}","templated":true}]}}