{"id":697,"date":"2016-08-10T13:13:03","date_gmt":"2016-08-10T13:13:03","guid":{"rendered":"http:\/\/www.oulunsalonvasama.fi\/suunnistus\/?page_id=697"},"modified":"2016-08-12T07:35:10","modified_gmt":"2016-08-12T07:35:10","slug":"kilpailukutsu","status":"publish","type":"page","link":"https:\/\/www.oulunsalonvasama.fi\/suunnistus\/arkisto\/2016-2\/am-2016\/kilpailukutsu\/","title":{"rendered":"Kilpailukutsu"},"content":{"rendered":"<p><strong>Pohjois-Pohjanmaan aluemestaruus suunnistuskilpailut Oulunsalossa Kisakankaalla 13.-14.8.2016<\/strong><br \/>\n<strong>Pitk\u00e4t matkat ja viestit (ei lisenssipakkoa)<\/strong><br \/>\n<strong>Kilpailu Kultainen Kompassi 6. karsintakilpailu sarjoissa H\/D14<\/strong><\/p>\n<p><strong>Sarjat<\/strong>: H\/D21, H\/D35-85, H\/D12\u201320, H\/D 8RR, H\/D 10RR ja H\/D12TR<\/p>\n<p><strong>Osallistumismaksu<\/strong>: H\/D21-85: 17\u20ac, H\/D16-20: 14\u20ac ja H\/D8-14: 10\u20ac<\/p>\n<p><strong>Viestisarjat (3 osuutta)<\/strong>: H\/D10RR, H\/D40 (max yhteisik\u00e4), H\/D50 (max yhteisik\u00e4), H\/D21, H\/D90 (minimi yhteisik\u00e4), H\/D120 (minimi yhteisik\u00e4), H\/D150 (minimi yhteisik\u00e4), H\/D180 (minimi yhteisik\u00e4), H\/D210 (minimi yhteisik\u00e4), H\/D75 (yhteisik\u00e4 min 225), kuntosarja.<\/p>\n<p><strong>Osallistumismaksut viesti:<\/strong> H\/D10-H\/D50 25 \u20ac, H\/D21-H\/D210 40 \u20ac, kuntosarja 35 \u20ac.<\/p>\n<p><strong>Ilmoittautumiset ja maksut:<\/strong> IRMA-ilmoittautumispalvelun kautta ohjeiden mukaan su 7.8. klo 24.00 menness\u00e4, j\u00e4lki-ilmoittautuminen 1,5-kertaisin osallistumismaksuin ke 10.8. menness\u00e4. Kuntosarjan ilmoittautumiset emit-numeroineen ja juoksuj\u00e4rjestyksineen s\u00e4hk\u00f6postilla su 7.8. klo 24.00 menness\u00e4 Suunnistus.OsVa@gmail.com. Saat vastauksessa ohjeet maksusta.<\/p>\n<p><strong>Leimausj\u00e4rjestelm\u00e4<\/strong>: Emit, kortin vuokra 5 \u20ac.<\/p>\n<p><strong>Opastus<\/strong>: Tielt\u00e4 815 nelj\u00e4s kiertoliittym\u00e4 Oulusta lentokent\u00e4n suuntaan.<\/p>\n<p><strong>L\u00e4hd\u00f6t<\/strong>: La henkil\u00f6kohtaisten matkojen ensimm\u00e4inen l\u00e4ht\u00f6 klo 13, v\u00e4liaikal\u00e4hd\u00f6t. Su viestien yhteisl\u00e4hd\u00f6t: H\/D10RR, H\/D40, H\/D50 sarjat klo 11, muut sarjat klo 12. Kilpailukeskuksesta matkaa l\u00e4ht\u00f6ihin n 1.5-2.5km, tarkemmat tiedot my\u00f6hemmin julkaistavassa kisaohjeessa.<\/p>\n<p><strong>Kartta<\/strong>: Kartan mittakaava 1:10 000, paitsi 12-vuotiailla ja nuoremmilla 1:7500, k\u00e4yr\u00e4v\u00e4li 2,5 m, lasertuloste 8\/2016. Kartat ovat muovikotelossa. Radat osin aikaisemmin kilpailemattomilla alueilla.<\/p>\n<p><strong>Toimihenkil\u00f6t<\/strong>: Kilpailunjohtaja Antti Rimpil\u00e4inen puh. 040 9613804, ratamestarit: aikuisten radat Mika Maaninka, lasten radat Johanna Limingoja ja viestit Sami Alitalo ja Johanna Limingoja. Valvoja Jukka Tienhaara, HaHe.<\/p>\n<p><strong>Tiedottaja<\/strong>: Kaisu Ainassaari puh. 041 4395012, s\u00e4hk\u00f6posti: kaisuainassaari@oulunsalonvasama.fi<\/p>\n<p><strong>L\u00e4ht\u00f6ajat<\/strong>: Oulunsalon Vasaman nettisivut http:\/\/www.oulunsalonvasama.fi\/suunnistus 11.8. klo 24 menness\u00e4<\/p>\n<p><strong>Pukeutuminen ja pesu:<\/strong> Kilpailukeskuksessa sis\u00e4tiloissa.<\/p>\n<p><strong>Pys\u00e4k\u00f6inti<\/strong>: Kilpailukeskuksessa.<\/p>\n<p><strong>Muuta<\/strong>: Kilpailukeskuksessa puffet. Kilpailija saa k\u00e4ytt\u00e4\u00e4 GPS-laitetta, jossa ei ole karttaa tai karttan\u00e4ytt\u00f6\u00e4.<\/p>\n<p>Tervetuloa!<br \/>\nOulunsalon Vasama ry \/ Suunnistusjaosto<\/p>\n","protected":false},"excerpt":{"rendered":"<p>Pohjois-Pohjanmaan aluemestaruus suunnistuskilpailut Oulunsalossa Kisakankaalla 13.-14.8.2016 Pitk\u00e4t matkat ja viestit (ei lisenssipakkoa) Kilpailu Kultainen Kompassi 6. karsintakilpailu sarjoissa H\/D14 Sarjat: H\/D21, H\/D35-85, H\/D12\u201320, H\/D 8RR, H\/D 10RR ja H\/D12TR Osallistumismaksu: H\/D21-85: 17\u20ac, H\/D16-20: 14\u20ac ja H\/D8-14: 10\u20ac Viestisarjat (3 osuutta): H\/D10RR, H\/D40 (max yhteisik\u00e4), H\/D50 (max yhteisik\u00e4), H\/D21, H\/D90 (minimi yhteisik\u00e4), H\/D120 (minimi yhteisik\u00e4), H\/D150 [&hellip;]<\/p>\n","protected":false},"author":9,"featured_media":0,"parent":692,"menu_order":0,"comment_status":"closed","ping_status":"closed","template":"","meta":{"footnotes":"","_links_to":"","_links_to_target":""},"class_list":["post-697","page","type-page","status-publish","hentry"],"_links":{"self":[{"href":"https:\/\/www.oulunsalonvasama.fi\/suunnistus\/wp-json\/wp\/v2\/pages\/697","targetHints":{"allow":["GET"]}}],"collection":[{"href":"https:\/\/www.oulunsalonvasama.fi\/suunnistus\/wp-json\/wp\/v2\/pages"}],"about":[{"href":"https:\/\/www.oulunsalonvasama.fi\/suunnistus\/wp-json\/wp\/v2\/types\/page"}],"author":[{"embeddable":true,"href":"https:\/\/www.oulunsalonvasama.fi\/suunnistus\/wp-json\/wp\/v2\/users\/9"}],"replies":[{"embeddable":true,"href":"https:\/\/www.oulunsalonvasama.fi\/suunnistus\/wp-json\/wp\/v2\/comments?post=697"}],"version-history":[{"count":4,"href":"https:\/\/www.oulunsalonvasama.fi\/suunnistus\/wp-json\/wp\/v2\/pages\/697\/revisions"}],"predecessor-version":[{"id":740,"href":"https:\/\/www.oulunsalonvasama.fi\/suunnistus\/wp-json\/wp\/v2\/pages\/697\/revisions\/740"}],"up":[{"embeddable":true,"href":"https:\/\/www.oulunsalonvasama.fi\/suunnistus\/wp-json\/wp\/v2\/pages\/692"}],"wp:attachment":[{"href":"https:\/\/www.oulunsalonvasama.fi\/suunnistus\/wp-json\/wp\/v2\/media?parent=697"}],"curies":[{"name":"wp","href":"https:\/\/api.w.org\/{rel}","templated":true}]}}