{"id":646,"date":"2014-09-29T16:38:35","date_gmt":"2014-09-29T16:38:35","guid":{"rendered":"http:\/\/www.oulunsalonvasama.fi\/suunnistus\/?page_id=646"},"modified":"2023-03-13T16:04:24","modified_gmt":"2023-03-13T16:04:24","slug":"liity-jaseneksi","status":"publish","type":"page","link":"https:\/\/www.oulunsalonvasama.fi\/suunnistus\/liity-jaseneksi\/","title":{"rendered":"Liity j\u00e4seneksi"},"content":{"rendered":"<p>Otamme uusia j\u00e4seni\u00e4 ymp\u00e4ri vuoden. J\u00e4seneksi liittyminen tapahtuu l\u00e4hett\u00e4m\u00e4ll\u00e4 s\u00e4hk\u00f6postia osoitteeseen <a href=\"http:\/\/tapanimakinen@oulunsalonvasama\">tapanimakinen@oulunsalonvasama<\/a>.fi &#8211; l\u00e4het\u00e4mme MyClubin kautta linkin ja j\u00e4senmaksulaskun sek\u00e4 liit\u00e4mme teid\u00e4t jaoston s\u00e4hk\u00f6postilistalle.<\/p>\n<p>Oulunsalon Vasama ry:n j\u00e4senmaksut vuodelle 2023<\/p>\n<ul>\n<li>Varsinainen j\u00e4senmaksu 50 \u20ac<\/li>\n<li>Alennettu j\u00e4senmaksu 25 \u20ac<\/li>\n<li>Kannatusj\u00e4senyys 50 \u20ac tai 100 \u20ac<\/li>\n<\/ul>\n<p>Varsinainen j\u00e4sen voi halutessaan liitt\u00e4\u00e4 samalla maksulla koko perheens\u00e4 OsVan j\u00e4seneksi. Johtokunta kannustaa j\u00e4sent\u00e4 ilmoittamaan koko perheens\u00e4 OsVan j\u00e4seniksi, jolloin seuran j\u00e4senm\u00e4\u00e4r\u00e4 kasvaa. J\u00e4senm\u00e4\u00e4r\u00e4 vaikuttaa positiivisesti seuran saamiin tukiin ja lis\u00e4\u00e4 yhteis\u00f6llisyytt\u00e4. Samalla johtokunta toivoo koko perheen osallistuvan OsVan toimintaan urheilijana, harrastajana, valmentajana, huoltajana tai muuna aktiivisena toimijana.<\/p>\n<p>Alennettu j\u00e4senmaksu koskee omassa taloudessaan asuvia yli 18-vuotiaita opiskelijoita, ty\u00f6tt\u00f6mi\u00e4 ja el\u00e4kel\u00e4isi\u00e4. Jaostot voivat perustellusta pyynn\u00f6st\u00e4 my\u00f6nt\u00e4\u00e4 alennetun j\u00e4senmaksun muillekin.<\/p>\n<p>Kannatusj\u00e4sen voi valita j\u00e4senmaksun suuruuden 50 \u20ac:n ja 100 \u20ac:n j\u00e4senmaksuista.<\/p>\n","protected":false},"excerpt":{"rendered":"<p>Otamme uusia j\u00e4seni\u00e4 ymp\u00e4ri vuoden. J\u00e4seneksi liittyminen tapahtuu l\u00e4hett\u00e4m\u00e4ll\u00e4 s\u00e4hk\u00f6postia osoitteeseen tapanimakinen@oulunsalonvasama.fi &#8211; l\u00e4het\u00e4mme MyClubin kautta linkin ja j\u00e4senmaksulaskun sek\u00e4 liit\u00e4mme teid\u00e4t jaoston s\u00e4hk\u00f6postilistalle. Oulunsalon Vasama ry:n j\u00e4senmaksut vuodelle 2023 Varsinainen j\u00e4senmaksu 50 \u20ac Alennettu j\u00e4senmaksu 25 \u20ac Kannatusj\u00e4senyys 50 \u20ac tai 100 \u20ac Varsinainen j\u00e4sen voi halutessaan liitt\u00e4\u00e4 samalla maksulla koko perheens\u00e4 OsVan j\u00e4seneksi. [&hellip;]<\/p>\n","protected":false},"author":9,"featured_media":0,"parent":0,"menu_order":7,"comment_status":"closed","ping_status":"open","template":"","meta":{"footnotes":"","_links_to":"","_links_to_target":""},"class_list":["post-646","page","type-page","status-publish","hentry"],"_links":{"self":[{"href":"https:\/\/www.oulunsalonvasama.fi\/suunnistus\/wp-json\/wp\/v2\/pages\/646","targetHints":{"allow":["GET"]}}],"collection":[{"href":"https:\/\/www.oulunsalonvasama.fi\/suunnistus\/wp-json\/wp\/v2\/pages"}],"about":[{"href":"https:\/\/www.oulunsalonvasama.fi\/suunnistus\/wp-json\/wp\/v2\/types\/page"}],"author":[{"embeddable":true,"href":"https:\/\/www.oulunsalonvasama.fi\/suunnistus\/wp-json\/wp\/v2\/users\/9"}],"replies":[{"embeddable":true,"href":"https:\/\/www.oulunsalonvasama.fi\/suunnistus\/wp-json\/wp\/v2\/comments?post=646"}],"version-history":[{"count":9,"href":"https:\/\/www.oulunsalonvasama.fi\/suunnistus\/wp-json\/wp\/v2\/pages\/646\/revisions"}],"predecessor-version":[{"id":1046,"href":"https:\/\/www.oulunsalonvasama.fi\/suunnistus\/wp-json\/wp\/v2\/pages\/646\/revisions\/1046"}],"wp:attachment":[{"href":"https:\/\/www.oulunsalonvasama.fi\/suunnistus\/wp-json\/wp\/v2\/media?parent=646"}],"curies":[{"name":"wp","href":"https:\/\/api.w.org\/{rel}","templated":true}]}}