{"id":56,"date":"2010-04-27T06:48:06","date_gmt":"2010-04-27T06:48:06","guid":{"rendered":"http:\/\/www.oulunsalonvasama.fi\/suunnistus\/?page_id=56"},"modified":"2023-03-13T15:59:35","modified_gmt":"2023-03-13T15:59:35","slug":"yhteyshenkilot-2","status":"publish","type":"page","link":"https:\/\/www.oulunsalonvasama.fi\/suunnistus\/yhteyshenkilot-2\/","title":{"rendered":"Yhteyshenkil\u00f6t"},"content":{"rendered":"<h1>Suunnistusjaoston johtokunta 2023<\/h1>\n<h2>Puheenjohtaja<\/h2>\n<p>Tapani M\u00e4kinen<br \/>\netunimisukunimi \u00e4t oulunsalonvasama.fi<br \/>\npuh. 040 526 8513<\/p>\n<h2>Rahastonhoitaja<\/h2>\n<p>Ari Kallioinen<br \/>\netunimisukunimi \u00e4t oulunsalonvasama.fi<\/p>\n<h2>Muut j\u00e4senet<\/h2>\n<p>Johanna Limingoja<\/p>\n<p>Jukka Meht\u00e4l\u00e4<\/p>\n<p>Timo Jokinen<\/p>\n","protected":false},"excerpt":{"rendered":"<p>Suunnistusjaoston johtokunta 2023 Puheenjohtaja Tapani M\u00e4kinen etunimisukunimi \u00e4t oulunsalonvasama.fi puh. 040 526 8513 Rahastonhoitaja Ari Kallioinen etunimisukunimi \u00e4t oulunsalonvasama.fi Muut j\u00e4senet Johanna Limingoja Jukka Meht\u00e4l\u00e4 Timo Jokinen<\/p>\n","protected":false},"author":10,"featured_media":0,"parent":0,"menu_order":14,"comment_status":"closed","ping_status":"open","template":"","meta":{"footnotes":"","_links_to":"","_links_to_target":""},"class_list":["post-56","page","type-page","status-publish","hentry"],"_links":{"self":[{"href":"https:\/\/www.oulunsalonvasama.fi\/suunnistus\/wp-json\/wp\/v2\/pages\/56","targetHints":{"allow":["GET"]}}],"collection":[{"href":"https:\/\/www.oulunsalonvasama.fi\/suunnistus\/wp-json\/wp\/v2\/pages"}],"about":[{"href":"https:\/\/www.oulunsalonvasama.fi\/suunnistus\/wp-json\/wp\/v2\/types\/page"}],"author":[{"embeddable":true,"href":"https:\/\/www.oulunsalonvasama.fi\/suunnistus\/wp-json\/wp\/v2\/users\/10"}],"replies":[{"embeddable":true,"href":"https:\/\/www.oulunsalonvasama.fi\/suunnistus\/wp-json\/wp\/v2\/comments?post=56"}],"version-history":[{"count":20,"href":"https:\/\/www.oulunsalonvasama.fi\/suunnistus\/wp-json\/wp\/v2\/pages\/56\/revisions"}],"predecessor-version":[{"id":1045,"href":"https:\/\/www.oulunsalonvasama.fi\/suunnistus\/wp-json\/wp\/v2\/pages\/56\/revisions\/1045"}],"wp:attachment":[{"href":"https:\/\/www.oulunsalonvasama.fi\/suunnistus\/wp-json\/wp\/v2\/media?parent=56"}],"curies":[{"name":"wp","href":"https:\/\/api.w.org\/{rel}","templated":true}]}}