{"id":55,"date":"2010-04-27T07:13:28","date_gmt":"2010-04-27T07:13:28","guid":{"rendered":"http:\/\/www.oulunsalonvasama.fi\/suunnistus\/?page_id=55"},"modified":"2021-04-01T11:55:45","modified_gmt":"2021-04-01T11:55:45","slug":"oulurastit","status":"publish","type":"page","link":"https:\/\/www.oulunsalonvasama.fi\/suunnistus\/oulurastit\/","title":{"rendered":"Oulurastit ja talvisarja"},"content":{"rendered":"<p>Iltarasteja (Oulurastit) ja talvisarjaa on j\u00e4rjestetty kaudella 2020 omatoimiperiaattella ja n\u00e4ill\u00e4 n\u00e4kymin sama tyyli jatkuu kaudella 2021. T\u00e4m\u00e4 tarkoittaa sit\u00e4, ett\u00e4 rasteilla ei ole ajanottoa ja kontakteja v\u00e4ltet\u00e4\u00e4n muutoinkin. Lis\u00e4tietoa linkkien takaa!<\/p>\n<h2><\/h2>\n<h2>Oulurastit<\/h2>\n<p>Iltarasteja (Oulurastit) Oulunseudulla j\u00e4rjest\u00e4\u00e4 alueen seurat p\u00e4\u00e4asiassa tiistaisin ja torstaisin. Tietoa Oulurasteista l\u00f6ytyy internetsivuilta <a href=\"http:\/\/oulurastit.wonderboy.info\">Oulurastit<\/a>.<\/p>\n<p>&nbsp;<\/p>\n<h2>Talvisarja<\/h2>\n<p lang=\"\">Talvisarja tarjoaa talvisiin olosuhteisiin sovitettuja suunnistusharjoituksia niin normaalina kuin hieman mukautettuina suunnistuksina, ja mahdollisuuksien mukaan my\u00f6s sis\u00e4suunnistusta Indoor cup -nimell\u00e4.<\/p>\n<p lang=\"\">Sarjassa on aina v\u00e4hint\u00e4\u00e4n kolme rataa, A (vaativa), B (keskivaikea) ja C (helppo). A- ja B-radalla lasketaan my\u00f6s kokonaispisteet. Lis\u00e4tietoa internetsivuilta <a href=\"http:\/\/talvisarja.omasivu.fi\/\" target=\"_blank\" rel=\"noopener\">Talvisarja<\/a><\/p>\n","protected":false},"excerpt":{"rendered":"<p>Iltarasteja (Oulurastit) ja talvisarjaa on j\u00e4rjestetty kaudella 2020 omatoimiperiaattella ja n\u00e4ill\u00e4 n\u00e4kymin sama tyyli jatkuu kaudella 2021. T\u00e4m\u00e4 tarkoittaa sit\u00e4, ett\u00e4 rasteilla ei ole ajanottoa ja kontakteja v\u00e4ltet\u00e4\u00e4n muutoinkin. Lis\u00e4tietoa linkkien takaa! Oulurastit Iltarasteja (Oulurastit) Oulunseudulla j\u00e4rjest\u00e4\u00e4 alueen seurat p\u00e4\u00e4asiassa tiistaisin ja torstaisin. Tietoa Oulurasteista l\u00f6ytyy internetsivuilta Oulurastit. &nbsp; Talvisarja Talvisarja tarjoaa talvisiin olosuhteisiin sovitettuja [&hellip;]<\/p>\n","protected":false},"author":10,"featured_media":0,"parent":0,"menu_order":12,"comment_status":"closed","ping_status":"open","template":"","meta":{"footnotes":"","_links_to":"","_links_to_target":""},"class_list":["post-55","page","type-page","status-publish","hentry"],"_links":{"self":[{"href":"https:\/\/www.oulunsalonvasama.fi\/suunnistus\/wp-json\/wp\/v2\/pages\/55","targetHints":{"allow":["GET"]}}],"collection":[{"href":"https:\/\/www.oulunsalonvasama.fi\/suunnistus\/wp-json\/wp\/v2\/pages"}],"about":[{"href":"https:\/\/www.oulunsalonvasama.fi\/suunnistus\/wp-json\/wp\/v2\/types\/page"}],"author":[{"embeddable":true,"href":"https:\/\/www.oulunsalonvasama.fi\/suunnistus\/wp-json\/wp\/v2\/users\/10"}],"replies":[{"embeddable":true,"href":"https:\/\/www.oulunsalonvasama.fi\/suunnistus\/wp-json\/wp\/v2\/comments?post=55"}],"version-history":[{"count":10,"href":"https:\/\/www.oulunsalonvasama.fi\/suunnistus\/wp-json\/wp\/v2\/pages\/55\/revisions"}],"predecessor-version":[{"id":838,"href":"https:\/\/www.oulunsalonvasama.fi\/suunnistus\/wp-json\/wp\/v2\/pages\/55\/revisions\/838"}],"wp:attachment":[{"href":"https:\/\/www.oulunsalonvasama.fi\/suunnistus\/wp-json\/wp\/v2\/media?parent=55"}],"curies":[{"name":"wp","href":"https:\/\/api.w.org\/{rel}","templated":true}]}}