{"id":5,"date":"2010-01-30T10:07:22","date_gmt":"2010-01-30T10:07:22","guid":{"rendered":"http:\/\/www.oulunsalonvasama.fi\/suunnistus2\/suunnistusjaosto\/"},"modified":"2014-01-27T19:15:39","modified_gmt":"2014-01-27T19:15:39","slug":"suunnistusjaosto","status":"publish","type":"page","link":"https:\/\/www.oulunsalonvasama.fi\/suunnistus\/suunnistusjaosto\/","title":{"rendered":"Suunnistusjaosto"},"content":{"rendered":"<h1>Suunnistusjaosto<\/h1>\n<p>Toimintamme perustuu harraste- ja nuorisuunnistukseen. Olemme saaneet mukavan m\u00e4\u00e4r\u00e4n junioreita toimintaamme vuosittain pidetyn suunnistuskoulun ansiosta. N\u00e4ille junnuille haluamme tarjota mukavia hetki\u00e4 luonnossa, suunnistuksen ja mun liikunnan parissa. Tulevaisuuden tavoitteemme on kehitt\u00e4\u00e4 toimintaa entist\u00e4 paremmin junioreita ja heid\u00e4n vanhempiaan palvelevaksi toiminnaksi.<\/p>\n","protected":false},"excerpt":{"rendered":"<p>Suunnistusjaosto Toimintamme perustuu harraste- ja nuorisuunnistukseen. Olemme saaneet mukavan m\u00e4\u00e4r\u00e4n junioreita toimintaamme vuosittain pidetyn suunnistuskoulun ansiosta. N\u00e4ille junnuille haluamme tarjota mukavia hetki\u00e4 luonnossa, suunnistuksen ja mun liikunnan parissa. Tulevaisuuden tavoitteemme on kehitt\u00e4\u00e4 toimintaa entist\u00e4 paremmin junioreita ja heid\u00e4n vanhempiaan palvelevaksi toiminnaksi.<\/p>\n","protected":false},"author":1,"featured_media":0,"parent":0,"menu_order":13,"comment_status":"closed","ping_status":"open","template":"","meta":{"footnotes":"","_links_to":"","_links_to_target":""},"class_list":["post-5","page","type-page","status-publish","hentry"],"_links":{"self":[{"href":"https:\/\/www.oulunsalonvasama.fi\/suunnistus\/wp-json\/wp\/v2\/pages\/5","targetHints":{"allow":["GET"]}}],"collection":[{"href":"https:\/\/www.oulunsalonvasama.fi\/suunnistus\/wp-json\/wp\/v2\/pages"}],"about":[{"href":"https:\/\/www.oulunsalonvasama.fi\/suunnistus\/wp-json\/wp\/v2\/types\/page"}],"author":[{"embeddable":true,"href":"https:\/\/www.oulunsalonvasama.fi\/suunnistus\/wp-json\/wp\/v2\/users\/1"}],"replies":[{"embeddable":true,"href":"https:\/\/www.oulunsalonvasama.fi\/suunnistus\/wp-json\/wp\/v2\/comments?post=5"}],"version-history":[{"count":6,"href":"https:\/\/www.oulunsalonvasama.fi\/suunnistus\/wp-json\/wp\/v2\/pages\/5\/revisions"}],"predecessor-version":[{"id":596,"href":"https:\/\/www.oulunsalonvasama.fi\/suunnistus\/wp-json\/wp\/v2\/pages\/5\/revisions\/596"}],"wp:attachment":[{"href":"https:\/\/www.oulunsalonvasama.fi\/suunnistus\/wp-json\/wp\/v2\/media?parent=5"}],"curies":[{"name":"wp","href":"https:\/\/api.w.org\/{rel}","templated":true}]}}