{"id":220,"date":"2010-08-17T18:32:10","date_gmt":"2010-08-17T18:32:10","guid":{"rendered":"http:\/\/www.oulunsalonvasama.fi\/suunnistus\/"},"modified":"2021-04-07T05:21:34","modified_gmt":"2021-04-07T05:21:34","slug":"etusivu","status":"publish","type":"page","link":"https:\/\/www.oulunsalonvasama.fi\/suunnistus\/","title":{"rendered":"Etusivu"},"content":{"rendered":"<p>Tervetuloa Oulunsalon Vasaman eli tutummin OsVan Suunnistusjaoston sivuille, mukavaa kun l\u00f6ysit meid\u00e4t!<\/p>\n<div class=\"o9v6fnle cxmmr5t8 oygrvhab hcukyx3x c1et5uql ii04i59q\">\n<div dir=\"auto\">Tiedotamme t\u00e4\u00e4ll\u00e4 toimintaamme liittyvist\u00e4 asioista, kuten suunnistustapahtumista sek\u00e4 suunnistuskouluista lapsille ja aikuisille &#8211; kyll\u00e4, my\u00f6s aikuisena voi aloittaa mukavan uuden kuntoharrastuksen vaikka kompassi ei aikaisemmin olisikaan pysynyt k\u00e4dess\u00e4, sill\u00e4 me autamme sinua siin\u00e4!<\/div>\n<\/div>\n<p>Toiminnassamme on mukana kaikenik\u00e4isi\u00e4 suunnistajia Oulun ja l\u00e4hikuntien alueelta. Tule sin\u00e4kin mukaan!<\/p>\n<p><!--more--><\/p>\n<p>Mukaan tapahtumien tunnelmaan p\u00e4\u00e4set seuraamalla meit\u00e4 somessa:<\/p>\n<p style=\"text-align: left;\"><a href=\"https:\/\/www.instagram.com\/osvasuunnistus\/\" target=\"_blank\" rel=\"noopener\">Osva Suunnistus Instagramissa<\/a><\/p>\n<p style=\"text-align: left;\">Facebookista l\u00f6yd\u00e4t meid\u00e4t etsim\u00e4ll\u00e4 sivun <a href=\"https:\/\/www.facebook.com\/Osva-Suunnistus-101542408718089\">OsVa Suunnistus<\/a>. Ryhm\u00e4ss\u00e4 voi keskustella suunnistuksesta, sopia kyytej\u00e4 rasteille tai vaikkapa myyd\u00e4 ylim\u00e4\u00e4r\u00e4isi\u00e4 suunnistustarvikkeita.<\/p>\n<p style=\"text-align: left;\">Junioreille suunnattu keskusteluryhm\u00e4 Facebookissa l\u00f6ytyy nimell\u00e4 <a class=\"oajrlxb2 g5ia77u1 qu0x051f esr5mh6w e9989ue4 r7d6kgcz rq0escxv nhd2j8a9 nc684nl6 p7hjln8o kvgmc6g5 cxmmr5t8 oygrvhab hcukyx3x jb3vyjys rz4wbd8a qt6c0cv9 a8nywdso i1ao9s8h esuyzwwr f1sip0of lzcic4wl gmql0nx0 gpro0wi8 hnhda86s\" tabindex=\"-1\" role=\"link\" href=\"https:\/\/www.facebook.com\/groups\/224122661362473\/?__tn__=%2Cd\">OsVan juniorisuunnistajat.<\/a><\/p>\n<p><!--more--><\/p>\n","protected":false},"excerpt":{"rendered":"<p>Tervetuloa Oulunsalon Vasaman eli tutummin OsVan Suunnistusjaoston sivuille, mukavaa kun l\u00f6ysit meid\u00e4t! Tiedotamme t\u00e4\u00e4ll\u00e4 toimintaamme liittyvist\u00e4 asioista, kuten suunnistustapahtumista sek\u00e4 suunnistuskouluista lapsille ja aikuisille &#8211; kyll\u00e4, my\u00f6s aikuisena voi aloittaa mukavan uuden kuntoharrastuksen vaikka kompassi ei aikaisemmin olisikaan pysynyt k\u00e4dess\u00e4, sill\u00e4 me autamme sinua siin\u00e4! Toiminnassamme on mukana kaikenik\u00e4isi\u00e4 suunnistajia Oulun ja l\u00e4hikuntien alueelta. Tule [&hellip;]<\/p>\n","protected":false},"author":10,"featured_media":0,"parent":0,"menu_order":1,"comment_status":"closed","ping_status":"open","template":"news.php","meta":{"footnotes":"","_links_to":"","_links_to_target":""},"class_list":["post-220","page","type-page","status-publish","hentry"],"_links":{"self":[{"href":"https:\/\/www.oulunsalonvasama.fi\/suunnistus\/wp-json\/wp\/v2\/pages\/220","targetHints":{"allow":["GET"]}}],"collection":[{"href":"https:\/\/www.oulunsalonvasama.fi\/suunnistus\/wp-json\/wp\/v2\/pages"}],"about":[{"href":"https:\/\/www.oulunsalonvasama.fi\/suunnistus\/wp-json\/wp\/v2\/types\/page"}],"author":[{"embeddable":true,"href":"https:\/\/www.oulunsalonvasama.fi\/suunnistus\/wp-json\/wp\/v2\/users\/10"}],"replies":[{"embeddable":true,"href":"https:\/\/www.oulunsalonvasama.fi\/suunnistus\/wp-json\/wp\/v2\/comments?post=220"}],"version-history":[{"count":25,"href":"https:\/\/www.oulunsalonvasama.fi\/suunnistus\/wp-json\/wp\/v2\/pages\/220\/revisions"}],"predecessor-version":[{"id":865,"href":"https:\/\/www.oulunsalonvasama.fi\/suunnistus\/wp-json\/wp\/v2\/pages\/220\/revisions\/865"}],"wp:attachment":[{"href":"https:\/\/www.oulunsalonvasama.fi\/suunnistus\/wp-json\/wp\/v2\/media?parent=220"}],"curies":[{"name":"wp","href":"https:\/\/api.w.org\/{rel}","templated":true}]}}