{"id":61,"date":"2009-09-07T13:55:57","date_gmt":"2009-09-07T10:55:57","guid":{"rendered":"http:\/\/www.oulunsalonvasama.fi\/pesapallobeta\/?page_id=61"},"modified":"2016-04-23T10:56:15","modified_gmt":"2016-04-23T07:56:15","slug":"historia","status":"publish","type":"page","link":"https:\/\/www.oulunsalonvasama.fi\/pesapallo\/historia\/","title":{"rendered":"Historia"},"content":{"rendered":"<p><a href=\"\/tiedostot\/osva_pesishistoria.pdf\">OsVa:n pes\u00e4pallohistoria (pdf, 36kt)<\/a><\/p>\n<h1>Oulunsalon pes\u00e4pallotoiminta aaltoliikett\u00e4<\/h1>\n<p><a href=\"#miesten\">Miesten nousua seurasi nopea pudotus<\/a><br \/>\n<a href=\"#naiset\">Naiset tasaisimmalla radalla<\/a><br \/>\n<a href=\"#junioritoiminnan\">Junioritoiminnan helmin\u00e4 leirit<\/a><br \/>\n<a href=\"#kenttakysymykset\">Kentt\u00e4kysymykset aina huolena<\/a><\/p>\n<p>Oulunsalon Vasama on perustettu vuonna 1910 ja se on alkujaan ollut osa Oulunsalon Nuorisoseuraa. Pes\u00e4pallo tuli lajina mukaan toimintaan 1920-luvun lopulla. Menestys oli alkuun vaihtelevaa. Huippuna oli vuoden 1930 Limingan aluepiirin mestaruus.<\/p>\n<p>1960-luvulla Oulunsalon Vasama irtaantui Nuorisoseurasta omaksi urheiluseuraksi. Pes\u00e4pallo oli lajina edelleen mukana vaihtelevalla menestyksell\u00e4.<\/p>\n<p>Pes\u00e4pallon uusi tuleminen koettiin vasta 1980-luvulla. 1982 aloitettu kerhotoiminta laajeni 1983 15-vuotiaiden poikien aloittaessa m\u00e4\u00e4r\u00e4tietoisen ja aktiivisen harjoittelun. 1980- ja 1990-luvuilla pes\u00e4pallotoiminta vilkastui ja menestyst\u00e4 alkoi synty\u00e4.<\/p>\n<h2><a name=\"miesten\"><\/a>Miesten nousua seurasi nopea pudotus<\/h2>\n<p>Miesten pes\u00e4pallojoukkueen menestysaika sijoittui 1990-luvulle. Vuosikymmenen alussa miehet heiluivat maakunta- ja suomensarjojen v\u00e4lill\u00e4. 1994 miehet karsivat ensimm\u00e4ist\u00e4 kertaa Ykk\u00f6spesikseen. Silloin paikallisvastustaja Kempeleen Kiri oli vahvempi. Uudelleen nousua yritettiin vuonna 1996 ja t\u00e4ll\u00e4 kertaa tuloksekkaasti. Vetelin Urheilijat taipui nousukarsinnassa.<\/p>\n<p>Ykk\u00f6spesisvisiitti j\u00e4i lyhyeksi vaikka vuoden 1997 sijoitus sarjassa oli kuudes. Toiselle kaudelle joukkue ei en\u00e4\u00e4 l\u00e4htenyt talousvaikeuksiin vedoten. Ykk\u00f6ssarjapaikan luovuttamisen j\u00e4lkeen miehet ovat pelanneet vaihtelevalla menestyksell\u00e4 maakuntasarjassa.<\/p>\n<h2><a name=\"naiset\"><\/a>Naiset tasaisimmalla radalla<\/h2>\n<p>Naisten joukkue tuli hiljaa miesten varjosta 90-luvun puoliv\u00e4liss\u00e4. 1995 naiset nousivat maakuntasarjasta suomensarjaan. Visiitti meinasi olla lyhyt, mutta putoaminen v\u00e4ltettiin lohkojen uudelleenj\u00e4rjestelyll\u00e4. Kausilla 1997-2000 OsVan naiset taistelivat sarjanoususta, mutta vasta kaudella 2001 noususta tuli totta. Ratkaisevassa nousukarsintaottelussa kotikent\u00e4ll\u00e4\u00e4n OsVa p\u00f6llytti Haminan Palloilijoita per\u00e4ti jaksoluvuin 32-9, 16-3.<\/p>\n<p>Naisten joukkueen taival Ykk\u00f6spesiksess\u00e4 on ollut nopeasti noususuuntainen. Debyyttikaudellaan joukkue sijoittui seitsem\u00e4nneksi. Toisella kaudellaan (2003) OsVa nappasi runkosarjan voiton ja lipun Superpesiksen karsintasarjaan. Karsintasarjassa ei kuitenkaan menestyst\u00e4 tullut.<\/p>\n<p>Naisten joukkueen kehitys on ollut tasaisinta. Suunta on ollut koko ajan yl\u00f6sp\u00e4in. N\u00e4ht\u00e4v\u00e4ksi j\u00e4\u00e4 pelataanko Oulunsalossa l\u00e4hivuosina jopa p\u00e4\u00e4sarjatason naispes\u00e4palloa.<\/p>\n<h2><a name=\"junioritoiminnan\"><\/a>Junioritoiminnan helmin\u00e4 leirit<\/h2>\n<p>Junioritoimintaa on OsVassa historian aaltoliikkeen tavoin ollut vaihtelevasti. Huippuvuodet sijoittuvat 1990-luvun alkuun, jolloin juniorijoukkueita oli noin kymmenen. Ensimm\u00e4inen oma pes\u00e4palloleiri j\u00e4rjestettiin Oulunsalossa vuonna 1983. Seuraavan kerran Oulunsalossa leireiltiin vuonna 1997 (tenavaleiri). T\u00e4n\u00e4 vuonna (2004) on luvassa G- ja F-junioreiden leiri.<\/p>\n<h2><a name=\"kenttakysymykset\"><\/a>Kentt\u00e4kysymykset aina huolena<\/h2>\n<p>Pes\u00e4palloharrastus alkoi 1920-luvulla Kyl\u00e4npuolella olevalla Kaakisen kent\u00e4ll\u00e4. Sittemmin Kirkonkyl\u00e4n koulun vieress\u00e4 olevalle kent\u00e4lle keskittynyt toiminta on k\u00e4rsinyt etenkin 80-luvun huippuvuosina kunnan kentt\u00e4pulasta. Kirkonkyl\u00e4n kentt\u00e4 on ainoa aikuisten pes\u00e4pallokent\u00e4n mitat kattava kentt\u00e4. Viime vuosina v\u00e4\u00e4nt\u00f6\u00e4 on kentt\u00e4m\u00e4\u00e4r\u00e4n lis\u00e4ksi k\u00e4yty kentt\u00e4pinnoitteen nykyaikaistamisesta hiekkatekonurmipintaiseksi.<\/p>\n<p>Kirkonkyl\u00e4n kent\u00e4n huolto- ja kuuluttamorakennus, Kotipes\u00e4, on rakennettu vuonna 1990 t\u00e4ysin talkooty\u00f6n\u00e4. Poikkeavaksi rakennuksen tekee my\u00f6s se, ett\u00e4 sen rakennuttivat pes\u00e4palloilijat itse. Yleens\u00e4h\u00e4n kenttien oheisrakennukset kuuluvat kunnan rakentamishankkeisiin. Rakennuksen on suunnitellut arkkitehti Maija Eronen. Pes\u00e4pallon tuki ry. m\u00f6i Kotipes\u00e4-rakennuksen Oulunsalon kunnalle vuoden 2003 loppupuolella.<\/p>\n<p><i>Tanja Gall\u00e9n, 2004 (l\u00e4hde: Maija Pelkonen: Juhlakirja 2000, Oulunsalon Vasama ry., 2000)<\/i><\/p>\n","protected":false},"excerpt":{"rendered":"<p>OsVa:n pes\u00e4pallohistoria (pdf, 36kt) Oulunsalon pes\u00e4pallotoiminta aaltoliikett\u00e4 Miesten nousua seurasi nopea pudotus Naiset tasaisimmalla radalla Junioritoiminnan helmin\u00e4 leirit Kentt\u00e4kysymykset aina huolena Oulunsalon Vasama on perustettu vuonna 1910 ja se on alkujaan ollut osa Oulunsalon Nuorisoseuraa. Pes\u00e4pallo tuli lajina mukaan toimintaan 1920-luvun lopulla. Menestys oli alkuun vaihtelevaa. Huippuna oli vuoden 1930 Limingan aluepiirin mestaruus. 1960-luvulla Oulunsalon [&hellip;]<\/p>\n","protected":false},"author":1,"featured_media":0,"parent":0,"menu_order":13,"comment_status":"closed","ping_status":"open","template":"","meta":{"footnotes":""},"class_list":["post-61","page","type-page","status-publish","hentry"],"_links":{"self":[{"href":"https:\/\/www.oulunsalonvasama.fi\/pesapallo\/wp-json\/wp\/v2\/pages\/61","targetHints":{"allow":["GET"]}}],"collection":[{"href":"https:\/\/www.oulunsalonvasama.fi\/pesapallo\/wp-json\/wp\/v2\/pages"}],"about":[{"href":"https:\/\/www.oulunsalonvasama.fi\/pesapallo\/wp-json\/wp\/v2\/types\/page"}],"author":[{"embeddable":true,"href":"https:\/\/www.oulunsalonvasama.fi\/pesapallo\/wp-json\/wp\/v2\/users\/1"}],"replies":[{"embeddable":true,"href":"https:\/\/www.oulunsalonvasama.fi\/pesapallo\/wp-json\/wp\/v2\/comments?post=61"}],"version-history":[{"count":5,"href":"https:\/\/www.oulunsalonvasama.fi\/pesapallo\/wp-json\/wp\/v2\/pages\/61\/revisions"}],"predecessor-version":[{"id":2806,"href":"https:\/\/www.oulunsalonvasama.fi\/pesapallo\/wp-json\/wp\/v2\/pages\/61\/revisions\/2806"}],"wp:attachment":[{"href":"https:\/\/www.oulunsalonvasama.fi\/pesapallo\/wp-json\/wp\/v2\/media?parent=61"}],"curies":[{"name":"wp","href":"https:\/\/api.w.org\/{rel}","templated":true}]}}