{"id":57,"date":"2009-09-07T13:55:37","date_gmt":"2009-09-07T10:55:37","guid":{"rendered":"http:\/\/www.oulunsalonvasama.fi\/pesapallobeta\/?page_id=57"},"modified":"2022-05-01T21:56:25","modified_gmt":"2022-05-01T18:56:25","slug":"materiaalisalkku","status":"publish","type":"page","link":"https:\/\/www.oulunsalonvasama.fi\/pesapallo\/materiaalisalkku\/","title":{"rendered":"Materiaalisalkku"},"content":{"rendered":"<p><strong>Yleisi\u00e4 ohjeita ja kaavakkeita:<\/strong><\/p>\n<p><a href=\"http:\/\/www.oulunsalonvasama.fi\/pesapallo\/wp-content\/uploads\/PELAAJALIIKENNESOPIMUS-2018-PSP.pdf\">PELAAJALIIKENNESOPIMUS 2018 PSP<\/a><br \/>\n<a href=\"http:\/\/www.pesis.fi\/kilpailu\/pelisaannot\/\" target=\"_blank\" rel=\"noopener noreferrer\">Pelis\u00e4\u00e4nn\u00f6t<\/a><a href=\"\/pesapallo\/wp-content\/uploads\/hpk_a18.pdf\" target=\"_blank\" rel=\"noopener noreferrer\"><br \/>\n<\/a><a href=\"\/pesapallo\/wp-content\/uploads\/hpk_a18.pdf\" target=\"_blank\" rel=\"noopener noreferrer\">Joukkueen harjoitusp\u00e4iv\u00e4kirja (Oulun Kaupunki)<\/a><br \/>\n<a href=\"\/pesapallo_tiedostot\/Jaoston_toimintatiimit.pdf\" target=\"_blank\" rel=\"noopener noreferrer\">Pes\u00e4pallojaoston toimintatiimit<\/a><br \/>\n<a href=\"\/pesapallo_tiedostot\/Tehtavanjakokaavake.doc\" target=\"_blank\" rel=\"noopener noreferrer\">Joukkueen teht\u00e4vienjakokaavake<\/a><br \/>\n<a href=\"\/pesapallo_tiedostot\/Junnupesiksen_taloudenhoito_ohje.pdf\" target=\"_blank\" rel=\"noopener noreferrer\">Junioripes\u00e4pallon taloudenhoito-ohje<\/a><br \/>\n<a href=\"\/pesapallo_tiedostot\/Leirivarustus.pdf\" target=\"_blank\" rel=\"noopener noreferrer\">Pesisleirin varustelista<\/a><br \/>\n<a href=\"\/pesapallo_tiedostot\/Junnujen_pelimatkakorvaukset.pdf\" target=\"_blank\" rel=\"noopener noreferrer\">Yleisohje junnujen pelimatkakustannusten korvaamisesta<\/a><br \/>\n<a href=\"\/pesapallo_tiedostot\/Jasenilmoitus.doc\" target=\"_blank\" rel=\"noopener noreferrer\">J\u00e4senilmoituslomake<\/a><br \/>\n<a href=\"\/pesapallo_tiedostot\/Junioripesapallon_pelisaannot_2007.pdf\" target=\"_blank\" rel=\"noopener noreferrer\">Junioripes\u00e4pallon pelis\u00e4\u00e4nn\u00f6t<\/a><br \/>\n<a href=\"\/pesapallo_tiedostot\/Menotosite.doc\" target=\"_blank\" rel=\"noopener noreferrer\">Menotosite<\/a><\/p>\n<p><a href=\"http:\/\/www.pesis.fi\/@Bin\/19520103\/Pes%C3%A4pallokyp%C3%A4r%C3%A4t+kaudesta+2018+alkaen.docx\" target=\"_blank\" rel=\"noopener noreferrer\">Pes\u00e4pallokyp\u00e4r\u00e4t kaudesta 2018 alkaen<\/a><br \/>\n<a href=\"http:\/\/www.pesis.fi\/@Bin\/172909\/VIRALLISET+V%C3%84LINEET+2016+.pdf\" target=\"_blank\" rel=\"noopener noreferrer\">Pes\u00e4pallon viralliset v\u00e4lineet 2017<\/a><\/p>\n<p><strong>Ohjeet ottelup\u00f6yt\u00e4kirjoihin<\/strong><\/p>\n<p><a href=\"https:\/\/docs.google.com\/document\/d\/1_1T5OvTFYsw-xEvT7L4rYsAQRzJJ4u3M44frL7GLq9s\/edit?usp=sharing\" target=\"_blank\" rel=\"noopener noreferrer\">Pieni ottelup\u00f6yt\u00e4kirja 2022<\/a><br \/>\n<a href=\"https:\/\/youtu.be\/Tpo50EUC45g\" target=\"_blank\" rel=\"noopener\" data-saferedirecturl=\"https:\/\/www.google.com\/url?q=https:\/\/youtu.be\/Tpo50EUC45g&amp;source=gmail&amp;ust=1651312872783000&amp;usg=AOvVaw0yH-GU8DTZ1JSgkiAFZphd\">Video-ohjeet perusp\u00f6yt\u00e4kirjasta 2022<\/a><br \/>\n<a href=\"https:\/\/docs.google.com\/document\/d\/1fxeVdm7g9F1dQ3o3n5QWrRvtDppo1BuLj0SJgn5FSlE\/edit?usp=sharing\">Laaja p\u00f6yt\u00e4kirja 2022<\/a><\/p>\n<p><strong>Kotipelin ohjeita:<\/strong><\/p>\n<p><a href=\"http:\/\/www.pohjois-suomenpesis.fi\/wp-content\/uploads\/2017\/02\/KENT%C3%84N-VANHIN-2017.doc\">Kent\u00e4nvanhin<\/a><\/p>\n<p><strong>Logot:<\/strong><\/p>\n<p><a href=\"http:\/\/www.oulunsalonvasama.fi\/pesapallo\/wp-content\/uploads\/OsVa.psd\">OsVa psd<\/a><br \/>\n<a href=\"http:\/\/www.oulunsalonvasama.fi\/pesapallo\/wp-content\/uploads\/OsVa.pdf\">OsVa pdf<\/a><\/p>\n<p><a href=\"http:\/\/www.oulunsalonvasama.fi\/pesapallo\/wp-content\/uploads\/OsVa-Logo-UUSI.png\">OsVa<\/a><\/p>\n<p><a href=\"http:\/\/www.oulunsalonvasama.fi\/pesapallo\/wp-content\/uploads\/OsVa-Logo-UUSI-musta.png\">OsVa Musta<\/a><\/p>\n<p><a href=\"http:\/\/www.oulunsalonvasama.fi\/pesapallo\/wp-content\/uploads\/OsVa-Logo-UUSI-valkoinen.png\">OsVa Valkoinen<\/a><\/p>\n<p><strong>Tuomarit:<\/strong><\/p>\n<p><a href=\"http:\/\/www.pohjois-suomenpesis.fi\/wp-content\/uploads\/2016\/03\/Tuomareiden-merkit-ja-vihellykset-1.doc\" target=\"_blank\" rel=\"noopener noreferrer\">Tuomareiden merkit ja vihellykset<\/a><\/p>\n<p>Pes\u00e4palloliiton <a href=\"https:\/\/www.pesis.fi\/kilpailu\/tuomarit\/tuomaripalkkiot\/\">ohjeistus<\/a> tuomaripalkkioon sek\u00e4 pohja.<\/p>\n<p>Katso my\u00f6s:<\/p>\n<p><a href=\"http:\/\/www.pohjois-suomenpesis.fi\/kilpailu\/materiaalisalkku\/\" target=\"_blank\" rel=\"noopener noreferrer\">Pohjois-Suomen pesiksen materiaalisalkku<\/a><br \/>\n<a href=\"http:\/\/www.pesis.fi\/kilpailu\/pelisaannot\/\" target=\"_blank\" rel=\"noopener noreferrer\">Pes\u00e4palloliitto<\/a><\/p>\n<p>&nbsp;<\/p>\n<p>&nbsp;<\/p>\n","protected":false},"excerpt":{"rendered":"<p>Yleisi\u00e4 ohjeita ja kaavakkeita: PELAAJALIIKENNESOPIMUS 2018 PSP Pelis\u00e4\u00e4nn\u00f6t Joukkueen harjoitusp\u00e4iv\u00e4kirja (Oulun Kaupunki) Pes\u00e4pallojaoston toimintatiimit Joukkueen teht\u00e4vienjakokaavake Junioripes\u00e4pallon taloudenhoito-ohje Pesisleirin varustelista Yleisohje junnujen pelimatkakustannusten korvaamisesta J\u00e4senilmoituslomake Junioripes\u00e4pallon pelis\u00e4\u00e4nn\u00f6t Menotosite Pes\u00e4pallokyp\u00e4r\u00e4t kaudesta 2018 alkaen Pes\u00e4pallon viralliset v\u00e4lineet 2017 Ohjeet ottelup\u00f6yt\u00e4kirjoihin Pieni ottelup\u00f6yt\u00e4kirja 2022 Video-ohjeet perusp\u00f6yt\u00e4kirjasta 2022 Laaja p\u00f6yt\u00e4kirja 2022 Kotipelin ohjeita: Kent\u00e4nvanhin Logot: OsVa psd OsVa pdf [&hellip;]<\/p>\n","protected":false},"author":1,"featured_media":0,"parent":0,"menu_order":12,"comment_status":"closed","ping_status":"open","template":"","meta":{"footnotes":""},"class_list":["post-57","page","type-page","status-publish","hentry"],"_links":{"self":[{"href":"https:\/\/www.oulunsalonvasama.fi\/pesapallo\/wp-json\/wp\/v2\/pages\/57","targetHints":{"allow":["GET"]}}],"collection":[{"href":"https:\/\/www.oulunsalonvasama.fi\/pesapallo\/wp-json\/wp\/v2\/pages"}],"about":[{"href":"https:\/\/www.oulunsalonvasama.fi\/pesapallo\/wp-json\/wp\/v2\/types\/page"}],"author":[{"embeddable":true,"href":"https:\/\/www.oulunsalonvasama.fi\/pesapallo\/wp-json\/wp\/v2\/users\/1"}],"replies":[{"embeddable":true,"href":"https:\/\/www.oulunsalonvasama.fi\/pesapallo\/wp-json\/wp\/v2\/comments?post=57"}],"version-history":[{"count":47,"href":"https:\/\/www.oulunsalonvasama.fi\/pesapallo\/wp-json\/wp\/v2\/pages\/57\/revisions"}],"predecessor-version":[{"id":4931,"href":"https:\/\/www.oulunsalonvasama.fi\/pesapallo\/wp-json\/wp\/v2\/pages\/57\/revisions\/4931"}],"wp:attachment":[{"href":"https:\/\/www.oulunsalonvasama.fi\/pesapallo\/wp-json\/wp\/v2\/media?parent=57"}],"curies":[{"name":"wp","href":"https:\/\/api.w.org\/{rel}","templated":true}]}}