{"id":53,"date":"2009-09-07T13:55:17","date_gmt":"2009-09-07T10:55:17","guid":{"rendered":"http:\/\/www.oulunsalonvasama.fi\/pesapallobeta\/?page_id=53"},"modified":"2022-03-22T20:30:16","modified_gmt":"2022-03-22T17:30:16","slug":"kentta","status":"publish","type":"page","link":"https:\/\/www.oulunsalonvasama.fi\/pesapallo\/kentta\/","title":{"rendered":"Kentt\u00e4"},"content":{"rendered":"<p><b>Oulunsalon pesiskent\u00e4t<\/b><\/p>\n<p>Oulunsalossa voi pelata pes\u00e4palloa kolmella kent\u00e4ll\u00e4. Kirkonkyl\u00e4n koulun, Pitk\u00e4kankaan koulun ja Karhuojan kenttien varaukset tehd\u00e4\u00e4n allaolevasta linkist\u00e4 Oulun Kaupungin WebTimmi j\u00e4rjestelm\u00e4\u00e4 k\u00e4ytt\u00e4en (vaatii tunnuksen ja salasanan kirjautumiseen).<\/p>\n<p><a href=\"http:\/\/varaus.ouka.fi:8800\/login.do\" target=\"_blank\" rel=\"noopener\">Kentt\u00e4varaukset (WebTimmi)<\/a><\/p>\n<p>Oulunsalon kirkonkyl\u00e4n pesiskentt\u00e4 (p\u00e4\u00e4kentt\u00e4mme) sijaitsee Kirkonkyl\u00e4n koulun vieress\u00e4 keskell\u00e4 Oulunsalon keskustaa osoitteessa Koulutie, 90460 Oulunsalo.<br \/>\nAlusta on ollut tekonurmipohjainen syksyst\u00e4 2013 l\u00e4htien.<\/p>\n<p><a href=\"https:\/\/www.google.fi\/maps\/place\/Koulutie+12\/@64.931904,25.410869,14z\/data=!4m2!3m1!1s0x4681cca98d92f6ed:0x9e7a420f77ad5c0e\">Karttalinkki<\/a><\/p>\n<p><a href=\"http:\/\/www.oulunsalonvasama.fi\/pesapallo\/wp-content\/uploads\/WP_20140419_025.jpg\"><img loading=\"lazy\" decoding=\"async\" class=\"aligncenter wp-image-1982 \" src=\"http:\/\/www.oulunsalonvasama.fi\/pesapallo\/wp-content\/uploads\/WP_20140419_025-1024x575.jpg\" alt=\"WP_20140419_025\" width=\"501\" height=\"281\" srcset=\"https:\/\/www.oulunsalonvasama.fi\/pesapallo\/wp-content\/uploads\/WP_20140419_025-1024x575.jpg 1024w, https:\/\/www.oulunsalonvasama.fi\/pesapallo\/wp-content\/uploads\/WP_20140419_025-300x168.jpg 300w\" sizes=\"auto, (max-width: 501px) 100vw, 501px\" \/><\/a><\/p>\n","protected":false},"excerpt":{"rendered":"<p>Oulunsalon pesiskent\u00e4t Oulunsalossa voi pelata pes\u00e4palloa kolmella kent\u00e4ll\u00e4. Kirkonkyl\u00e4n koulun, Pitk\u00e4kankaan koulun ja Karhuojan kenttien varaukset tehd\u00e4\u00e4n allaolevasta linkist\u00e4 Oulun Kaupungin WebTimmi j\u00e4rjestelm\u00e4\u00e4 k\u00e4ytt\u00e4en (vaatii tunnuksen ja salasanan kirjautumiseen). Kentt\u00e4varaukset (WebTimmi) Oulunsalon kirkonkyl\u00e4n pesiskentt\u00e4 (p\u00e4\u00e4kentt\u00e4mme) sijaitsee Kirkonkyl\u00e4n koulun vieress\u00e4 keskell\u00e4 Oulunsalon keskustaa osoitteessa Koulutie, 90460 Oulunsalo. Alusta on ollut tekonurmipohjainen syksyst\u00e4 2013 l\u00e4htien. Karttalinkki<\/p>\n","protected":false},"author":1,"featured_media":0,"parent":0,"menu_order":11,"comment_status":"closed","ping_status":"open","template":"","meta":{"footnotes":""},"class_list":["post-53","page","type-page","status-publish","hentry"],"_links":{"self":[{"href":"https:\/\/www.oulunsalonvasama.fi\/pesapallo\/wp-json\/wp\/v2\/pages\/53","targetHints":{"allow":["GET"]}}],"collection":[{"href":"https:\/\/www.oulunsalonvasama.fi\/pesapallo\/wp-json\/wp\/v2\/pages"}],"about":[{"href":"https:\/\/www.oulunsalonvasama.fi\/pesapallo\/wp-json\/wp\/v2\/types\/page"}],"author":[{"embeddable":true,"href":"https:\/\/www.oulunsalonvasama.fi\/pesapallo\/wp-json\/wp\/v2\/users\/1"}],"replies":[{"embeddable":true,"href":"https:\/\/www.oulunsalonvasama.fi\/pesapallo\/wp-json\/wp\/v2\/comments?post=53"}],"version-history":[{"count":17,"href":"https:\/\/www.oulunsalonvasama.fi\/pesapallo\/wp-json\/wp\/v2\/pages\/53\/revisions"}],"predecessor-version":[{"id":4909,"href":"https:\/\/www.oulunsalonvasama.fi\/pesapallo\/wp-json\/wp\/v2\/pages\/53\/revisions\/4909"}],"wp:attachment":[{"href":"https:\/\/www.oulunsalonvasama.fi\/pesapallo\/wp-json\/wp\/v2\/media?parent=53"}],"curies":[{"name":"wp","href":"https:\/\/api.w.org\/{rel}","templated":true}]}}