{"id":2378,"date":"2015-04-30T08:43:40","date_gmt":"2015-04-30T05:43:40","guid":{"rendered":"http:\/\/www.oulunsalonvasama.fi\/pesapallo\/?page_id=2378"},"modified":"2024-10-24T16:35:02","modified_gmt":"2024-10-24T13:35:02","slug":"harrastepesis","status":"publish","type":"page","link":"https:\/\/www.oulunsalonvasama.fi\/pesapallo\/harrastepesis\/","title":{"rendered":"Harrastepesis"},"content":{"rendered":"<h1 style=\"text-align: left;\"><strong>Harrastepesis\u00a0<\/strong><\/h1>\n<div>\n<p><strong>Tervetuloa harrastamaan pesist\u00e4 mukavan pelailun merkeiss\u00e4!<\/strong><\/p>\n<p>Harrastepesis on tarkoitettu kaikille yli 12 -vuotiaille, yl\u00e4ik\u00e4rajaa ei ole ja usein mukana onkin ollut laajalla ik\u00e4haarukalla osallistujia. Kokemus ei ole pakollista, kaikkien osallistujien l\u00e4ht\u00f6taso otetaan huomioon ja treenataan sen mukaan. Mukana on aikaisemmin ollut porukkaa, jolla edellinen kokemus on vuosien takaa koulusta, sek\u00e4 jopa aikuisten kilpajoukkueissa pelanneita, jolloin harjoitteita muokataan niin, ett\u00e4 kaikki p\u00e4\u00e4sev\u00e4t omalla tasolla kokemaan onnistumisia. S\u00e4\u00e4nt\u00f6j\u00e4 ei tarvitse osata, vaan harjoittelemme lajitaitoja, nautimme kes\u00e4illoista ja mik\u00e4li tarpeeksi porukkaa on paikalla, l\u00e4hdet\u00e4\u00e4n harjoittelemaan s\u00e4\u00e4nt\u00f6jen mukaan pelaamista.<\/p>\n<\/div>\n<p><strong>Harrastepesis treenaa yhdess\u00e4 miesten maakuntasarjan joukkueen kanssa. Miesten joukkueen vet\u00e4jist\u00f6 ottaa harrastepesiksen porukan mukaan treeneihin ja opastaa pesiksen saloihin!\u00a0<\/strong>Ei ennakkoilmoittautumista, ilmesty vain paikalle :)<\/p>\n<p>Lis\u00e4tietoa: Juha Lahtinen p. 040 010 0372<\/p>\n<div>\n<p>&nbsp;<\/p>\n<\/div>\n","protected":false},"excerpt":{"rendered":"<p>Harrastepesis\u00a0 Tervetuloa harrastamaan pesist\u00e4 mukavan pelailun merkeiss\u00e4! Harrastepesis on tarkoitettu kaikille yli 12 -vuotiaille, yl\u00e4ik\u00e4rajaa ei ole ja usein mukana onkin ollut laajalla ik\u00e4haarukalla osallistujia. Kokemus ei ole pakollista, kaikkien osallistujien l\u00e4ht\u00f6taso otetaan huomioon ja treenataan sen mukaan. Mukana on aikaisemmin ollut porukkaa, jolla edellinen kokemus on vuosien takaa koulusta, sek\u00e4 jopa aikuisten kilpajoukkueissa pelanneita, [&hellip;]<\/p>\n","protected":false},"author":8,"featured_media":0,"parent":0,"menu_order":11,"comment_status":"closed","ping_status":"closed","template":"","meta":{"footnotes":""},"class_list":["post-2378","page","type-page","status-publish","hentry"],"_links":{"self":[{"href":"https:\/\/www.oulunsalonvasama.fi\/pesapallo\/wp-json\/wp\/v2\/pages\/2378","targetHints":{"allow":["GET"]}}],"collection":[{"href":"https:\/\/www.oulunsalonvasama.fi\/pesapallo\/wp-json\/wp\/v2\/pages"}],"about":[{"href":"https:\/\/www.oulunsalonvasama.fi\/pesapallo\/wp-json\/wp\/v2\/types\/page"}],"author":[{"embeddable":true,"href":"https:\/\/www.oulunsalonvasama.fi\/pesapallo\/wp-json\/wp\/v2\/users\/8"}],"replies":[{"embeddable":true,"href":"https:\/\/www.oulunsalonvasama.fi\/pesapallo\/wp-json\/wp\/v2\/comments?post=2378"}],"version-history":[{"count":49,"href":"https:\/\/www.oulunsalonvasama.fi\/pesapallo\/wp-json\/wp\/v2\/pages\/2378\/revisions"}],"predecessor-version":[{"id":5067,"href":"https:\/\/www.oulunsalonvasama.fi\/pesapallo\/wp-json\/wp\/v2\/pages\/2378\/revisions\/5067"}],"wp:attachment":[{"href":"https:\/\/www.oulunsalonvasama.fi\/pesapallo\/wp-json\/wp\/v2\/media?parent=2378"}],"curies":[{"name":"wp","href":"https:\/\/api.w.org\/{rel}","templated":true}]}}