{"id":19,"date":"2009-09-07T13:52:02","date_gmt":"2009-09-07T10:52:02","guid":{"rendered":"http:\/\/www.oulunsalonvasama.fi\/pesapallobeta\/?page_id=19"},"modified":"2025-11-30T21:56:38","modified_gmt":"2025-11-30T18:56:38","slug":"joukkueet","status":"publish","type":"page","link":"https:\/\/www.oulunsalonvasama.fi\/pesapallo\/joukkueet\/","title":{"rendered":"Joukkueet"},"content":{"rendered":"<h2 style=\"text-align: left;\"><strong>Kausi 2026<\/strong><\/h2>\n<p>&nbsp;<\/p>\n<p style=\"text-align: center;\"><a href=\"http:\/\/www.oulunsalonvasama.fi\/pesapallo\/wp-content\/uploads\/netti-mj.png\"><img loading=\"lazy\" decoding=\"async\" class=\"alignleft wp-image-3028\" src=\"http:\/\/www.oulunsalonvasama.fi\/pesapallo\/wp-content\/uploads\/netti-mj.png\" alt=\"netti-mj\" width=\"540\" height=\"211\" srcset=\"https:\/\/www.oulunsalonvasama.fi\/pesapallo\/wp-content\/uploads\/netti-mj.png 893w, https:\/\/www.oulunsalonvasama.fi\/pesapallo\/wp-content\/uploads\/netti-mj-300x117.png 300w, https:\/\/www.oulunsalonvasama.fi\/pesapallo\/wp-content\/uploads\/netti-mj-768x300.png 768w\" sizes=\"auto, (max-width: 540px) 100vw, 540px\" \/><\/a><\/p>\n<h2><\/h2>\n<p>N\u00e4ille sivuille ker\u00e4\u00e4mme joukkuekohtaista tietoa mm. harjoitusajoista, yhteyshenkil\u00f6ist\u00e4 ja muista ajankohtaisista asioista.<\/p>\n<p><strong>Voit tiedustella mahdollisuudesta liitty\u00e4 joukkueidemme harjoitusrinkeihin joukkueidenjohtajilta tai suoraan joukkueen valmentajilta.<\/strong><\/p>\n<p><a title=\"PES\u00c4PALLOLIITTO\" href=\"http:\/\/www.pesis.fi\/\" target=\"_blank\" rel=\"noopener noreferrer\">Pes\u00e4palloliiton<\/a> sivuilla on <a title=\"PES\u00c4PALLOLIITTO\/materiaalisalkku\" href=\"http:\/\/www.pesis.fi\/koulutustoiminta\/materiaalisalkku\/\" target=\"_blank\" rel=\"noopener noreferrer\">materiaalisalkku<\/a>, josta l\u00f6ytyy monenlaista tietoa pes\u00e4pallosta mm. s\u00e4\u00e4nn\u00f6t ja kilpailum\u00e4\u00e4r\u00e4ykset.<\/p>\n","protected":false},"excerpt":{"rendered":"<p>Kausi 2026 &nbsp; N\u00e4ille sivuille ker\u00e4\u00e4mme joukkuekohtaista tietoa mm. harjoitusajoista, yhteyshenkil\u00f6ist\u00e4 ja muista ajankohtaisista asioista. Voit tiedustella mahdollisuudesta liitty\u00e4 joukkueidemme harjoitusrinkeihin joukkueidenjohtajilta tai suoraan joukkueen valmentajilta. Pes\u00e4palloliiton sivuilla on materiaalisalkku, josta l\u00f6ytyy monenlaista tietoa pes\u00e4pallosta mm. s\u00e4\u00e4nn\u00f6t ja kilpailum\u00e4\u00e4r\u00e4ykset.<\/p>\n","protected":false},"author":1,"featured_media":0,"parent":0,"menu_order":8,"comment_status":"closed","ping_status":"closed","template":"","meta":{"footnotes":""},"class_list":["post-19","page","type-page","status-publish","hentry"],"_links":{"self":[{"href":"https:\/\/www.oulunsalonvasama.fi\/pesapallo\/wp-json\/wp\/v2\/pages\/19","targetHints":{"allow":["GET"]}}],"collection":[{"href":"https:\/\/www.oulunsalonvasama.fi\/pesapallo\/wp-json\/wp\/v2\/pages"}],"about":[{"href":"https:\/\/www.oulunsalonvasama.fi\/pesapallo\/wp-json\/wp\/v2\/types\/page"}],"author":[{"embeddable":true,"href":"https:\/\/www.oulunsalonvasama.fi\/pesapallo\/wp-json\/wp\/v2\/users\/1"}],"replies":[{"embeddable":true,"href":"https:\/\/www.oulunsalonvasama.fi\/pesapallo\/wp-json\/wp\/v2\/comments?post=19"}],"version-history":[{"count":27,"href":"https:\/\/www.oulunsalonvasama.fi\/pesapallo\/wp-json\/wp\/v2\/pages\/19\/revisions"}],"predecessor-version":[{"id":5116,"href":"https:\/\/www.oulunsalonvasama.fi\/pesapallo\/wp-json\/wp\/v2\/pages\/19\/revisions\/5116"}],"wp:attachment":[{"href":"https:\/\/www.oulunsalonvasama.fi\/pesapallo\/wp-json\/wp\/v2\/media?parent=19"}],"curies":[{"name":"wp","href":"https:\/\/api.w.org\/{rel}","templated":true}]}}