{"id":15,"date":"2009-09-07T13:51:37","date_gmt":"2009-09-07T10:51:37","guid":{"rendered":"http:\/\/www.oulunsalonvasama.fi\/pesapallobeta\/?page_id=15"},"modified":"2024-10-24T16:43:51","modified_gmt":"2024-10-24T13:43:51","slug":"tuomarit","status":"publish","type":"page","link":"https:\/\/www.oulunsalonvasama.fi\/pesapallo\/tuomarit\/","title":{"rendered":"Tuomarit"},"content":{"rendered":"<h2><span style=\"color: #000000;\"><strong>Tuomaritoiminta<\/strong><\/span><\/h2>\n<p>Tuomaritoiminta on ollut kautta aikain vilkasta Oulunsalon Vasamassa. N\u00e4iden arvostettujen ja palkittujen oikeudenjakajien ty\u00f6t\u00e4 on seurattu pitk\u00e4\u00e4n niin l\u00e4helt\u00e4 kuin kaukaakin. Joka vuosi tuomareiden joukkoon nousee uusia lahjakkaita nuoria kuin vanhempiakin harrastajia. Viime vuosina tuomaritoiminta on hidastunut, my\u00f6s meill\u00e4, kuten koko muullakin alueella. T\u00e4ll\u00e4 hetkell\u00e4 seurassamme toimii 10 koulutettua pes\u00e4pallotuomaria.<\/p>\n<p>Tuomaritoiminta tuo tuomareille t\u00e4rke\u00e4\u00e4 oppia lajin s\u00e4\u00e4nn\u00f6ist\u00e4, uutta n\u00e4k\u00f6kulmaa peliin, opastaa nuoria vastuuntuntoisuuteen sek\u00e4 ty\u00f6n tekemiseen. Kaikki lajista kiinnostuneet p\u00e4\u00e4sev\u00e4t mukaan toimintaan suorittamalla tuomarikortin, olivatpa he pelaajia tai kannustajia.<\/p>\n<p>&nbsp;<\/p>\n<h2><strong>Toimintaohjeita<\/strong><\/h2>\n<ul>\n<li>Suorita kev\u00e4\u00e4ll\u00e4 tuomarikoulutus.\n<ul>\n<li>Kaksiosaisen koulutuksen ensimm\u00e4inen osa on verkkokoulutus ja s\u00e4\u00e4nt\u00f6testi SuomiSport-palvelussa. <a href=\"https:\/\/www.suomisport.fi\/events?dateTimeRangeEnd=&amp;dateTimeRangeStart=&amp;organizers=&amp;purpose=&amp;searchTerm=koulutus%20pohjoinen&amp;sportIds&amp;tagIds\">Hae oman alueesi koulutustapahtuma t\u00e4ll\u00e4 sivulla.<\/a>\u00a0 esim. sanoilla &#8221;<em>koulutus pohjoinen<\/em>&#8221;. Huomioithan, ett\u00e4 sinun tulee ensin tehd\u00e4 tili SuomiSport-palveluun. Jos olet alle 18-vuotias, tekee huoltaja ensin tilin ja lis\u00e4\u00e4 sinut omalle tililleen. T\u00e4m\u00e4n j\u00e4lkeen voit k\u00e4ytt\u00e4\u00e4 palvelua itse omalla tunnuksella.<\/li>\n<li>Koulutuksen toinen osa on k\u00e4yt\u00e4nn\u00f6n koulutus kev\u00e4\u00e4ll\u00e4 &#8211; t\u00e4m\u00e4n ajankohdasta kerrotaan mm. OsVan tuomarien WhatsApp-ryhm\u00e4ss\u00e4<\/li>\n<\/ul>\n<\/li>\n<li>Tuomareiden, jotka eiv\u00e4t pelaa sarjassa ja hanki lisenssi\u00e4 pelaamiseen, tulee hankkia tuomarilisenssi ennen kauden alkua <a href=\"https:\/\/info.suomisport.fi\/\">SuomiSport-palvelussa<\/a><\/li>\n<li>Lis\u00e4ksi <strong>kaikki tuomarit hankkivat tuomarikortin<\/strong> <a href=\"https:\/\/www.suomisport.fi\/events?dateTimeRangeEnd=&amp;dateTimeRangeStart=&amp;organizers=&amp;purpose=&amp;searchTerm=tuomari%20pohjoinen&amp;sportIds&amp;tagIds\">SuomiSport-palvelussa.<\/a> L\u00f6yd\u00e4t oman\u00a0 alueesi kortin hankinnan <a href=\"https:\/\/www.suomisport.fi\/events?dateTimeRangeEnd=&amp;dateTimeRangeStart=&amp;organizers=&amp;purpose=&amp;searchTerm=tuomari%20pohjoinen&amp;sportIds&amp;tagIds\">tapahtumasivulta<\/a> esim. hakemalla\u00a0 sanoilla\u00a0 &#8221;<em>pohjoinen\u00a0 tuomari<\/em>&#8221;\u00a0 &#8211; muista\u00a0 valita\u00a0 oikean\u00a0 tasoinen\u00a0 kortti,\u00a0 jonka\u00a0 hankit\n<ul>\n<li><a href=\"https:\/\/www.pesis.fi\/kilpailu\/tuomarit\/nimeaminen\/\">Tietoa tuomaritasoista &#8211; eli mink\u00e4 tason tuomarikortti sinun tulee hankkia<\/a><\/li>\n<li>OsVa palauttaa tuomarikortin hinnasta puolet omille tuomareille, jotka sitoutuvat tuomaroimaan v\u00e4hint\u00e4\u00e4n 5 OsVan peli\u00e4 kes\u00e4n aikana &#8211; ohje korvauksen hakemiseen tulee WA-ryhm\u00e4\u00e4n<\/li>\n<\/ul>\n<\/li>\n<li>Estyneen\u00e4 tulee tuomarin hankkia sijainen itselleen sek\u00e4 ilmoittaa esteellisyydest\u00e4 ja sijaisesta tuomariryhm\u00e4ss\u00e4 (WhatsApp) sek\u00e4 kyseisen joukkueen yhteyshenkil\u00f6ille<\/li>\n<li>Otteluihin tulee saapua hyviss\u00e4 ajoin ja asiallisissa vaatteissa (NYP;NMS;NSS;\u00a0 45 min ennen ottelun alkua, muihin 30 min).<\/li>\n<\/ul>\n<h4><b>Tuomaripalkkiot<\/b><\/h4>\n<p><strong>OsVan tuomarit<\/strong> \u00a0merkkaavat palkkiot kioskissa olevaan kansioon pelin j\u00e4lkeen. Maksu tapahtuu palkanlaskennan aikataulun mukaisesti. Jos ette ole jo toimittaneet verokorttia ja tilinumeroa jaostolle jo aikaisemmin, tehk\u00e4\u00e4 se mahdollisimman pian. Tiedot voi toimittaa emmipakanen@oulunsalonvasama.fi ja ne laitetaan kootusti eteenp\u00e4in.<\/p>\n<p><strong>Ulkopuoliset tuomarin<\/strong> on\u00a0t\u00e4ytett\u00e4v\u00e4 tuomaripalkkiolasku, joka menee joukkueen rahastonhoitajalle. Rahastonhoitaja toimittaa minulle n\u00e4ist\u00e4 palkkioista excelin palkanlaskennan aikataulun mukaisesti. My\u00f6s verokortti on toimitettava minulle excelin yhteydess\u00e4, jotta voin toimittaa palkanlaskentaan.<\/p>\n<p><a href=\"https:\/\/www.pesis.fi\/kilpailu\/tuomarit\/tuomaripalkkiot\/\">Tietoa liiton\u00a0 tuomaripalkkioista<\/a><\/p>\n<h4><strong>Huomio!<\/strong><\/h4>\n<p>Tuomari on itse velvollinen hankkimaan sijaisen.<\/p>\n<p>Tuomari ilmoittaa sijaisen tiedot tuomarivastaavalle sek\u00e4 mahdollisuuksien mukaan my\u00f6s joukkueenjohtajalle.<\/p>\n<p>Mik\u00e4li sijaista ei l\u00f6ydy, niin ilmoittakaa tuomarivastaavalle (pakottavassa tilanteessa).<\/p>\n<h4><strong>Tuomarointi muille seuroille<\/strong><\/h4>\n<p>Jos OsVan tuomarina menet muihin seuroihin tuomaroimaan, olet oikeutettu liiton tuomarointipalkkioon. Tuomarilaskupohjan l\u00f6yd\u00e4t Materiaalisalkusta. Tulosta, ja t\u00e4yt\u00e4 se jo mahdollisimman hyvin valmiiksi, sek\u00e4 ota verokortin kopio mukaasi, kun menet tuomaroimaan. T\u00e4\u00e4lt\u00e4 l\u00f6yd\u00e4t ohjeet palkkion laskutukseen, sek\u00e4 palkkioiden m\u00e4\u00e4r\u00e4t: <a href=\"https:\/\/www.pesis.fi\/kilpailu\/tuomarit\/tuomaripalkkiot\/\">https:\/\/www.pesis.fi\/kilpailu\/tuomarit\/tuomaripalkkiot\/<\/a><\/p>\n<p>Huom! Alaik\u00e4inen ei voi laskuttaa kilometrikorvauksia, jos vanhempi h\u00e4net vie ottelupaikalle. Mopon kilometrikorvaukset voi laskuttaa ohjeiden mukaisesti.<\/p>\n<p>&nbsp;<\/p>\n<p><strong>Linkkej\u00e4:<\/strong><\/p>\n<p><a href=\"http:\/\/www.pesis.fi\/kilpailu\/tuomarit\/tuomarikoulutus\/\">Tuomarikoulutusvideoita<\/a><\/p>\n<p><a title=\"Tuomarit - Pes\u00e4palloliitto\" href=\"http:\/\/www.pesis.fi\/kilpailu\/tuomarit\/\" target=\"_blank\" rel=\"noopener noreferrer\">Tuomarit &#8211; Pes\u00e4palloliitto<\/a><\/p>\n<p><a href=\"http:\/\/www.pohjois-suomenpesis.fi\/tuomarit\/materiaalisalkku\/\">Tuomarit &#8211; Pohjois-Suomen Pesis<\/a><\/p>\n<p><a href=\"\/pesapallo\/materiaalisalkku\">Materiaalisalkusta<\/a> l\u00f6ytyy lis\u00e4\u00e4 tietoa.<\/p>\n<p>&nbsp;<\/p>\n","protected":false},"excerpt":{"rendered":"<p>Tuomaritoiminta Tuomaritoiminta on ollut kautta aikain vilkasta Oulunsalon Vasamassa. N\u00e4iden arvostettujen ja palkittujen oikeudenjakajien ty\u00f6t\u00e4 on seurattu pitk\u00e4\u00e4n niin l\u00e4helt\u00e4 kuin kaukaakin. Joka vuosi tuomareiden joukkoon nousee uusia lahjakkaita nuoria kuin vanhempiakin harrastajia. Viime vuosina tuomaritoiminta on hidastunut, my\u00f6s meill\u00e4, kuten koko muullakin alueella. T\u00e4ll\u00e4 hetkell\u00e4 seurassamme toimii 10 koulutettua pes\u00e4pallotuomaria. Tuomaritoiminta tuo tuomareille t\u00e4rke\u00e4\u00e4 [&hellip;]<\/p>\n","protected":false},"author":1,"featured_media":0,"parent":0,"menu_order":9,"comment_status":"closed","ping_status":"open","template":"","meta":{"footnotes":""},"class_list":["post-15","page","type-page","status-publish","hentry"],"_links":{"self":[{"href":"https:\/\/www.oulunsalonvasama.fi\/pesapallo\/wp-json\/wp\/v2\/pages\/15","targetHints":{"allow":["GET"]}}],"collection":[{"href":"https:\/\/www.oulunsalonvasama.fi\/pesapallo\/wp-json\/wp\/v2\/pages"}],"about":[{"href":"https:\/\/www.oulunsalonvasama.fi\/pesapallo\/wp-json\/wp\/v2\/types\/page"}],"author":[{"embeddable":true,"href":"https:\/\/www.oulunsalonvasama.fi\/pesapallo\/wp-json\/wp\/v2\/users\/1"}],"replies":[{"embeddable":true,"href":"https:\/\/www.oulunsalonvasama.fi\/pesapallo\/wp-json\/wp\/v2\/comments?post=15"}],"version-history":[{"count":151,"href":"https:\/\/www.oulunsalonvasama.fi\/pesapallo\/wp-json\/wp\/v2\/pages\/15\/revisions"}],"predecessor-version":[{"id":5077,"href":"https:\/\/www.oulunsalonvasama.fi\/pesapallo\/wp-json\/wp\/v2\/pages\/15\/revisions\/5077"}],"wp:attachment":[{"href":"https:\/\/www.oulunsalonvasama.fi\/pesapallo\/wp-json\/wp\/v2\/media?parent=15"}],"curies":[{"name":"wp","href":"https:\/\/api.w.org\/{rel}","templated":true}]}}