{"id":9690,"date":"2021-08-09T08:26:19","date_gmt":"2021-08-09T08:26:19","guid":{"rendered":"https:\/\/www.oulunsalonvasama.fi\/lentopallo\/?page_id=9690"},"modified":"2022-06-20T06:41:54","modified_gmt":"2022-06-20T06:41:54","slug":"kausi-2020-2021","status":"publish","type":"page","link":"https:\/\/www.oulunsalonvasama.fi\/lentopallo\/edelliset-kaudet\/kausi-2020-2021\/","title":{"rendered":"Kausi 2020-2021"},"content":{"rendered":"<h1><strong>Joukkueet kaudella 2020-2021<\/strong><\/h1>\n<p>T\u00e4lt\u00e4 sivulta l\u00f6yd\u00e4t joukkueiden yhteystiedot. Juniorijoukkueet ottavat koko ajan mukaan uusia pelaajia. Tervetuloa!<\/p>\n<p>Lentopallo on halpa harrastus. Alla on harrastusmaksut (sis. ohjauksen ja ryhm\u00e4vakuutuksen):<\/p>\n<ul>\n<li>F-juniorit: Vuosimaksu\u00a0 155 \u20ac<\/li>\n<li>E-juniorit: Vuosimaksu\u00a0 185 \u20ac<\/li>\n<li>D-juniorit ja vanhemmat: Vuosimaksu\u00a0 205 \u20ac<\/li>\n<li>Jos perheess\u00e4 useampi kuin 1 lapsi osallistuu toimintaa, vuosimaksu on 285 \u20ac\/perhe.<\/li>\n<\/ul>\n<p>Jos pelaaja osallistuu sarjatoimintaan, tarvitaan pelipassi. Pelipassien hinnat l\u00f6ytyv\u00e4t <a href=\"https:\/\/www.lentopalloliitto.fi\/urheilua\/kilpailu\/pelipassit.html\">Lentopalloliiton sivuilta<\/a>. Halutessaan voi tilata seura-asuja. Ne maksavat erikseen.<\/p>\n<hr \/>\n<h1><strong>Pikkujunnut:<\/strong><\/h1>\n<p><strong>Pallokerho\u00a0(alle kouluik\u00e4isille):<br \/>\n<\/strong>YHTEYSHENKIL\u00d6\u00c4 ETSIT\u00c4\u00c4N!\u00a0 Tiedustelut: Leena Kuukasj\u00e4rvi, 050-599 1766, leenakuukasjarvi [at] oulunsalonvasama.fi<strong><br \/>\n<\/strong><\/p>\n<p><strong>F-juniorit (12-13):<\/strong><br \/>\nJuha Pennanen, 0400-168 086, juha.pennanen [at] hotmail.com<\/p>\n<p>Harjoitukset:<br \/>\nkeskiviikkoisin klo 17-18 Niemenrannan koululla<\/p>\n<hr \/>\n<h1><strong>Tytt\u00f6joukkueet:<\/strong><\/h1>\n<p><strong>E-juniorit (10-11):<br \/>\n<\/strong>Juha Pennanen, 0400-168 086, juha.pennanen [at] hotmail.com<\/p>\n<p>Harjoitukset:<br \/>\ntiistaisin klo 17.30-18.30 Niemenrannan koululla<br \/>\ntorstaisin klo 17.30-18.30 Niemenrannan koululla<\/p>\n<p><strong>D-Tyt\u00f6t(08-09):<br \/>\n<\/strong>Jorma Rajala, 050-512 6170, jorma.rajala1 [at] outlook.com<\/p>\n<p>Harjoitukset:<br \/>\nkeskiviikkoisin klo 18-19.15 Niemenrannan koululla<br \/>\ntorstaisin klo 18-19.30 Niemenrannan koululla<br \/>\nsunnuntaisin kl0 16.30-18 Niemenrannan koululla<\/p>\n<p>&nbsp;<\/p>\n<p><a href=\"https:\/\/www.oulunsalonvasama.fi\/lentopallo\/joukkueet\/c-tytot\/\"><strong>C\/B <\/strong><strong>-Tyt\u00f6t(06-07)<\/strong>:<\/a><br \/>\nJarno Valtanen<\/p>\n<p><strong>B-Tyt\u00f6t (05)<\/strong>:<br \/>\nAnna Molander, 050 4675334, anna.molander [at] gmail.com<br \/>\nJari-Pekka Rontu, 040 7303450, jarppa.rontu [at] gmail.com<br \/>\nRaino Pitk\u00e4nen, raipit [at] hotmail.com<\/p>\n<p>&nbsp;<\/p>\n<hr \/>\n<h1><strong>Poikajoukkueet<\/strong><\/h1>\n<p><strong>E-Pojat(10-11):<\/strong><strong><br \/>\n<\/strong>Leena Kuukasj\u00e4rvi, 050-599 1766, leenakuukasjarvi [at] oulunsalonvasama.fi<\/p>\n<p>Harjoitukset:<br \/>\ntiistaisin klo 17.30-18.30 Niemenrannan koululla<br \/>\nkeskiviikkoisin klo 17-18 Niemenrannan koululla<strong><br \/>\n<\/strong><\/p>\n<p><strong>D-Pojat(08-09):<br \/>\n<\/strong>Jani Kuukasj\u00e4rvi, 0400-152 479, jani.kuukasjarvi [at] gmail.com<\/p>\n<p>Harjoitukset:<br \/>\ntiistaisin klo 18.30-19.45 Niemenrannan koululla<br \/>\nkeskiviikkoisin klo 18-19.15 Niemenrannan koululla<br \/>\nsunnuntaisin kl0 16.30-18 Niemenrannan koululla<\/p>\n<p><strong>C-pojat(06-07):<\/strong><strong><br \/>\n<\/strong>Juha Kauppila, 050-590 7203, kauppis7 [at]dnainternet.net<br \/>\nKari Vanhatupa, 045-111 7000, kari.vanhatupa [at] gmail.com<\/p>\n<p><strong>B-pojat(04-05):<\/strong><br \/>\nTimo Jokinen, 050-487 2861, timo.ta.jokinen [at] gmail.com<\/p>\n<p><strong>A-pojat (01-03):<br \/>\n<\/strong>Kimmo Aaltonen, 0440-895 089, kimmo.aaltonen [at] hotmail.fi<br \/>\nJuha Jokitulppo, 040-821 1645, juha.jokitulppo [at] elisanet.fi<\/p>\n<p>&nbsp;<\/p>\n<hr \/>\n<h1><strong>Aikuisjoukkueet:<\/strong><\/h1>\n<p><strong>Naiset 2002<\/strong>:<br \/>\nSaara Kittil\u00e4, 040-839 6725<\/p>\n<p><strong>N15:<\/strong><strong><br \/>\n<\/strong>Ali Pietil\u00e4inen alipi [at] elisanet.fi<\/p>\n<p><strong>PalloHukassa:<\/strong><br \/>\nEero Heikkinen, 040-968 8114<\/p>\n<p><strong>Miesten harraste:<\/strong><br \/>\nKimmo Aaltonen, 0440-895 0489, kimmo.aaltonen [at] hotmail.fi<\/p>\n","protected":false},"excerpt":{"rendered":"<p>Joukkueet kaudella 2020-2021 T\u00e4lt\u00e4 sivulta l\u00f6yd\u00e4t joukkueiden yhteystiedot. Juniorijoukkueet ottavat koko ajan mukaan uusia pelaajia. Tervetuloa! Lentopallo on halpa harrastus. Alla on harrastusmaksut (sis. ohjauksen ja ryhm\u00e4vakuutuksen): F-juniorit: Vuosimaksu\u00a0 155 \u20ac E-juniorit: Vuosimaksu\u00a0 185 \u20ac D-juniorit ja vanhemmat: Vuosimaksu\u00a0 205 \u20ac Jos perheess\u00e4 useampi kuin 1 lapsi osallistuu toimintaa, vuosimaksu on 285 \u20ac\/perhe. Jos pelaaja &#8230; <a title=\"Kausi 2020-2021\" class=\"read-more\" href=\"https:\/\/www.oulunsalonvasama.fi\/lentopallo\/edelliset-kaudet\/kausi-2020-2021\/\" aria-label=\"Lue lis\u00e4\u00e4 aiheesta Kausi 2020-2021\">Lue lis\u00e4\u00e4<\/a><\/p>\n","protected":false},"author":36,"featured_media":0,"parent":2069,"menu_order":0,"comment_status":"closed","ping_status":"closed","template":"","meta":{"footnotes":"","_links_to":"","_links_to_target":""},"class_list":["post-9690","page","type-page","status-publish"],"_links":{"self":[{"href":"https:\/\/www.oulunsalonvasama.fi\/lentopallo\/wp-json\/wp\/v2\/pages\/9690","targetHints":{"allow":["GET"]}}],"collection":[{"href":"https:\/\/www.oulunsalonvasama.fi\/lentopallo\/wp-json\/wp\/v2\/pages"}],"about":[{"href":"https:\/\/www.oulunsalonvasama.fi\/lentopallo\/wp-json\/wp\/v2\/types\/page"}],"author":[{"embeddable":true,"href":"https:\/\/www.oulunsalonvasama.fi\/lentopallo\/wp-json\/wp\/v2\/users\/36"}],"replies":[{"embeddable":true,"href":"https:\/\/www.oulunsalonvasama.fi\/lentopallo\/wp-json\/wp\/v2\/comments?post=9690"}],"version-history":[{"count":2,"href":"https:\/\/www.oulunsalonvasama.fi\/lentopallo\/wp-json\/wp\/v2\/pages\/9690\/revisions"}],"predecessor-version":[{"id":9829,"href":"https:\/\/www.oulunsalonvasama.fi\/lentopallo\/wp-json\/wp\/v2\/pages\/9690\/revisions\/9829"}],"up":[{"embeddable":true,"href":"https:\/\/www.oulunsalonvasama.fi\/lentopallo\/wp-json\/wp\/v2\/pages\/2069"}],"wp:attachment":[{"href":"https:\/\/www.oulunsalonvasama.fi\/lentopallo\/wp-json\/wp\/v2\/media?parent=9690"}],"curies":[{"name":"wp","href":"https:\/\/api.w.org\/{rel}","templated":true}]}}