{"id":9503,"date":"2020-10-23T13:39:33","date_gmt":"2020-10-23T13:39:33","guid":{"rendered":"http:\/\/www.oulunsalonvasama.fi\/lentopallo\/?page_id=9503"},"modified":"2022-02-08T10:23:09","modified_gmt":"2022-02-08T10:23:09","slug":"seura-asut","status":"publish","type":"page","link":"https:\/\/www.oulunsalonvasama.fi\/lentopallo\/seuratoimintaopas\/seura-asut\/","title":{"rendered":"Seura-asut"},"content":{"rendered":"<h2><strong>Seura-asut<\/strong><\/h2>\n<p>Oulunsalon Vasaman lentopallojaostolla on seura-asujen osalta voimassaoleva sopimus Macronin kanssa ja painatusten osalta Preantan kanssa. Seura-asusopimus velvoittaa kaikkia joukkueita hankkimaan peliasunsa Macronin kautta.<\/p>\n<hr \/>\n<h2><strong>Tilaaminen<\/strong><\/h2>\n<p>Oulunsalon Vasaman lentopallojaoston seura-asut tilataan Macronin verkkokaupasta<\/p>\n<p style=\"padding-left: 40px;\"><a href=\"https:\/\/macronfinland.fi\/fi\">https:\/\/macronfinland.fi\/fi<\/a><\/p>\n<p>Seura-asujen mallit ja hinnat l\u00f6ytyv\u00e4t seuraavista linkeist\u00e4:<\/p>\n<p style=\"padding-left: 40px;\"><a href=\"https:\/\/www.oulunsalonvasama.fi\/lentopallo\/wp-content\/uploads\/2020\/10\/Peliasut.pdf\">Peliasut<\/a><\/p>\n<p style=\"padding-left: 40px;\"><a href=\"https:\/\/www.oulunsalonvasama.fi\/lentopallo\/wp-content\/uploads\/2020\/10\/Verryttelyasut.pdf\">Verryttelyasut<\/a><\/p>\n<p>sek\u00e4 Macronin verkkokaupasta.<\/p>\n<p>Ohjeet tilaamiseen:<\/p>\n<ol>\n<li>Rekister\u00f6idy Macronin verkkokauppaan linkist\u00e4 <a href=\"https:\/\/macronfinland.fi\/fi\/omat-sivut\/rekisteroidy?tc=osva\">https:\/\/macronfinland.fi\/fi\/omat-sivut\/rekisteroidy?tc=osva<\/a><\/li>\n<li>Seuran verkkokauppa tulee sivun vasempaan reunaan, valitse tilattavat asut.<\/li>\n<li>Kun kaikki asut ovat ostoskorissa valittuna, laita toimitusosoite ja maksutapa, jonka j\u00e4lkeen tilaa asut. Toimitusaika on noin 2 viikkoa.<\/li>\n<\/ol>\n<p>Lis\u00e4tietoa l\u00f6ytyy <a href=\"https:\/\/www.oulunsalonvasama.fi\/lentopallo\/wp-content\/uploads\/2020\/10\/Macron_infokirje.pdf\">Macron_infokirje<\/a>:st\u00e4 OsValle.<\/p>\n<hr \/>\n<h2><strong>Painatus<\/strong><\/h2>\n<p>Oulunsalon Vasaman lentopallojaostolla on voimassaoleva sopimus painatuksista painopaikka Preantan kanssa. K\u00e4yt\u00e4 linkiss\u00e4 olevaa painatuslomaketta<\/p>\n<p style=\"padding-left: 40px;\"><a href=\"https:\/\/www.oulunsalonvasama.fi\/lentopallo\/wp-content\/uploads\/2020\/10\/Preanta_painatuslomake_2020-21.pdf\">Preanta_painatuslomake_2021-22<\/a>,<\/p>\n<p>kun toimitat asut painoon. Lomakkeen voi toimittaa joko s\u00e4hk\u00f6postitse tai paperisena.<\/p>\n<p>Painatushinnat l\u00f6ytyv\u00e4t linkist\u00e4 <a href=\"https:\/\/www.oulunsalonvasama.fi\/lentopallo\/wp-content\/uploads\/2020\/10\/Prenta_sopimus-2020-21.pdf\">Prenta_sopimus 2021-22<\/a>.<\/p>\n","protected":false},"excerpt":{"rendered":"<p>Seura-asut Oulunsalon Vasaman lentopallojaostolla on seura-asujen osalta voimassaoleva sopimus Macronin kanssa ja painatusten osalta Preantan kanssa. Seura-asusopimus velvoittaa kaikkia joukkueita hankkimaan peliasunsa Macronin kautta. Tilaaminen Oulunsalon Vasaman lentopallojaoston seura-asut tilataan Macronin verkkokaupasta https:\/\/macronfinland.fi\/fi Seura-asujen mallit ja hinnat l\u00f6ytyv\u00e4t seuraavista linkeist\u00e4: Peliasut Verryttelyasut sek\u00e4 Macronin verkkokaupasta. Ohjeet tilaamiseen: Rekister\u00f6idy Macronin verkkokauppaan linkist\u00e4 https:\/\/macronfinland.fi\/fi\/omat-sivut\/rekisteroidy?tc=osva Seuran verkkokauppa tulee &#8230; <a title=\"Seura-asut\" class=\"read-more\" href=\"https:\/\/www.oulunsalonvasama.fi\/lentopallo\/seuratoimintaopas\/seura-asut\/\" aria-label=\"Lue lis\u00e4\u00e4 aiheesta Seura-asut\">Lue lis\u00e4\u00e4<\/a><\/p>\n","protected":false},"author":36,"featured_media":0,"parent":9297,"menu_order":0,"comment_status":"closed","ping_status":"closed","template":"","meta":{"footnotes":"","_links_to":"","_links_to_target":""},"class_list":["post-9503","page","type-page","status-publish"],"_links":{"self":[{"href":"https:\/\/www.oulunsalonvasama.fi\/lentopallo\/wp-json\/wp\/v2\/pages\/9503","targetHints":{"allow":["GET"]}}],"collection":[{"href":"https:\/\/www.oulunsalonvasama.fi\/lentopallo\/wp-json\/wp\/v2\/pages"}],"about":[{"href":"https:\/\/www.oulunsalonvasama.fi\/lentopallo\/wp-json\/wp\/v2\/types\/page"}],"author":[{"embeddable":true,"href":"https:\/\/www.oulunsalonvasama.fi\/lentopallo\/wp-json\/wp\/v2\/users\/36"}],"replies":[{"embeddable":true,"href":"https:\/\/www.oulunsalonvasama.fi\/lentopallo\/wp-json\/wp\/v2\/comments?post=9503"}],"version-history":[{"count":13,"href":"https:\/\/www.oulunsalonvasama.fi\/lentopallo\/wp-json\/wp\/v2\/pages\/9503\/revisions"}],"predecessor-version":[{"id":9807,"href":"https:\/\/www.oulunsalonvasama.fi\/lentopallo\/wp-json\/wp\/v2\/pages\/9503\/revisions\/9807"}],"up":[{"embeddable":true,"href":"https:\/\/www.oulunsalonvasama.fi\/lentopallo\/wp-json\/wp\/v2\/pages\/9297"}],"wp:attachment":[{"href":"https:\/\/www.oulunsalonvasama.fi\/lentopallo\/wp-json\/wp\/v2\/media?parent=9503"}],"curies":[{"name":"wp","href":"https:\/\/api.w.org\/{rel}","templated":true}]}}