{"id":9301,"date":"2020-02-10T13:14:43","date_gmt":"2020-02-10T13:14:43","guid":{"rendered":"http:\/\/www.oulunsalonvasama.fi\/lentopallo\/?page_id=9301"},"modified":"2020-10-23T13:40:13","modified_gmt":"2020-10-23T13:40:13","slug":"lentopallojaoston-organisaatio-ja-toimenkuvat","status":"publish","type":"page","link":"https:\/\/www.oulunsalonvasama.fi\/lentopallo\/seuratoimintaopas\/lentopallojaoston-organisaatio-ja-toimenkuvat\/","title":{"rendered":"Jaosto"},"content":{"rendered":"<h1>Lentopallojaoston organisaatio ja toimenkuvat<\/h1>\n<p class=\"HHonormaali\" style=\"text-align: justify;\">Lentopallojaosto muodostuu jaoston johtokunnasta, joukkueista, pelaajista, valmentajista, ohjaajista, joukkueiden toimihenkil\u00f6ist\u00e4, tuomareista, erillisj\u00e4senist\u00e4 sek\u00e4 kaikkien n\u00e4iden perheist\u00e4.<\/p>\n<h2>Jaoston johtokunnan tavoitteena on mm:<\/h2>\n<ul>\n<li>Jaoston toimintaedellytysten parantaminen<\/li>\n<li>Saada jaoston toimintaan mukaan lis\u00e4\u00e4 aktiivij\u00e4seni\u00e4 ja voimaa<\/li>\n<li>Toiminnan jatkuvuuden parantaminen jakamalla vastuuta ja tutustuttamalla useampia henkil\u00f6it\u00e4 yhteisten asioiden hoitamiseen<\/li>\n<li>Ty\u00f6kuorman jakaminen useammalle, jolloin yksitt\u00e4isille aktiivij\u00e4senille ei tule liian isoa ty\u00f6kuormaa (jaoston yhteinen velvollisuus on pit\u00e4\u00e4 huolta kaikkien jaksamisesta)<\/li>\n<li>Tiedonkulku parantaminen jaoston ja joukkueiden sek\u00e4 joukkueiden j\u00e4senten ja heid\u00e4n perheidens\u00e4 v\u00e4lill\u00e4<\/li>\n<\/ul>\n<p>Jaosto kokoontuu 5-10 kertaa vuodessa. Kokouskutsu l\u00e4hetet\u00e4\u00e4n lentopallojaoston yhteisell\u00e4 postituslistalla (johtokuntalentopallojaosto [at] oulunsalonvasama.fi). Jokaisesta joukkueessta odotetaan edustusta kokoukseen. Osallistuville joukkueille maksetaan kokouspalkkio.<\/p>\n<h2>Toimenkuvat:<\/h2>\n<ul>\n<li><a href=\"https:\/\/www.oulunsalonvasama.fi\/lentopallo\/materiaalipankki\/seuratoimintaopas\/lentopallojaoston-organisaatio-ja-toimenkuvat\/puheenjohtaja-ja-varapuheenjohtaja\/\">Puheenjohtaja<\/a><\/li>\n<li><a href=\"https:\/\/www.oulunsalonvasama.fi\/lentopallo\/materiaalipankki\/seuratoimintaopas\/lentopallojaoston-organisaatio-ja-toimenkuvat\/puheenjohtaja-ja-varapuheenjohtaja\/\">Varapuheenjohtaja<\/a><\/li>\n<li>Sihteeri<\/li>\n<li>Rahastonhoitaja<\/li>\n<li>Nuorisop\u00e4\u00e4llikk\u00f6<\/li>\n<li>Koulutusvastaava<\/li>\n<li>Erotuomarivastaava<\/li>\n<li>Pallopoikavastaava<\/li>\n<li>Tiedotus- ja nettivastaava<\/li>\n<\/ul>\n","protected":false},"excerpt":{"rendered":"<p>Lentopallojaoston organisaatio ja toimenkuvat Lentopallojaosto muodostuu jaoston johtokunnasta, joukkueista, pelaajista, valmentajista, ohjaajista, joukkueiden toimihenkil\u00f6ist\u00e4, tuomareista, erillisj\u00e4senist\u00e4 sek\u00e4 kaikkien n\u00e4iden perheist\u00e4. Jaoston johtokunnan tavoitteena on mm: Jaoston toimintaedellytysten parantaminen Saada jaoston toimintaan mukaan lis\u00e4\u00e4 aktiivij\u00e4seni\u00e4 ja voimaa Toiminnan jatkuvuuden parantaminen jakamalla vastuuta ja tutustuttamalla useampia henkil\u00f6it\u00e4 yhteisten asioiden hoitamiseen Ty\u00f6kuorman jakaminen useammalle, jolloin yksitt\u00e4isille aktiivij\u00e4senille ei &#8230; <a title=\"Jaosto\" class=\"read-more\" href=\"https:\/\/www.oulunsalonvasama.fi\/lentopallo\/seuratoimintaopas\/lentopallojaoston-organisaatio-ja-toimenkuvat\/\" aria-label=\"Lue lis\u00e4\u00e4 aiheesta Jaosto\">Lue lis\u00e4\u00e4<\/a><\/p>\n","protected":false},"author":36,"featured_media":0,"parent":9297,"menu_order":1,"comment_status":"closed","ping_status":"closed","template":"","meta":{"footnotes":"","_links_to":"","_links_to_target":""},"class_list":["post-9301","page","type-page","status-publish"],"_links":{"self":[{"href":"https:\/\/www.oulunsalonvasama.fi\/lentopallo\/wp-json\/wp\/v2\/pages\/9301","targetHints":{"allow":["GET"]}}],"collection":[{"href":"https:\/\/www.oulunsalonvasama.fi\/lentopallo\/wp-json\/wp\/v2\/pages"}],"about":[{"href":"https:\/\/www.oulunsalonvasama.fi\/lentopallo\/wp-json\/wp\/v2\/types\/page"}],"author":[{"embeddable":true,"href":"https:\/\/www.oulunsalonvasama.fi\/lentopallo\/wp-json\/wp\/v2\/users\/36"}],"replies":[{"embeddable":true,"href":"https:\/\/www.oulunsalonvasama.fi\/lentopallo\/wp-json\/wp\/v2\/comments?post=9301"}],"version-history":[{"count":7,"href":"https:\/\/www.oulunsalonvasama.fi\/lentopallo\/wp-json\/wp\/v2\/pages\/9301\/revisions"}],"predecessor-version":[{"id":9505,"href":"https:\/\/www.oulunsalonvasama.fi\/lentopallo\/wp-json\/wp\/v2\/pages\/9301\/revisions\/9505"}],"up":[{"embeddable":true,"href":"https:\/\/www.oulunsalonvasama.fi\/lentopallo\/wp-json\/wp\/v2\/pages\/9297"}],"wp:attachment":[{"href":"https:\/\/www.oulunsalonvasama.fi\/lentopallo\/wp-json\/wp\/v2\/media?parent=9301"}],"curies":[{"name":"wp","href":"https:\/\/api.w.org\/{rel}","templated":true}]}}