{"id":9065,"date":"2019-08-20T04:26:57","date_gmt":"2019-08-20T04:26:57","guid":{"rendered":"http:\/\/www.oulunsalonvasama.fi\/lentopallo\/?page_id=9065"},"modified":"2019-08-20T04:43:42","modified_gmt":"2019-08-20T04:43:42","slug":"f-juniorit","status":"publish","type":"page","link":"https:\/\/www.oulunsalonvasama.fi\/lentopallo\/edelliset-kaudet\/kausi-2019-2020\/f-juniorit\/","title":{"rendered":"F-juniorit"},"content":{"rendered":"<div>Joukkueessa pelaa vuonna 2011 ja my\u00f6hemmin syntyneit\u00e4 tytt\u00f6j\u00e4 ja poikia.<\/div>\n<h3>Toimihenkil\u00f6t<\/h3>\n<h3>Joukkueen valmentajat:<\/h3>\n<ul>\n<li>Tiia Tapio<\/li>\n<li>Tilda Asunmaa<\/li>\n<\/ul>\n<h3>Tiedustelut:<\/h3>\n<ul>\n<li>Leena Kuukasj\u00e4rvi, p. 050-599 1766, leenakuukasjarvi@oulunsalonvasama.fi<\/li>\n<\/ul>\n<h3>Harjoitusvuorot (alkaen 23.8.2019)<\/h3>\n<ul>\n<li>Perjantaisin klo 17:00-18:00, Niemenrannan koulu<\/li>\n<\/ul>\n","protected":false},"excerpt":{"rendered":"<p>Joukkueessa pelaa vuonna 2011 ja my\u00f6hemmin syntyneit\u00e4 tytt\u00f6j\u00e4 ja poikia. Toimihenkil\u00f6t Joukkueen valmentajat: Tiia Tapio Tilda Asunmaa Tiedustelut: Leena Kuukasj\u00e4rvi, p. 050-599 1766, leenakuukasjarvi@oulunsalonvasama.fi Harjoitusvuorot (alkaen 23.8.2019) Perjantaisin klo 17:00-18:00, Niemenrannan koulu<\/p>\n","protected":false},"author":36,"featured_media":0,"parent":9000,"menu_order":0,"comment_status":"closed","ping_status":"closed","template":"","meta":{"footnotes":"","_links_to":"","_links_to_target":""},"class_list":["post-9065","page","type-page","status-publish"],"_links":{"self":[{"href":"https:\/\/www.oulunsalonvasama.fi\/lentopallo\/wp-json\/wp\/v2\/pages\/9065","targetHints":{"allow":["GET"]}}],"collection":[{"href":"https:\/\/www.oulunsalonvasama.fi\/lentopallo\/wp-json\/wp\/v2\/pages"}],"about":[{"href":"https:\/\/www.oulunsalonvasama.fi\/lentopallo\/wp-json\/wp\/v2\/types\/page"}],"author":[{"embeddable":true,"href":"https:\/\/www.oulunsalonvasama.fi\/lentopallo\/wp-json\/wp\/v2\/users\/36"}],"replies":[{"embeddable":true,"href":"https:\/\/www.oulunsalonvasama.fi\/lentopallo\/wp-json\/wp\/v2\/comments?post=9065"}],"version-history":[{"count":9,"href":"https:\/\/www.oulunsalonvasama.fi\/lentopallo\/wp-json\/wp\/v2\/pages\/9065\/revisions"}],"predecessor-version":[{"id":9090,"href":"https:\/\/www.oulunsalonvasama.fi\/lentopallo\/wp-json\/wp\/v2\/pages\/9065\/revisions\/9090"}],"up":[{"embeddable":true,"href":"https:\/\/www.oulunsalonvasama.fi\/lentopallo\/wp-json\/wp\/v2\/pages\/9000"}],"wp:attachment":[{"href":"https:\/\/www.oulunsalonvasama.fi\/lentopallo\/wp-json\/wp\/v2\/media?parent=9065"}],"curies":[{"name":"wp","href":"https:\/\/api.w.org\/{rel}","templated":true}]}}