{"id":8659,"date":"2018-09-16T07:01:23","date_gmt":"2018-09-16T07:01:23","guid":{"rendered":"http:\/\/www.oulunsalonvasama.fi\/lentopallo\/?page_id=8659"},"modified":"2018-09-16T10:40:54","modified_gmt":"2018-09-16T10:40:54","slug":"miehet-2-sarja","status":"publish","type":"page","link":"https:\/\/www.oulunsalonvasama.fi\/lentopallo\/edelliset-kaudet\/kausi-2018-2019\/miehet-2-sarja\/","title":{"rendered":"Miehet 2-sarja"},"content":{"rendered":"<h1>Miehet 2-sarja<\/h1>\n<p>Miesten 2-sarjajoukkue l\u00e4htee sarjaan nuorella joukkueella. Joukkue koostuu p\u00e4\u00e4asiassa A-ik\u00e4isist\u00e4 junioreista lis\u00e4ttyn\u00e4 muutamalla pelaajalla, jotka ovat v\u00e4h\u00e4n aikaan sitten j\u00e4tt\u00e4neet A-ik\u00e4luokan. Viime kauden joukkkueesta kaksi siirtyi 1-sarjaan, kolme lopetti valitettavasti pelaamisen ja 2 tuli tilalle, joten normaalia vaihtuvuutta.<\/p>\n<p>Joukkueen tavoitteena on toimia alueen junioreille ponnahduslautana kohti kovempia pelej\u00e4, sill\u00e4 alueella on hyvin poikajunioreita kasvamassa kohti miesten pelej\u00e4. Tervetuloa seuraamaan tasokkaita pelej\u00e4 Oulunsalon kirkonkyl\u00e4n koululle.<\/p>\n<p><a href=\"https:\/\/lentopallo.torneopal.fi\/taso\/sarja.php?turnaus=vb2018a&amp;sarja=M2&amp;lohko=1\">Sarjaohjelma<\/a><\/p>\n<p>Pelaajat:<\/p>\n<p>1 Vili Taskila passari<\/p>\n<p>4 Toni Katajam\u00e4ki yleispelaaja, keskipelaaja<\/p>\n<p>6 Santeri Karvola keskitorjuja<\/p>\n<p>9 Tuomas H\u00e4nninen hakkuri, keskipelaaja<\/p>\n<p>10 Martti Mustonen keskipelaaja<\/p>\n<p>11 Aki Snellman libero, yleispelaaja<\/p>\n<p>13 Marcuss Cielavs yleispelaaja<\/p>\n<p>18 Heikki Lahti yleispelaaja, libero<\/p>\n<p>Juho Puolitaival hakkuri, yleispelaaja<\/p>\n<p>Valmentaja: Jani H\u00e4nninen<\/p>\n<p>&nbsp;<\/p>\n","protected":false},"excerpt":{"rendered":"<p>Miehet 2-sarja Miesten 2-sarjajoukkue l\u00e4htee sarjaan nuorella joukkueella. Joukkue koostuu p\u00e4\u00e4asiassa A-ik\u00e4isist\u00e4 junioreista lis\u00e4ttyn\u00e4 muutamalla pelaajalla, jotka ovat v\u00e4h\u00e4n aikaan sitten j\u00e4tt\u00e4neet A-ik\u00e4luokan. Viime kauden joukkkueesta kaksi siirtyi 1-sarjaan, kolme lopetti valitettavasti pelaamisen ja 2 tuli tilalle, joten normaalia vaihtuvuutta. Joukkueen tavoitteena on toimia alueen junioreille ponnahduslautana kohti kovempia pelej\u00e4, sill\u00e4 alueella on hyvin poikajunioreita &#8230; <a title=\"Miehet 2-sarja\" class=\"read-more\" href=\"https:\/\/www.oulunsalonvasama.fi\/lentopallo\/edelliset-kaudet\/kausi-2018-2019\/miehet-2-sarja\/\" aria-label=\"Lue lis\u00e4\u00e4 aiheesta Miehet 2-sarja\">Lue lis\u00e4\u00e4<\/a><\/p>\n","protected":false},"author":36,"featured_media":0,"parent":8546,"menu_order":0,"comment_status":"closed","ping_status":"closed","template":"","meta":{"footnotes":"","_links_to":"","_links_to_target":""},"class_list":["post-8659","page","type-page","status-publish"],"_links":{"self":[{"href":"https:\/\/www.oulunsalonvasama.fi\/lentopallo\/wp-json\/wp\/v2\/pages\/8659","targetHints":{"allow":["GET"]}}],"collection":[{"href":"https:\/\/www.oulunsalonvasama.fi\/lentopallo\/wp-json\/wp\/v2\/pages"}],"about":[{"href":"https:\/\/www.oulunsalonvasama.fi\/lentopallo\/wp-json\/wp\/v2\/types\/page"}],"author":[{"embeddable":true,"href":"https:\/\/www.oulunsalonvasama.fi\/lentopallo\/wp-json\/wp\/v2\/users\/36"}],"replies":[{"embeddable":true,"href":"https:\/\/www.oulunsalonvasama.fi\/lentopallo\/wp-json\/wp\/v2\/comments?post=8659"}],"version-history":[{"count":7,"href":"https:\/\/www.oulunsalonvasama.fi\/lentopallo\/wp-json\/wp\/v2\/pages\/8659\/revisions"}],"predecessor-version":[{"id":8667,"href":"https:\/\/www.oulunsalonvasama.fi\/lentopallo\/wp-json\/wp\/v2\/pages\/8659\/revisions\/8667"}],"up":[{"embeddable":true,"href":"https:\/\/www.oulunsalonvasama.fi\/lentopallo\/wp-json\/wp\/v2\/pages\/8546"}],"wp:attachment":[{"href":"https:\/\/www.oulunsalonvasama.fi\/lentopallo\/wp-json\/wp\/v2\/media?parent=8659"}],"curies":[{"name":"wp","href":"https:\/\/api.w.org\/{rel}","templated":true}]}}