{"id":8619,"date":"2018-09-03T14:20:07","date_gmt":"2018-09-03T14:20:07","guid":{"rendered":"http:\/\/www.oulunsalonvasama.fi\/lentopallo\/?page_id=8619"},"modified":"2018-09-03T14:21:41","modified_gmt":"2018-09-03T14:21:41","slug":"c-pojat","status":"publish","type":"page","link":"https:\/\/www.oulunsalonvasama.fi\/lentopallo\/edelliset-kaudet\/kausi-2018-2019\/c-pojat\/","title":{"rendered":"C-pojat"},"content":{"rendered":"<h2><strong>CP kaudella 2018-2019<\/strong><\/h2>\n<p><a href=\"https:\/\/www.oulunsalonvasama.fi\/lentopallo\/wp-content\/uploads\/2018\/04\/image.png\"><img loading=\"lazy\" decoding=\"async\" class=\"alignnone size-medium wp-image-8407\" src=\"https:\/\/www.oulunsalonvasama.fi\/lentopallo\/wp-content\/uploads\/2018\/04\/image-300x225.png\" alt=\"\" width=\"300\" height=\"225\" srcset=\"https:\/\/www.oulunsalonvasama.fi\/lentopallo\/wp-content\/uploads\/2018\/04\/image-300x225.png 300w, https:\/\/www.oulunsalonvasama.fi\/lentopallo\/wp-content\/uploads\/2018\/04\/image-768x576.png 768w, https:\/\/www.oulunsalonvasama.fi\/lentopallo\/wp-content\/uploads\/2018\/04\/image-1024x768.png 1024w, https:\/\/www.oulunsalonvasama.fi\/lentopallo\/wp-content\/uploads\/2018\/04\/image.png 1425w\" sizes=\"auto, (max-width: 300px) 100vw, 300px\" \/><\/a><\/p>\n<p>Vastuuvalmentajat:<br \/>\nLeena Kuukasj\u00e4rvi, leenakuukasjarvi@<a href=\"http:\/\/oulunsalonvasama.fi\/\" target=\"_blank\" rel=\"noopener\" data-saferedirecturl=\"https:\/\/www.google.com\/url?hl=fi&amp;q=http:\/\/oulunsalonvasama.fi\/&amp;source=gmail&amp;ust=1522931232643000&amp;usg=AFQjCNHLYZalS4E6dSyLL1U8Ssu4L-Q5pw\">oulunsalonvasama.fi<\/a><br \/>\nSaara Katainen, saarakatainen@<a href=\"http:\/\/hotmail.com\/\" target=\"_blank\" rel=\"noopener\" data-saferedirecturl=\"https:\/\/www.google.com\/url?hl=fi&amp;q=http:\/\/hotmail.com&amp;source=gmail&amp;ust=1522931232643000&amp;usg=AFQjCNGWDexOmlZ3VmAf8Esrz8zAAqn9YQ\">hotmail.com<\/a><\/p>\n<p>Joukkueenjohtaja\/rahastonhoitaja:<br \/>\nTimo Jokinen, timo.ta.jokinen@<a href=\"http:\/\/gmail.com\/\" target=\"_blank\" rel=\"noopener\" data-saferedirecturl=\"https:\/\/www.google.com\/url?hl=fi&amp;q=http:\/\/gmail.com\/&amp;source=gmail&amp;ust=1522931232643000&amp;usg=AFQjCNGWML0mwmHjoCXxXZF9sIfHcd17fA\">gmail.com.\u00a0<\/a><\/p>\n<p>Pelaajat:<\/p>\n<ul>\n<li>Mikko Aaltonen<\/li>\n<li>Riku H\u00e4m\u00e4l\u00e4inen<\/li>\n<li>Tuomas Jokinen<\/li>\n<li>Vili Kanniainen<\/li>\n<li>Teemu Katainen<\/li>\n<li>Justus Kuukasj\u00e4rvi<\/li>\n<li>Ville Kuukasj\u00e4rvi<\/li>\n<li>Santeri Puolakanaho<\/li>\n<\/ul>\n","protected":false},"excerpt":{"rendered":"<p>CP kaudella 2018-2019 Vastuuvalmentajat: Leena Kuukasj\u00e4rvi, leenakuukasjarvi@oulunsalonvasama.fi Saara Katainen, saarakatainen@hotmail.com Joukkueenjohtaja\/rahastonhoitaja: Timo Jokinen, timo.ta.jokinen@gmail.com.\u00a0 Pelaajat: Mikko Aaltonen Riku H\u00e4m\u00e4l\u00e4inen Tuomas Jokinen Vili Kanniainen Teemu Katainen Justus Kuukasj\u00e4rvi Ville Kuukasj\u00e4rvi Santeri Puolakanaho<\/p>\n","protected":false},"author":36,"featured_media":0,"parent":8546,"menu_order":8,"comment_status":"closed","ping_status":"closed","template":"","meta":{"footnotes":"","_links_to":"","_links_to_target":""},"class_list":["post-8619","page","type-page","status-publish"],"_links":{"self":[{"href":"https:\/\/www.oulunsalonvasama.fi\/lentopallo\/wp-json\/wp\/v2\/pages\/8619","targetHints":{"allow":["GET"]}}],"collection":[{"href":"https:\/\/www.oulunsalonvasama.fi\/lentopallo\/wp-json\/wp\/v2\/pages"}],"about":[{"href":"https:\/\/www.oulunsalonvasama.fi\/lentopallo\/wp-json\/wp\/v2\/types\/page"}],"author":[{"embeddable":true,"href":"https:\/\/www.oulunsalonvasama.fi\/lentopallo\/wp-json\/wp\/v2\/users\/36"}],"replies":[{"embeddable":true,"href":"https:\/\/www.oulunsalonvasama.fi\/lentopallo\/wp-json\/wp\/v2\/comments?post=8619"}],"version-history":[{"count":3,"href":"https:\/\/www.oulunsalonvasama.fi\/lentopallo\/wp-json\/wp\/v2\/pages\/8619\/revisions"}],"predecessor-version":[{"id":8622,"href":"https:\/\/www.oulunsalonvasama.fi\/lentopallo\/wp-json\/wp\/v2\/pages\/8619\/revisions\/8622"}],"up":[{"embeddable":true,"href":"https:\/\/www.oulunsalonvasama.fi\/lentopallo\/wp-json\/wp\/v2\/pages\/8546"}],"wp:attachment":[{"href":"https:\/\/www.oulunsalonvasama.fi\/lentopallo\/wp-json\/wp\/v2\/media?parent=8619"}],"curies":[{"name":"wp","href":"https:\/\/api.w.org\/{rel}","templated":true}]}}