{"id":8396,"date":"2018-04-02T20:03:06","date_gmt":"2018-04-02T20:03:06","guid":{"rendered":"http:\/\/www.oulunsalonvasama.fi\/lentopallo\/?page_id=8396"},"modified":"2018-04-04T12:53:26","modified_gmt":"2018-04-04T12:53:26","slug":"d-pojat","status":"publish","type":"page","link":"https:\/\/www.oulunsalonvasama.fi\/lentopallo\/edelliset-kaudet\/kausi-2017-2018\/d-pojat\/","title":{"rendered":"D-pojat"},"content":{"rendered":"<p>Vastuuvalmentaja: Juha Kauppila, kauppis7@<a href=\"http:\/\/dnainternet.net\/\" target=\"_blank\" rel=\"noopener\" data-saferedirecturl=\"https:\/\/www.google.com\/url?hl=fi&amp;q=http:\/\/dnainternet.net&amp;source=gmail&amp;ust=1522931232637000&amp;usg=AFQjCNGZJ_0Mi-vlTXXDE2KgdX32ax2u6Q\">dnainternet.net<\/a>)<\/p>\n<p>Joukkueenjohtaja: Leena Kuukasj\u00e4rvi, leenakuukasjarvi@<a href=\"http:\/\/oulunsalonvasama.fi\/\" target=\"_blank\" rel=\"noopener\" data-saferedirecturl=\"https:\/\/www.google.com\/url?hl=fi&amp;q=http:\/\/oulunsalonvasama.fi&amp;source=gmail&amp;ust=1522931232637000&amp;usg=AFQjCNFLFeyOhK21UDKefjtAu5dXErvmsQ\">oulunsalonvasama.fi<\/a><\/p>\n<p>Rahastonhoitaja: Timo Jokinen, timo.ta.jokinen@gmail.com<\/p>\n<p>Harjoitusvuorot:<\/p>\n<ul>\n<li>Maanantaisin klo 18:30 &#8211; 20.00, Niemenrannan koulu<\/li>\n<li>Torstaisin klo 18:00 &#8211; 20:00, Niemenrannan koulu<\/li>\n<li>Sunnuntaisin klo 18:00 &#8211; 19.30, Niemenrannan koulu<\/li>\n<\/ul>\n<p>Pelaajat<\/p>\n<ul>\n<li>Mikko Aaltonen<\/li>\n<li>Riku H\u00e4m\u00e4l\u00e4inen<\/li>\n<li>Vili Kanniainen<\/li>\n<li>Valtteri Kauppila<\/li>\n<li>Ville Kauppila<\/li>\n<li>Saku Kemi<\/li>\n<li>Ville Kuukasj\u00e4rvi<\/li>\n<\/ul>\n<p><a href=\"https:\/\/www.oulunsalonvasama.fi\/lentopallo\/wp-content\/uploads\/2018\/04\/image-2.png\"><img loading=\"lazy\" decoding=\"async\" class=\"alignnone size-medium wp-image-8414\" src=\"https:\/\/www.oulunsalonvasama.fi\/lentopallo\/wp-content\/uploads\/2018\/04\/image-2-300x225.png\" alt=\"\" width=\"300\" height=\"225\" srcset=\"https:\/\/www.oulunsalonvasama.fi\/lentopallo\/wp-content\/uploads\/2018\/04\/image-2-300x225.png 300w, https:\/\/www.oulunsalonvasama.fi\/lentopallo\/wp-content\/uploads\/2018\/04\/image-2-768x576.png 768w, https:\/\/www.oulunsalonvasama.fi\/lentopallo\/wp-content\/uploads\/2018\/04\/image-2-1024x768.png 1024w, https:\/\/www.oulunsalonvasama.fi\/lentopallo\/wp-content\/uploads\/2018\/04\/image-2.png 1425w\" sizes=\"auto, (max-width: 300px) 100vw, 300px\" \/><\/a><\/p>\n","protected":false},"excerpt":{"rendered":"<p>Vastuuvalmentaja: Juha Kauppila, kauppis7@dnainternet.net) Joukkueenjohtaja: Leena Kuukasj\u00e4rvi, leenakuukasjarvi@oulunsalonvasama.fi Rahastonhoitaja: Timo Jokinen, timo.ta.jokinen@gmail.com Harjoitusvuorot: Maanantaisin klo 18:30 &#8211; 20.00, Niemenrannan koulu Torstaisin klo 18:00 &#8211; 20:00, Niemenrannan koulu Sunnuntaisin klo 18:00 &#8211; 19.30, Niemenrannan koulu Pelaajat Mikko Aaltonen Riku H\u00e4m\u00e4l\u00e4inen Vili Kanniainen Valtteri Kauppila Ville Kauppila Saku Kemi Ville Kuukasj\u00e4rvi<\/p>\n","protected":false},"author":36,"featured_media":0,"parent":724,"menu_order":6,"comment_status":"closed","ping_status":"closed","template":"","meta":{"footnotes":"","_links_to":"","_links_to_target":""},"class_list":["post-8396","page","type-page","status-publish"],"_links":{"self":[{"href":"https:\/\/www.oulunsalonvasama.fi\/lentopallo\/wp-json\/wp\/v2\/pages\/8396","targetHints":{"allow":["GET"]}}],"collection":[{"href":"https:\/\/www.oulunsalonvasama.fi\/lentopallo\/wp-json\/wp\/v2\/pages"}],"about":[{"href":"https:\/\/www.oulunsalonvasama.fi\/lentopallo\/wp-json\/wp\/v2\/types\/page"}],"author":[{"embeddable":true,"href":"https:\/\/www.oulunsalonvasama.fi\/lentopallo\/wp-json\/wp\/v2\/users\/36"}],"replies":[{"embeddable":true,"href":"https:\/\/www.oulunsalonvasama.fi\/lentopallo\/wp-json\/wp\/v2\/comments?post=8396"}],"version-history":[{"count":3,"href":"https:\/\/www.oulunsalonvasama.fi\/lentopallo\/wp-json\/wp\/v2\/pages\/8396\/revisions"}],"predecessor-version":[{"id":8415,"href":"https:\/\/www.oulunsalonvasama.fi\/lentopallo\/wp-json\/wp\/v2\/pages\/8396\/revisions\/8415"}],"up":[{"embeddable":true,"href":"https:\/\/www.oulunsalonvasama.fi\/lentopallo\/wp-json\/wp\/v2\/pages\/724"}],"wp:attachment":[{"href":"https:\/\/www.oulunsalonvasama.fi\/lentopallo\/wp-json\/wp\/v2\/media?parent=8396"}],"curies":[{"name":"wp","href":"https:\/\/api.w.org\/{rel}","templated":true}]}}