{"id":8392,"date":"2018-04-02T19:58:47","date_gmt":"2018-04-02T19:58:47","guid":{"rendered":"http:\/\/www.oulunsalonvasama.fi\/lentopallo\/?page_id=8392"},"modified":"2018-04-06T07:04:30","modified_gmt":"2018-04-06T07:04:30","slug":"e-pojat","status":"publish","type":"page","link":"https:\/\/www.oulunsalonvasama.fi\/lentopallo\/edelliset-kaudet\/kausi-2017-2018\/e-pojat\/","title":{"rendered":"E-pojat"},"content":{"rendered":"<div>Joukkueessa pelaa vuosina 2007 ja 2008 syntyneit\u00e4 poikia.<\/div>\n<h2><\/h2>\n<h3>Toimihenkil\u00f6t<\/h3>\n<div><strong>Joukkueen vastuuvalmentajat:<\/strong><\/div>\n<div>Jani Kuukasj\u00e4rvi, jani.kuukasjarvi [at] gmail.com<\/div>\n<div>Kari Vanhatupa, kari.vanhatupa [at] kotilinkki.fi<\/div>\n<div><strong>Joukkueenjohtaja:<\/strong><\/div>\n<div>Mikko V\u00e4h\u00e4sarja<\/div>\n<div><strong>Rahastonhoitaja:<\/strong><\/div>\n<div>Marko Illikainen<\/div>\n<h2><\/h2>\n<h3>Harjoitusvuorot<\/h3>\n<ul>\n<li>Tiistaisin klo 18:30 &#8211; 20:00, Niemenrannan koulu<\/li>\n<li>Keskiviikkoisin klo 17:00 &#8211; 18:30, Niemenrannan koulu<\/li>\n<\/ul>\n<p><a href=\"https:\/\/www.oulunsalonvasama.fi\/lentopallo\/wp-content\/uploads\/2018\/04\/IMG_3510.jpg\"><img loading=\"lazy\" decoding=\"async\" class=\"alignnone size-medium wp-image-8434\" src=\"https:\/\/www.oulunsalonvasama.fi\/lentopallo\/wp-content\/uploads\/2018\/04\/IMG_3510-300x225.jpg\" alt=\"\" width=\"300\" height=\"225\" srcset=\"https:\/\/www.oulunsalonvasama.fi\/lentopallo\/wp-content\/uploads\/2018\/04\/IMG_3510-300x225.jpg 300w, https:\/\/www.oulunsalonvasama.fi\/lentopallo\/wp-content\/uploads\/2018\/04\/IMG_3510-768x576.jpg 768w, https:\/\/www.oulunsalonvasama.fi\/lentopallo\/wp-content\/uploads\/2018\/04\/IMG_3510-1024x768.jpg 1024w\" sizes=\"auto, (max-width: 300px) 100vw, 300px\" \/><\/a> <a href=\"https:\/\/www.oulunsalonvasama.fi\/lentopallo\/wp-content\/uploads\/2018\/04\/IMG_3425.jpg\"><img loading=\"lazy\" decoding=\"async\" class=\"alignnone size-medium wp-image-8435\" src=\"https:\/\/www.oulunsalonvasama.fi\/lentopallo\/wp-content\/uploads\/2018\/04\/IMG_3425-300x225.jpg\" alt=\"\" width=\"300\" height=\"225\" srcset=\"https:\/\/www.oulunsalonvasama.fi\/lentopallo\/wp-content\/uploads\/2018\/04\/IMG_3425-300x225.jpg 300w, https:\/\/www.oulunsalonvasama.fi\/lentopallo\/wp-content\/uploads\/2018\/04\/IMG_3425-768x576.jpg 768w, https:\/\/www.oulunsalonvasama.fi\/lentopallo\/wp-content\/uploads\/2018\/04\/IMG_3425-1024x768.jpg 1024w\" sizes=\"auto, (max-width: 300px) 100vw, 300px\" \/><\/a><\/p>\n<h3>Pelaajat<\/h3>\n<p>1 Aleksi Illikainen<br \/>\n16 Julius Heikkinen<br \/>\n77 Eetu Honkala<br \/>\n12 Milo H\u00e4meenkorpi<br \/>\n9 Ville Kemppainen<br \/>\n18 Otto Kinnunen<br \/>\n8 Eeli Kuukasj\u00e4rvi<br \/>\n24 Aleksi Lamminaho<br \/>\n13 Arttu M\u00e4l\u00e4sk\u00e4<br \/>\n14 Onni Pakaslahti<br \/>\n3 Aaro Pesonen<br \/>\n25 Kristoffer Petterson<br \/>\n9 Antti Sarkkinen<br \/>\n2 Lauri Sarkkinen<br \/>\n2 Anton Tirkkonen<br \/>\n7 Kaapo Vanhatupa<\/p>\n<p>&nbsp;<\/p>\n","protected":false},"excerpt":{"rendered":"<p>Joukkueessa pelaa vuosina 2007 ja 2008 syntyneit\u00e4 poikia. Toimihenkil\u00f6t Joukkueen vastuuvalmentajat: Jani Kuukasj\u00e4rvi, jani.kuukasjarvi [at] gmail.com Kari Vanhatupa, kari.vanhatupa [at] kotilinkki.fi Joukkueenjohtaja: Mikko V\u00e4h\u00e4sarja Rahastonhoitaja: Marko Illikainen Harjoitusvuorot Tiistaisin klo 18:30 &#8211; 20:00, Niemenrannan koulu Keskiviikkoisin klo 17:00 &#8211; 18:30, Niemenrannan koulu Pelaajat 1 Aleksi Illikainen 16 Julius Heikkinen 77 Eetu Honkala 12 Milo H\u00e4meenkorpi &#8230; <a title=\"E-pojat\" class=\"read-more\" href=\"https:\/\/www.oulunsalonvasama.fi\/lentopallo\/edelliset-kaudet\/kausi-2017-2018\/e-pojat\/\" aria-label=\"Lue lis\u00e4\u00e4 aiheesta E-pojat\">Lue lis\u00e4\u00e4<\/a><\/p>\n","protected":false},"author":36,"featured_media":0,"parent":724,"menu_order":3,"comment_status":"closed","ping_status":"closed","template":"","meta":{"footnotes":"","_links_to":"","_links_to_target":""},"class_list":["post-8392","page","type-page","status-publish"],"_links":{"self":[{"href":"https:\/\/www.oulunsalonvasama.fi\/lentopallo\/wp-json\/wp\/v2\/pages\/8392","targetHints":{"allow":["GET"]}}],"collection":[{"href":"https:\/\/www.oulunsalonvasama.fi\/lentopallo\/wp-json\/wp\/v2\/pages"}],"about":[{"href":"https:\/\/www.oulunsalonvasama.fi\/lentopallo\/wp-json\/wp\/v2\/types\/page"}],"author":[{"embeddable":true,"href":"https:\/\/www.oulunsalonvasama.fi\/lentopallo\/wp-json\/wp\/v2\/users\/36"}],"replies":[{"embeddable":true,"href":"https:\/\/www.oulunsalonvasama.fi\/lentopallo\/wp-json\/wp\/v2\/comments?post=8392"}],"version-history":[{"count":9,"href":"https:\/\/www.oulunsalonvasama.fi\/lentopallo\/wp-json\/wp\/v2\/pages\/8392\/revisions"}],"predecessor-version":[{"id":8439,"href":"https:\/\/www.oulunsalonvasama.fi\/lentopallo\/wp-json\/wp\/v2\/pages\/8392\/revisions\/8439"}],"up":[{"embeddable":true,"href":"https:\/\/www.oulunsalonvasama.fi\/lentopallo\/wp-json\/wp\/v2\/pages\/724"}],"wp:attachment":[{"href":"https:\/\/www.oulunsalonvasama.fi\/lentopallo\/wp-json\/wp\/v2\/media?parent=8392"}],"curies":[{"name":"wp","href":"https:\/\/api.w.org\/{rel}","templated":true}]}}