{"id":8,"date":"2009-10-23T19:32:36","date_gmt":"2009-10-23T19:32:36","guid":{"rendered":""},"modified":"2025-06-27T07:11:37","modified_gmt":"2025-06-27T07:11:37","slug":"yhteyshenkilot","status":"publish","type":"page","link":"https:\/\/www.oulunsalonvasama.fi\/lentopallo\/lentopallo\/yhteyshenkilot\/","title":{"rendered":"Jaoston Yhteyshenkil\u00f6t"},"content":{"rendered":"<h1>Lentopallojaoston yhteyshenkil\u00f6t<\/h1>\n<p><strong>Puheenjohtaja, \u00a0<\/strong>Jorma Rajala, (050-5126 170),<br \/>\nKauppiaantie 1 C 2<br \/>\n90460 Oulunsalo<\/p>\n<p><strong>Nuorisop\u00e4\u00e4llikk\u00f6<\/strong>, <strong>varapuheenjohtaja:\u00a0 <\/strong>Leena Kuukasj\u00e4rvi (050-5991 766)<br \/>\n<strong>Rahastonhoitajat: <\/strong> Saara Kittil\u00e4 (040-8396 725) ja Jani Kuukasj\u00e4rvi (0400-152479)<br \/>\n<strong>Valmennus- ja koulutusvastaava:\u00a0\u00a0<\/strong>Kari Vanhatupa<br \/>\n<strong>Tuomari- ja kirjurivastaava:\u00a0<\/strong> Jorma Rajala (050-5126 170)<br \/>\n<strong>Pallokaappi- ja hankintavastaava:\u00a0<\/strong> Kimmo Aaltonen (044-0895 089)<br \/>\n<strong>Power Cup -vastaava: <\/strong>Kimmo Aaltonen (044-0895 089)<br \/>\n<strong>Beach-vastaava:\u00a0<\/strong> Juha Jokitulppo (040-7041 543)<br \/>\n<strong>Nettisivuvastaava:<\/strong> Reima Ollila (050-3951 879)<br \/>\n<strong>Talkoovastaava:\u00a0<\/strong> Timo Jokinen (050-4872 861)<\/p>\n<p><strong>S\u00e4hk\u00f6posti kaikille jaoston johtokunnan j\u00e4senille:\u00a0<\/strong> <span class=\"gI\">johtokuntalentopallojaosto[at]oulunsalonvasama.fi<\/span><br \/>\nS\u00e4hk\u00f6postilistalla on johtokunnan lis\u00e4ksi joukkueiden toimihenkil\u00f6t.<\/p>\n<h2><strong>Jaoston ulkopuolella:<\/strong><\/h2>\n<p><strong>Kisakankaan maja, varaukset ja vuokraus: <\/strong>Suvi Helanen (050-3390660)<\/p>\n","protected":false},"excerpt":{"rendered":"<p>Lentopallojaoston yhteyshenkil\u00f6t Puheenjohtaja, \u00a0Jorma Rajala, (050-5126 170), Kauppiaantie 1 C 2 90460 Oulunsalo Nuorisop\u00e4\u00e4llikk\u00f6, varapuheenjohtaja:\u00a0 Leena Kuukasj\u00e4rvi (050-5991 766) Rahastonhoitajat: Saara Kittil\u00e4 (040-8396 725) ja Jani Kuukasj\u00e4rvi (0400-152479) Valmennus- ja koulutusvastaava:\u00a0\u00a0Kari Vanhatupa Tuomari- ja kirjurivastaava:\u00a0 Jorma Rajala (050-5126 170) Pallokaappi- ja hankintavastaava:\u00a0 Kimmo Aaltonen (044-0895 089) Power Cup -vastaava: Kimmo Aaltonen (044-0895 089) Beach-vastaava:\u00a0 Juha &#8230; <a title=\"Jaoston Yhteyshenkil\u00f6t\" class=\"read-more\" href=\"https:\/\/www.oulunsalonvasama.fi\/lentopallo\/lentopallo\/yhteyshenkilot\/\" aria-label=\"Lue lis\u00e4\u00e4 aiheesta Jaoston Yhteyshenkil\u00f6t\">Lue lis\u00e4\u00e4<\/a><\/p>\n","protected":false},"author":1,"featured_media":0,"parent":2,"menu_order":1,"comment_status":"closed","ping_status":"closed","template":"","meta":{"footnotes":"","_links_to":"","_links_to_target":""},"class_list":["post-8","page","type-page","status-publish"],"_links":{"self":[{"href":"https:\/\/www.oulunsalonvasama.fi\/lentopallo\/wp-json\/wp\/v2\/pages\/8","targetHints":{"allow":["GET"]}}],"collection":[{"href":"https:\/\/www.oulunsalonvasama.fi\/lentopallo\/wp-json\/wp\/v2\/pages"}],"about":[{"href":"https:\/\/www.oulunsalonvasama.fi\/lentopallo\/wp-json\/wp\/v2\/types\/page"}],"author":[{"embeddable":true,"href":"https:\/\/www.oulunsalonvasama.fi\/lentopallo\/wp-json\/wp\/v2\/users\/1"}],"replies":[{"embeddable":true,"href":"https:\/\/www.oulunsalonvasama.fi\/lentopallo\/wp-json\/wp\/v2\/comments?post=8"}],"version-history":[{"count":38,"href":"https:\/\/www.oulunsalonvasama.fi\/lentopallo\/wp-json\/wp\/v2\/pages\/8\/revisions"}],"predecessor-version":[{"id":11023,"href":"https:\/\/www.oulunsalonvasama.fi\/lentopallo\/wp-json\/wp\/v2\/pages\/8\/revisions\/11023"}],"up":[{"embeddable":true,"href":"https:\/\/www.oulunsalonvasama.fi\/lentopallo\/wp-json\/wp\/v2\/pages\/2"}],"wp:attachment":[{"href":"https:\/\/www.oulunsalonvasama.fi\/lentopallo\/wp-json\/wp\/v2\/media?parent=8"}],"curies":[{"name":"wp","href":"https:\/\/api.w.org\/{rel}","templated":true}]}}