{"id":7824,"date":"2017-06-22T19:11:07","date_gmt":"2017-06-22T19:11:07","guid":{"rendered":"http:\/\/www.oulunsalonvasama.fi\/lentopallo\/?page_id=7824"},"modified":"2018-04-02T20:03:37","modified_gmt":"2018-04-02T20:03:37","slug":"b-tytot","status":"publish","type":"page","link":"https:\/\/www.oulunsalonvasama.fi\/lentopallo\/edelliset-kaudet\/kausi-2017-2018\/b-tytot\/","title":{"rendered":"B-tyt\u00f6t"},"content":{"rendered":"<div id=\"post-7398\" class=\"post\">\n<div class=\"entry\">\n<h2><strong>B-tyt\u00f6t kaudella 2017-2018<br \/>\n<\/strong><\/h2>\n<p>Kaudella 2017-2018 t\u00e4m\u00e4 ryhm\u00e4 pelaa tytt\u00f6jen B (01-02) ja PoPLen naisten A -sarjoja. Tervetuloa mukaan.<\/p>\n<\/div>\n<div class=\"entry\">\n<p><strong>Harjoitusajat ja Kalenteri<br \/>\n<\/strong><a href=\"http:\/\/osvatytot01.nimenhuuto.com\/?auto_redirect=false\">Nimenhuuto<\/a><strong><br \/>\n<\/strong><\/p>\n<p><strong>Organisaatio<br \/>\n<\/strong>Yhteyshenkil\u00f6\/valmentaja<br \/>\nJarno Valtanen, 044 0235 153, jarnoval [] gmail.com<\/p>\n<p>Joukkueenjohtaja<br \/>\nTapio Helanen<\/p>\n<p><strong>Pelaajat<br \/>\n<\/strong>Roosa Huttunen<br \/>\nMaria Kaivorinne<br \/>\nBrita Kinnunen<br \/>\nEmma Korhonen<br \/>\nNoora K\u00e4rkk\u00e4inen<br \/>\nMarjaana Piilola<br \/>\nHelmi-Maria Valtanen<br \/>\nAmanda Valtanen<\/p>\n<\/div>\n<\/div>\n","protected":false},"excerpt":{"rendered":"<p>B-tyt\u00f6t kaudella 2017-2018 Kaudella 2017-2018 t\u00e4m\u00e4 ryhm\u00e4 pelaa tytt\u00f6jen B (01-02) ja PoPLen naisten A -sarjoja. Tervetuloa mukaan. Harjoitusajat ja Kalenteri Nimenhuuto Organisaatio Yhteyshenkil\u00f6\/valmentaja Jarno Valtanen, 044 0235 153, jarnoval [] gmail.com Joukkueenjohtaja Tapio Helanen Pelaajat Roosa Huttunen Maria Kaivorinne Brita Kinnunen Emma Korhonen Noora K\u00e4rkk\u00e4inen Marjaana Piilola Helmi-Maria Valtanen Amanda Valtanen<\/p>\n","protected":false},"author":36,"featured_media":0,"parent":724,"menu_order":10,"comment_status":"closed","ping_status":"closed","template":"","meta":{"footnotes":"","_links_to":"","_links_to_target":""},"class_list":["post-7824","page","type-page","status-publish"],"_links":{"self":[{"href":"https:\/\/www.oulunsalonvasama.fi\/lentopallo\/wp-json\/wp\/v2\/pages\/7824","targetHints":{"allow":["GET"]}}],"collection":[{"href":"https:\/\/www.oulunsalonvasama.fi\/lentopallo\/wp-json\/wp\/v2\/pages"}],"about":[{"href":"https:\/\/www.oulunsalonvasama.fi\/lentopallo\/wp-json\/wp\/v2\/types\/page"}],"author":[{"embeddable":true,"href":"https:\/\/www.oulunsalonvasama.fi\/lentopallo\/wp-json\/wp\/v2\/users\/36"}],"replies":[{"embeddable":true,"href":"https:\/\/www.oulunsalonvasama.fi\/lentopallo\/wp-json\/wp\/v2\/comments?post=7824"}],"version-history":[{"count":10,"href":"https:\/\/www.oulunsalonvasama.fi\/lentopallo\/wp-json\/wp\/v2\/pages\/7824\/revisions"}],"predecessor-version":[{"id":8351,"href":"https:\/\/www.oulunsalonvasama.fi\/lentopallo\/wp-json\/wp\/v2\/pages\/7824\/revisions\/8351"}],"up":[{"embeddable":true,"href":"https:\/\/www.oulunsalonvasama.fi\/lentopallo\/wp-json\/wp\/v2\/pages\/724"}],"wp:attachment":[{"href":"https:\/\/www.oulunsalonvasama.fi\/lentopallo\/wp-json\/wp\/v2\/media?parent=7824"}],"curies":[{"name":"wp","href":"https:\/\/api.w.org\/{rel}","templated":true}]}}