{"id":77,"date":"2006-07-08T10:45:45","date_gmt":"2006-07-08T10:45:45","guid":{"rendered":""},"modified":"2018-04-11T04:51:15","modified_gmt":"2018-04-11T04:51:15","slug":"naiset_1","status":"publish","type":"page","link":"https:\/\/www.oulunsalonvasama.fi\/lentopallo\/edelliset-kaudet\/kausi-2003-2004\/naiset_1\/","title":{"rendered":"Naiset I"},"content":{"rendered":"<h1>Naiset I (2-sarja)<\/h1>\n<h2>Kausi 2003-2004<\/h2>\n<p>HARJOITUSVUOROT:<\/p>\n<ul>\n<li>tiistaisin klo 18:30-20:00 Kempelehallilla, L2<\/li>\n<li>torstaisin klo 18:30-20:00 Kirkonkyl\u00e4n koululla<\/li>\n<\/ul>\n<p>YHTEYSHENKIL\u00d6: Leena Kuukasj\u00e4rvi, puh. 050-3051043<\/p>\n<p>Kauden 2002-2003 tuloksena oli hienosti lohkon nelj\u00e4s sija. Viime vuoden joukkueen runko pysyi suurinpiirtein samana. Muutama l\u00e4htij\u00e4 oli: Marru muutti Helsinkiin, Mervi O. p\u00e4\u00e4tti keskitty\u00e4 pelkk\u00e4\u00e4n harjoitteluun ja Pirjo l\u00e4hti Norjaan t\u00f6ihin. Valmentajat vaihtoivat rooleja eli Samposta tuli ykk\u00f6svalmentaja ja Juhasta kakkosvalmentaja. Lis\u00e4ksi rinkiin saatiin muutama uusi pelaaja: Tuija ja Sallamari OsVan B-junnuista ja Heli KemPyn A-junioreista kaksoisedustussopimuksella. Kaiken kaikkiaan ringiss\u00e4 on siis edelleen 14 pelaajaa.<\/p>\n<p>T\u00e4m\u00e4n kauden tavoite on sama kuin edellisen\u00e4kin vuonna &#8211; hyvi\u00e4 pelej\u00e4 reippaalla ja reilulla asenteella. Ja sijoituskin voisi olla v\u00e4hint\u00e4\u00e4n sama kuin viime kaudella.<\/p>\n<p>Joukkueenjohtajaksi lupautui t\u00e4lle kaudelle Leena Kuukasj\u00e4rvi. Huoltajana jatkaa edelleen Timo Kanniainen, nettivastaavana Anne Ronkainen, rahastonhoitajana Saara Kittil\u00e4 ja toimitsijavastaavana Saara Raatikainen. Tiedotusvastaavan teht\u00e4vi\u00e4 hoitaa jatkossa Satu K\u00e4rn\u00e4 ja talkoovastaavan teht\u00e4vi\u00e4 Veera Virolainen.<\/p>\n<p><img decoding=\"async\" src=\"\/lentopallo\/tiedostot\/N1_2004_Ryhma.jpg\" \/><\/p>\n<p>Kuvasta puuttuvat pelaajat Saara Raatikainen, Sanna Loukkaanhuhta ja Tarja Valtanen sek\u00e4 kakkosvalmentaja Juha Kittil\u00e4.<\/p>\n<p><b>Pelaajaesittely<\/b><br \/>\nJoukkueen organisaatio:<\/p>\n<p>Joukkueenjohtaja: Leena Kuukasj\u00e4rvi<\/p>\n<p>&#8211; puhelin 050 305 1043<\/p>\n<p>Varajoukkueenjohtaja\/Rahastonhoitaja: Saara Kittil\u00e4<br \/>\n&#8211; puhelin 040 839 3720<\/p>\n<p>I valmentaja: Sampo Saukkoriipi<br \/>\n&#8211; puhelin 044 024 0008<\/p>\n<p>II valmentaja: Juha Kittil\u00e4<br \/>\n&#8211; puhelin 040 839 2720<\/p>\n<p>Tiedotusvastaava: Satu K\u00e4rn\u00e4<br \/>\n&#8211; puhelin 050 546 5123<\/p>\n<p>Nettivastaava: Anne Ronkainen<\/p>\n<p>Toimitsijavastaava: Saara Raatikainen<br \/>\n&#8211; puhelin 050 375 6354<\/p>\n<p>Talkoovastaava: Veera Virolainen<br \/>\n&#8211; puhelin 050 320 4368<\/p>\n<p>Sponsorimme kaudella 2003-2004:<\/p>\n<p><a href=\"http:\/\/www.millefolium.net\"><img decoding=\"async\" src=\"\/lentopallo\/tiedostot\/N1_millefolium_logo.gif\" alt=\"Hiushoitola Millefolium\" \/><\/a><\/p>\n","protected":false},"excerpt":{"rendered":"<p>Naiset I (2-sarja) Kausi 2003-2004 HARJOITUSVUOROT: tiistaisin klo 18:30-20:00 Kempelehallilla, L2 torstaisin klo 18:30-20:00 Kirkonkyl\u00e4n koululla YHTEYSHENKIL\u00d6: Leena Kuukasj\u00e4rvi, puh. 050-3051043 Kauden 2002-2003 tuloksena oli hienosti lohkon nelj\u00e4s sija. Viime vuoden joukkueen runko pysyi suurinpiirtein samana. Muutama l\u00e4htij\u00e4 oli: Marru muutti Helsinkiin, Mervi O. p\u00e4\u00e4tti keskitty\u00e4 pelkk\u00e4\u00e4n harjoitteluun ja Pirjo l\u00e4hti Norjaan t\u00f6ihin. Valmentajat vaihtoivat &#8230; <a title=\"Naiset I\" class=\"read-more\" href=\"https:\/\/www.oulunsalonvasama.fi\/lentopallo\/edelliset-kaudet\/kausi-2003-2004\/naiset_1\/\" aria-label=\"Lue lis\u00e4\u00e4 aiheesta Naiset I\">Lue lis\u00e4\u00e4<\/a><\/p>\n","protected":false},"author":1,"featured_media":0,"parent":103,"menu_order":10,"comment_status":"open","ping_status":"open","template":"","meta":{"footnotes":"","_links_to":"","_links_to_target":""},"class_list":["post-77","page","type-page","status-publish"],"_links":{"self":[{"href":"https:\/\/www.oulunsalonvasama.fi\/lentopallo\/wp-json\/wp\/v2\/pages\/77","targetHints":{"allow":["GET"]}}],"collection":[{"href":"https:\/\/www.oulunsalonvasama.fi\/lentopallo\/wp-json\/wp\/v2\/pages"}],"about":[{"href":"https:\/\/www.oulunsalonvasama.fi\/lentopallo\/wp-json\/wp\/v2\/types\/page"}],"author":[{"embeddable":true,"href":"https:\/\/www.oulunsalonvasama.fi\/lentopallo\/wp-json\/wp\/v2\/users\/1"}],"replies":[{"embeddable":true,"href":"https:\/\/www.oulunsalonvasama.fi\/lentopallo\/wp-json\/wp\/v2\/comments?post=77"}],"version-history":[{"count":4,"href":"https:\/\/www.oulunsalonvasama.fi\/lentopallo\/wp-json\/wp\/v2\/pages\/77\/revisions"}],"predecessor-version":[{"id":8449,"href":"https:\/\/www.oulunsalonvasama.fi\/lentopallo\/wp-json\/wp\/v2\/pages\/77\/revisions\/8449"}],"up":[{"embeddable":true,"href":"https:\/\/www.oulunsalonvasama.fi\/lentopallo\/wp-json\/wp\/v2\/pages\/103"}],"wp:attachment":[{"href":"https:\/\/www.oulunsalonvasama.fi\/lentopallo\/wp-json\/wp\/v2\/media?parent=77"}],"curies":[{"name":"wp","href":"https:\/\/api.w.org\/{rel}","templated":true}]}}