{"id":6811,"date":"2015-08-26T07:53:35","date_gmt":"2015-08-26T07:53:35","guid":{"rendered":"http:\/\/www.oulunsalonvasama.fi\/lentopallo\/?page_id=6811"},"modified":"2016-07-01T15:39:37","modified_gmt":"2016-07-01T15:39:37","slug":"b-tytot","status":"publish","type":"page","link":"https:\/\/www.oulunsalonvasama.fi\/lentopallo\/edelliset-kaudet\/kausi-2015-2016\/b-tytot\/","title":{"rendered":"B-tyt\u00f6t"},"content":{"rendered":"<h2 style=\"color: #666666;\"><strong>B-tyt\u00f6t kaudella 2015-2016<\/strong><\/h2>\n<p>Joukkueessa pelaa 1999, 2000 ja 2001 syntyneit\u00e4 tytt\u00f6j\u00e4.<\/p>\n<p><strong>Harjoitusajat<br \/>\n<\/strong>Maanantai\u00a0 18:00-19:30 Kirkonkyl\u00e4n koulu<br \/>\nTorstai\u00a0 \u00a0\u00a0 \u00a0 18:30-20:00 Niemenrannan koulu<br \/>\nPerjantai\u00a0\u00a0\u00a0\u00a0 19:00-20:30 Kirkonkyl\u00e4n koulu<br \/>\nSunnuntai\u00a0\u00a0 16:30-18:00\u00a0 Kirkonkyl\u00e4n koulu<\/p>\n<p><strong>Organisaatio<\/strong><br \/>\nP\u00e4\u00e4valmentaja<br \/>\nJari Longi, 040-5021 734, jari.longi@dnainternet.net<\/p>\n<p>Valmentaja<br \/>\nPentti Lappalainen, 040-5785 548<\/p>\n<p><strong>Pelaajat<\/strong><br \/>\nMiia Aro<br \/>\nMaija Kauppinen<br \/>\nVanessa Lindholm<br \/>\nVilma Longi<br \/>\nViivi M\u00e4kel\u00e4<br \/>\nNoora Pesonen<br \/>\nLaura Piilola<br \/>\nMarjaana Piilola<br \/>\nSaana Pulkkinen<br \/>\nHelmi-Maria Valtanen<\/p>\n<p><strong>Mukana tukemassa<\/strong><\/p>\n<figure id=\"attachment_6976\" aria-describedby=\"caption-attachment-6976\" style=\"width: 283px\" class=\"wp-caption alignnone\"><img loading=\"lazy\" decoding=\"async\" class=\"wp-image-6976 size-full\" src=\"https:\/\/www.oulunsalonvasama.fi\/lentopallo\/wp-content\/uploads\/2015\/08\/suomen-allaslaite.gif\" alt=\"suomen-allaslaite\" width=\"293\" height=\"95\" \/><figcaption id=\"caption-attachment-6976\" class=\"wp-caption-text\">http:\/\/www.suomenallaslaite.fi\/<\/figcaption><\/figure>\n","protected":false},"excerpt":{"rendered":"<p>B-tyt\u00f6t kaudella 2015-2016 Joukkueessa pelaa 1999, 2000 ja 2001 syntyneit\u00e4 tytt\u00f6j\u00e4. Harjoitusajat Maanantai\u00a0 18:00-19:30 Kirkonkyl\u00e4n koulu Torstai\u00a0 \u00a0\u00a0 \u00a0 18:30-20:00 Niemenrannan koulu Perjantai\u00a0\u00a0\u00a0\u00a0 19:00-20:30 Kirkonkyl\u00e4n koulu Sunnuntai\u00a0\u00a0 16:30-18:00\u00a0 Kirkonkyl\u00e4n koulu Organisaatio P\u00e4\u00e4valmentaja Jari Longi, 040-5021 734, jari.longi@dnainternet.net Valmentaja Pentti Lappalainen, 040-5785 548 Pelaajat Miia Aro Maija Kauppinen Vanessa Lindholm Vilma Longi Viivi M\u00e4kel\u00e4 Noora Pesonen &#8230; <a title=\"B-tyt\u00f6t\" class=\"read-more\" href=\"https:\/\/www.oulunsalonvasama.fi\/lentopallo\/edelliset-kaudet\/kausi-2015-2016\/b-tytot\/\" aria-label=\"Lue lis\u00e4\u00e4 aiheesta B-tyt\u00f6t\">Lue lis\u00e4\u00e4<\/a><\/p>\n","protected":false},"author":36,"featured_media":0,"parent":7393,"menu_order":11,"comment_status":"closed","ping_status":"closed","template":"","meta":{"footnotes":"","_links_to":"","_links_to_target":""},"class_list":["post-6811","page","type-page","status-publish"],"_links":{"self":[{"href":"https:\/\/www.oulunsalonvasama.fi\/lentopallo\/wp-json\/wp\/v2\/pages\/6811","targetHints":{"allow":["GET"]}}],"collection":[{"href":"https:\/\/www.oulunsalonvasama.fi\/lentopallo\/wp-json\/wp\/v2\/pages"}],"about":[{"href":"https:\/\/www.oulunsalonvasama.fi\/lentopallo\/wp-json\/wp\/v2\/types\/page"}],"author":[{"embeddable":true,"href":"https:\/\/www.oulunsalonvasama.fi\/lentopallo\/wp-json\/wp\/v2\/users\/36"}],"replies":[{"embeddable":true,"href":"https:\/\/www.oulunsalonvasama.fi\/lentopallo\/wp-json\/wp\/v2\/comments?post=6811"}],"version-history":[{"count":12,"href":"https:\/\/www.oulunsalonvasama.fi\/lentopallo\/wp-json\/wp\/v2\/pages\/6811\/revisions"}],"predecessor-version":[{"id":7027,"href":"https:\/\/www.oulunsalonvasama.fi\/lentopallo\/wp-json\/wp\/v2\/pages\/6811\/revisions\/7027"}],"up":[{"embeddable":true,"href":"https:\/\/www.oulunsalonvasama.fi\/lentopallo\/wp-json\/wp\/v2\/pages\/7393"}],"wp:attachment":[{"href":"https:\/\/www.oulunsalonvasama.fi\/lentopallo\/wp-json\/wp\/v2\/media?parent=6811"}],"curies":[{"name":"wp","href":"https:\/\/api.w.org\/{rel}","templated":true}]}}