{"id":6786,"date":"2015-08-15T08:41:20","date_gmt":"2015-08-15T08:41:20","guid":{"rendered":"http:\/\/www.oulunsalonvasama.fi\/lentopallo\/?page_id=6786"},"modified":"2016-07-01T15:41:19","modified_gmt":"2016-07-01T15:41:19","slug":"n15","status":"publish","type":"page","link":"https:\/\/www.oulunsalonvasama.fi\/lentopallo\/edelliset-kaudet\/kausi-2015-2016\/n15\/","title":{"rendered":"N15"},"content":{"rendered":"<div id=\"post-6224\" class=\"post\">\n<div class=\"entry\">\n<h2><strong>N15 kaudella 2015-2016<\/strong><\/h2>\n<p><strong>Pelaajat<\/strong><br \/>\nEmilia Leppikangas<br \/>\nLiinu Marin<br \/>\nNeea Pietil\u00e4inen<br \/>\nTiia Kukkonen<br \/>\nAnni Jokitulppo<br \/>\nIida Lahtinen<br \/>\nLaura Anias<br \/>\nVeera-Maria M\u00e4kel\u00e4<br \/>\nRoosa Tarakkam\u00e4ki<br \/>\nLaura Piilola<br \/>\nVeera Vatanen<\/p>\n<p><strong>Harjoitusajat<br \/>\n<\/strong>Maanantai\u00a0 19:30 \u2013 21:00 Kirkonkyl\u00e4n koulu<br \/>\nTiistai\u00a0\u00a0\u00a0\u00a0\u00a0\u00a0 \u00a0 18:00 \u2013 19:30 Tuiran koulu<br \/>\nKeskiviikko 18:00 \u2013 19:30 Kirkonkyl\u00e4n koulu<br \/>\nSunnuntai\u00a0 16:30 \u2013 18:00 Niemenrannan koulu<\/p>\n<p><strong>Organisaatio<\/strong><br \/>\n1.Valmentaja:\u00a0 \u00a0\u00a0 Ali Pietil\u00e4inen, 0400 876 775, alipi[at]elisanet.fi<a href=\"mailto:alipi@elisanet.fi\" target=\"_blank\"><br \/>\n<\/a>2.Valmentaja:\u00a0\u00a0\u00a0\u00a0 Jaakko Tarakkam\u00e4ki, 045 8083 787, jtarakka[at]gmail.com<br \/>\nRahastonhoitaja: Pia V\u00e4lim\u00e4ki, 040 5333 867, piavali[at]netti.fi<\/p>\n<\/div>\n<\/div>\n","protected":false},"excerpt":{"rendered":"<p>N15 kaudella 2015-2016 Pelaajat Emilia Leppikangas Liinu Marin Neea Pietil\u00e4inen Tiia Kukkonen Anni Jokitulppo Iida Lahtinen Laura Anias Veera-Maria M\u00e4kel\u00e4 Roosa Tarakkam\u00e4ki Laura Piilola Veera Vatanen Harjoitusajat Maanantai\u00a0 19:30 \u2013 21:00 Kirkonkyl\u00e4n koulu Tiistai\u00a0\u00a0\u00a0\u00a0\u00a0\u00a0 \u00a0 18:00 \u2013 19:30 Tuiran koulu Keskiviikko 18:00 \u2013 19:30 Kirkonkyl\u00e4n koulu Sunnuntai\u00a0 16:30 \u2013 18:00 Niemenrannan koulu Organisaatio 1.Valmentaja:\u00a0 \u00a0\u00a0 &#8230; <a title=\"N15\" class=\"read-more\" href=\"https:\/\/www.oulunsalonvasama.fi\/lentopallo\/edelliset-kaudet\/kausi-2015-2016\/n15\/\" aria-label=\"Lue lis\u00e4\u00e4 aiheesta N15\">Lue lis\u00e4\u00e4<\/a><\/p>\n","protected":false},"author":36,"featured_media":0,"parent":7393,"menu_order":13,"comment_status":"closed","ping_status":"open","template":"","meta":{"footnotes":"","_links_to":"","_links_to_target":""},"class_list":["post-6786","page","type-page","status-publish"],"_links":{"self":[{"href":"https:\/\/www.oulunsalonvasama.fi\/lentopallo\/wp-json\/wp\/v2\/pages\/6786","targetHints":{"allow":["GET"]}}],"collection":[{"href":"https:\/\/www.oulunsalonvasama.fi\/lentopallo\/wp-json\/wp\/v2\/pages"}],"about":[{"href":"https:\/\/www.oulunsalonvasama.fi\/lentopallo\/wp-json\/wp\/v2\/types\/page"}],"author":[{"embeddable":true,"href":"https:\/\/www.oulunsalonvasama.fi\/lentopallo\/wp-json\/wp\/v2\/users\/36"}],"replies":[{"embeddable":true,"href":"https:\/\/www.oulunsalonvasama.fi\/lentopallo\/wp-json\/wp\/v2\/comments?post=6786"}],"version-history":[{"count":9,"href":"https:\/\/www.oulunsalonvasama.fi\/lentopallo\/wp-json\/wp\/v2\/pages\/6786\/revisions"}],"predecessor-version":[{"id":6836,"href":"https:\/\/www.oulunsalonvasama.fi\/lentopallo\/wp-json\/wp\/v2\/pages\/6786\/revisions\/6836"}],"up":[{"embeddable":true,"href":"https:\/\/www.oulunsalonvasama.fi\/lentopallo\/wp-json\/wp\/v2\/pages\/7393"}],"wp:attachment":[{"href":"https:\/\/www.oulunsalonvasama.fi\/lentopallo\/wp-json\/wp\/v2\/media?parent=6786"}],"curies":[{"name":"wp","href":"https:\/\/api.w.org\/{rel}","templated":true}]}}