{"id":6750,"date":"2015-07-08T11:41:08","date_gmt":"2015-07-08T11:41:08","guid":{"rendered":"http:\/\/www.oulunsalonvasama.fi\/lentopallo\/?page_id=6750"},"modified":"2016-07-01T15:32:05","modified_gmt":"2016-07-01T15:32:05","slug":"f-juniorit","status":"publish","type":"page","link":"https:\/\/www.oulunsalonvasama.fi\/lentopallo\/edelliset-kaudet\/kausi-2015-2016\/f-juniorit\/","title":{"rendered":"F-juniorit"},"content":{"rendered":"<div id=\"post-6311\" class=\"post\">\n<div class=\"entry\">\n<h2><strong>F-juniorit kaudella 2015-2016<\/strong><\/h2>\n<p>Joukkueessa\u00a0pelaa 2007-2008 syntyneit\u00e4 lapsia.\u00a0 Joukkue on aloittanut kauden ja harjoittelee Niemenrannan koulun liikuntasalissa.<\/p>\n<p><strong>Harjoitusajat<\/strong><br \/>\nMaanantai\u00a0\u00a0 17:15-18:30 Niemenranta<br \/>\nKeskiviikko\u00a0 17:15-18:45 Niemenranta<\/p>\n<p><strong>Kalenteri<\/strong><\/p>\n<p><strong>Organisaatio<\/strong><br \/>\nValmentaja<br \/>\nJani Kuukasj\u00e4rvi, 0400-152 479, jani.kuukasjarvi [at] gmail.com<\/p>\n<p>Joukkueenjohtaja\/Valmentaja<br \/>\nKari Vanhatupa, 045 111 700, kari.vanhatupa [at] asuntolinkki.fi<\/p>\n<p>Taloudenhoitaja<br \/>\nKauko V\u00e4in\u00e4m\u00f6<\/p>\n<\/div>\n<\/div>\n","protected":false},"excerpt":{"rendered":"<p>F-juniorit kaudella 2015-2016 Joukkueessa\u00a0pelaa 2007-2008 syntyneit\u00e4 lapsia.\u00a0 Joukkue on aloittanut kauden ja harjoittelee Niemenrannan koulun liikuntasalissa. Harjoitusajat Maanantai\u00a0\u00a0 17:15-18:30 Niemenranta Keskiviikko\u00a0 17:15-18:45 Niemenranta Kalenteri Organisaatio Valmentaja Jani Kuukasj\u00e4rvi, 0400-152 479, jani.kuukasjarvi [at] gmail.com Joukkueenjohtaja\/Valmentaja Kari Vanhatupa, 045 111 700, kari.vanhatupa [at] asuntolinkki.fi Taloudenhoitaja Kauko V\u00e4in\u00e4m\u00f6<\/p>\n","protected":false},"author":36,"featured_media":0,"parent":7393,"menu_order":2,"comment_status":"closed","ping_status":"open","template":"","meta":{"footnotes":"","_links_to":"","_links_to_target":""},"class_list":["post-6750","page","type-page","status-publish"],"_links":{"self":[{"href":"https:\/\/www.oulunsalonvasama.fi\/lentopallo\/wp-json\/wp\/v2\/pages\/6750","targetHints":{"allow":["GET"]}}],"collection":[{"href":"https:\/\/www.oulunsalonvasama.fi\/lentopallo\/wp-json\/wp\/v2\/pages"}],"about":[{"href":"https:\/\/www.oulunsalonvasama.fi\/lentopallo\/wp-json\/wp\/v2\/types\/page"}],"author":[{"embeddable":true,"href":"https:\/\/www.oulunsalonvasama.fi\/lentopallo\/wp-json\/wp\/v2\/users\/36"}],"replies":[{"embeddable":true,"href":"https:\/\/www.oulunsalonvasama.fi\/lentopallo\/wp-json\/wp\/v2\/comments?post=6750"}],"version-history":[{"count":10,"href":"https:\/\/www.oulunsalonvasama.fi\/lentopallo\/wp-json\/wp\/v2\/pages\/6750\/revisions"}],"predecessor-version":[{"id":6946,"href":"https:\/\/www.oulunsalonvasama.fi\/lentopallo\/wp-json\/wp\/v2\/pages\/6750\/revisions\/6946"}],"up":[{"embeddable":true,"href":"https:\/\/www.oulunsalonvasama.fi\/lentopallo\/wp-json\/wp\/v2\/pages\/7393"}],"wp:attachment":[{"href":"https:\/\/www.oulunsalonvasama.fi\/lentopallo\/wp-json\/wp\/v2\/media?parent=6750"}],"curies":[{"name":"wp","href":"https:\/\/api.w.org\/{rel}","templated":true}]}}