{"id":6739,"date":"2015-06-25T11:36:14","date_gmt":"2015-06-25T11:36:14","guid":{"rendered":"http:\/\/www.oulunsalonvasama.fi\/lentopallo\/?page_id=6739"},"modified":"2016-07-01T15:35:10","modified_gmt":"2016-07-01T15:35:10","slug":"d-pojat03","status":"publish","type":"page","link":"https:\/\/www.oulunsalonvasama.fi\/lentopallo\/edelliset-kaudet\/kausi-2015-2016\/d-pojat03\/","title":{"rendered":"D-pojat(03)"},"content":{"rendered":"<p><span style=\"font-size: large;\"><span style=\"color: #666666;\"><b>D-pojat(03) kaudella 2015-2016<\/b><\/span><\/span><\/p>\n<p><span style=\"font-size: small;\"><span style=\"color: #222222;\">Joukkueessa\u00a0pelaa v. 2003 syntyneit\u00e4 poikia.<br \/>\n<\/span><\/span><\/p>\n<p><span style=\"color: #222222;\"><span style=\"font-size: small;\"><b>Organisaatio<\/b><\/span><\/span><span style=\"color: #222222;\"><span style=\"font-size: medium;\"><br \/>\n<\/span><\/span><span style=\"color: #222222;\"><span style=\"font-size: small;\">P\u00e4\u00e4valmentaja Jorma Rajala, 050-5126170, jormarajala(at)oulunsalonvasama.fi<\/span><\/span><\/p>\n<p><span style=\"color: #222222;\"><span style=\"font-size: small;\">Apuvalmentaja Juha Jokitulppo<\/span><\/span><\/p>\n<p><span style=\"color: #222222;\"><span style=\"font-size: small;\">Joukkueenjohtaja Kimmo Aaltonen, 044-0895089, kimmoaaltonen(at)oulunsalonvasama.fi<\/span><\/span><\/p>\n<p><span style=\"color: #222222;\"><span style=\"font-size: small;\">Rahastonhoitaja Laura Junttila, laura.junttila(at)liminka.fi<\/span><\/span><\/p>\n<p><span style=\"color: #222222;\"><span style=\"font-size: small;\"><b>Harjoitukset<\/b><\/span><\/span><strong><span style=\"color: #222222;\"><span style=\"font-size: medium;\"><br \/>\n<\/span><\/span><\/strong><span style=\"color: #222222;\"><span style=\"font-size: small;\">Maanantai\u00a0 18:30-20:00 Niemenranta<br \/>\nTiistai \u00a0 \u00a0 \u00a0\u00a0 18:30-20:00 Niemenranta<br \/>\nKeskiviikko\u00a0 18:30-20:00 Niemenranta<br \/>\nSunnuntai \u00a0 18:00-19:30 Niemenranta<\/span><\/span><\/p>\n<p><b>Pelaajat<\/b><span style=\"color: #222222;\"><span style=\"font-size: medium;\"><b><br \/>\n<\/b><\/span><\/span><\/p>\n","protected":false},"excerpt":{"rendered":"<p>D-pojat(03) kaudella 2015-2016 Joukkueessa\u00a0pelaa v. 2003 syntyneit\u00e4 poikia. Organisaatio P\u00e4\u00e4valmentaja Jorma Rajala, 050-5126170, jormarajala(at)oulunsalonvasama.fi Apuvalmentaja Juha Jokitulppo Joukkueenjohtaja Kimmo Aaltonen, 044-0895089, kimmoaaltonen(at)oulunsalonvasama.fi Rahastonhoitaja Laura Junttila, laura.junttila(at)liminka.fi Harjoitukset Maanantai\u00a0 18:30-20:00 Niemenranta Tiistai \u00a0 \u00a0 \u00a0\u00a0 18:30-20:00 Niemenranta Keskiviikko\u00a0 18:30-20:00 Niemenranta Sunnuntai \u00a0 18:00-19:30 Niemenranta Pelaajat<\/p>\n","protected":false},"author":36,"featured_media":0,"parent":7393,"menu_order":8,"comment_status":"closed","ping_status":"open","template":"","meta":{"footnotes":"","_links_to":"","_links_to_target":""},"class_list":["post-6739","page","type-page","status-publish"],"_links":{"self":[{"href":"https:\/\/www.oulunsalonvasama.fi\/lentopallo\/wp-json\/wp\/v2\/pages\/6739","targetHints":{"allow":["GET"]}}],"collection":[{"href":"https:\/\/www.oulunsalonvasama.fi\/lentopallo\/wp-json\/wp\/v2\/pages"}],"about":[{"href":"https:\/\/www.oulunsalonvasama.fi\/lentopallo\/wp-json\/wp\/v2\/types\/page"}],"author":[{"embeddable":true,"href":"https:\/\/www.oulunsalonvasama.fi\/lentopallo\/wp-json\/wp\/v2\/users\/36"}],"replies":[{"embeddable":true,"href":"https:\/\/www.oulunsalonvasama.fi\/lentopallo\/wp-json\/wp\/v2\/comments?post=6739"}],"version-history":[{"count":6,"href":"https:\/\/www.oulunsalonvasama.fi\/lentopallo\/wp-json\/wp\/v2\/pages\/6739\/revisions"}],"predecessor-version":[{"id":6866,"href":"https:\/\/www.oulunsalonvasama.fi\/lentopallo\/wp-json\/wp\/v2\/pages\/6739\/revisions\/6866"}],"up":[{"embeddable":true,"href":"https:\/\/www.oulunsalonvasama.fi\/lentopallo\/wp-json\/wp\/v2\/pages\/7393"}],"wp:attachment":[{"href":"https:\/\/www.oulunsalonvasama.fi\/lentopallo\/wp-json\/wp\/v2\/media?parent=6739"}],"curies":[{"name":"wp","href":"https:\/\/api.w.org\/{rel}","templated":true}]}}