{"id":6724,"date":"2015-06-25T10:59:44","date_gmt":"2015-06-25T10:59:44","guid":{"rendered":"http:\/\/www.oulunsalonvasama.fi\/lentopallo\/?page_id=6724"},"modified":"2016-07-01T15:33:49","modified_gmt":"2016-07-01T15:33:49","slug":"e-tytot05","status":"publish","type":"page","link":"https:\/\/www.oulunsalonvasama.fi\/lentopallo\/edelliset-kaudet\/kausi-2015-2016\/e-tytot05\/","title":{"rendered":"E-tyt\u00f6t(05)"},"content":{"rendered":"<h2 style=\"color: #666666;\"><strong>E-tyt\u00f6t (05) kaudella 2015-2016<\/strong><\/h2>\n<p><span style=\"color: #222222;\">Joukkueessa\u00a0pelaa v. 2005 syntyneit\u00e4 tytt\u00f6j\u00e4. Joukkue osallistuu kauden aikana E-tytt\u00f6jen sarjatoimintaan.<br \/>\n<\/span><\/p>\n<p><strong>Harjoitusajat<\/strong><br \/>\nTiistai\u00a0\u00a0\u00a0\u00a0\u00a0\u00a0\u00a0 \u00a0\u00a0\u00a0 17:00-18:30 Niemenrannan koulu<br \/>\nTorstai\u00a0\u00a0\u00a0\u00a0\u00a0\u00a0\u00a0\u00a0\u00a0\u00a0 17:00-18:30 Niemenrannan koulu<\/p>\n<p><strong>Kalenteri<\/strong><br \/>\n<a href=\"http:\/\/osvalentopallot05.nimenhuuto.com\/\">Nimenhuuto<\/a><\/p>\n<p><strong>Organisaatio<br \/>\n<\/strong>Valmentaja<br \/>\nJani M\u00e4ntyj\u00e4rvi, 040-519 1361, jani.mantyjarvi [at] gmail.com<\/p>\n<p>Apuvalmentajat<br \/>\nRaino Pitk\u00e4nen, Jari-Pekka Rontu<\/p>\n<p>Joukkueenjohtaja<br \/>\nJari-Pekka Rontu, 040-730 3450,\u00a0jari-pekkarontu [at] oulunsalonvasama.fi<\/p>\n<p>Rahastonhoitaja<br \/>\nVirve Sipola<\/p>\n<p><strong>Pelaajat<br \/>\n<\/strong>1 Eveliina Rontu<br \/>\n2 Sara Jaakkola<br \/>\n3 Riina Saarinen<br \/>\n5 Erin Ruokamo<br \/>\n6 Sonja Molander<br \/>\n8 Mila Pitk\u00e4nen<br \/>\n9 Linda Kyll\u00f6nen<br \/>\n10 Emmi-Lotta M\u00e4ntyj\u00e4rvi<br \/>\n18 Iida Puuronen<\/p>\n<p>&nbsp;<\/p>\n","protected":false},"excerpt":{"rendered":"<p>E-tyt\u00f6t (05) kaudella 2015-2016 Joukkueessa\u00a0pelaa v. 2005 syntyneit\u00e4 tytt\u00f6j\u00e4. Joukkue osallistuu kauden aikana E-tytt\u00f6jen sarjatoimintaan. Harjoitusajat Tiistai\u00a0\u00a0\u00a0\u00a0\u00a0\u00a0\u00a0 \u00a0\u00a0\u00a0 17:00-18:30 Niemenrannan koulu Torstai\u00a0\u00a0\u00a0\u00a0\u00a0\u00a0\u00a0\u00a0\u00a0\u00a0 17:00-18:30 Niemenrannan koulu Kalenteri Nimenhuuto Organisaatio Valmentaja Jani M\u00e4ntyj\u00e4rvi, 040-519 1361, jani.mantyjarvi [at] gmail.com Apuvalmentajat Raino Pitk\u00e4nen, Jari-Pekka Rontu Joukkueenjohtaja Jari-Pekka Rontu, 040-730 3450,\u00a0jari-pekkarontu [at] oulunsalonvasama.fi Rahastonhoitaja Virve Sipola Pelaajat 1 Eveliina Rontu &#8230; <a title=\"E-tyt\u00f6t(05)\" class=\"read-more\" href=\"https:\/\/www.oulunsalonvasama.fi\/lentopallo\/edelliset-kaudet\/kausi-2015-2016\/e-tytot05\/\" aria-label=\"Lue lis\u00e4\u00e4 aiheesta E-tyt\u00f6t(05)\">Lue lis\u00e4\u00e4<\/a><\/p>\n","protected":false},"author":36,"featured_media":0,"parent":7393,"menu_order":4,"comment_status":"closed","ping_status":"open","template":"","meta":{"footnotes":"","_links_to":"","_links_to_target":""},"class_list":["post-6724","page","type-page","status-publish"],"_links":{"self":[{"href":"https:\/\/www.oulunsalonvasama.fi\/lentopallo\/wp-json\/wp\/v2\/pages\/6724","targetHints":{"allow":["GET"]}}],"collection":[{"href":"https:\/\/www.oulunsalonvasama.fi\/lentopallo\/wp-json\/wp\/v2\/pages"}],"about":[{"href":"https:\/\/www.oulunsalonvasama.fi\/lentopallo\/wp-json\/wp\/v2\/types\/page"}],"author":[{"embeddable":true,"href":"https:\/\/www.oulunsalonvasama.fi\/lentopallo\/wp-json\/wp\/v2\/users\/36"}],"replies":[{"embeddable":true,"href":"https:\/\/www.oulunsalonvasama.fi\/lentopallo\/wp-json\/wp\/v2\/comments?post=6724"}],"version-history":[{"count":13,"href":"https:\/\/www.oulunsalonvasama.fi\/lentopallo\/wp-json\/wp\/v2\/pages\/6724\/revisions"}],"predecessor-version":[{"id":7050,"href":"https:\/\/www.oulunsalonvasama.fi\/lentopallo\/wp-json\/wp\/v2\/pages\/6724\/revisions\/7050"}],"up":[{"embeddable":true,"href":"https:\/\/www.oulunsalonvasama.fi\/lentopallo\/wp-json\/wp\/v2\/pages\/7393"}],"wp:attachment":[{"href":"https:\/\/www.oulunsalonvasama.fi\/lentopallo\/wp-json\/wp\/v2\/media?parent=6724"}],"curies":[{"name":"wp","href":"https:\/\/api.w.org\/{rel}","templated":true}]}}