{"id":6670,"date":"2015-06-12T05:34:28","date_gmt":"2015-06-12T05:34:28","guid":{"rendered":"http:\/\/www.oulunsalonvasama.fi\/lentopallo\/?page_id=6670"},"modified":"2022-06-20T06:47:34","modified_gmt":"2022-06-20T06:47:34","slug":"kausi-2014-2015","status":"publish","type":"page","link":"https:\/\/www.oulunsalonvasama.fi\/lentopallo\/edelliset-kaudet\/kausi-2014-2015\/","title":{"rendered":"Kausi 2014-2015"},"content":{"rendered":"<h2><strong>Joukkueet kaudella 2014-2015<br \/>\n<\/strong><\/h2>\n<p><a href=\"https:\/\/www.oulunsalonvasama.fi\/lentopallo\/edelliset-kaudet\/kausi-2014-2015\/pallokerho\/\"><strong>Pallokerho<\/strong><\/a>:<br \/>\nKristiina Valtanen<\/p>\n<p><a href=\"https:\/\/www.oulunsalonvasama.fi\/lentopallo\/joukkueet\/kausi-2014-2015\/f-juniorit\/\"><strong>F-juniorit<\/strong>:<\/a><br \/>\ntyt\u00f6t: \u00a0Leena Kuukasj\u00e4rvi,\u00a0 050-5991 766<br \/>\npojat: Jani Kuukasj\u00e4rvi, 0400-152 479, jani.kuukasjarvi[at]gmail.com<\/p>\n<p>&nbsp;<\/p>\n<p><strong>Tytt\u00f6joukkueet:<\/strong><\/p>\n<p><a href=\"https:\/\/www.oulunsalonvasama.fi\/lentopallo\/joukkueet\/kausi-2014-2015\/e-tytot05\/\"><strong>E-Tyt\u00f6t(05)<\/strong>:<\/a><br \/>\nJani M\u00e4ntyj\u00e4rvi, 040-519 1361\u00a0\u00a0jani.mantyjarvi [at] gmail.com<br \/>\nMervi T\u00f6rm\u00e4nen, 040-707 1178<\/p>\n<p><strong><a href=\"https:\/\/www.oulunsalonvasama.fi\/lentopallo\/joukkueet\/kausi-2014-2015\/de-tytot\/\">D\/E-Tyt\u00f6t\u00a0(02-04)<\/a>:<br \/>\n<\/strong>Antti Silvamaa<br \/>\nEeva Lilja<\/p>\n<p><a href=\"https:\/\/www.oulunsalonvasama.fi\/lentopallo\/joukkueet\/kausi-2014-2015\/c-tytot\/\"><strong>C-tyt\u00f6t<\/strong>:<\/a><br \/>\nTapio Helanen, 040-0440 092, tapio.helanen[at]lounastuote.com<br \/>\nPirjo Pietil\u00e4inen, \u00a0040-1644676,\u00a0<span style=\"color: #222222;\">pirpi[at]elisanet.fi<\/span><\/p>\n<p><strong><a href=\"https:\/\/www.oulunsalonvasama.fi\/lentopallo\/joukkueet\/kausi-2014-2015\/b-tytot\/\">B-tyt\u00f6t<\/a>:<br \/>\n<\/strong>Jari Longi, 040-5021 734, jari.longi@dnainternet.net<br \/>\nVille Vatanen, 040-1890 371, ville.vatanen@jotautomation.com<\/p>\n<p><a href=\"https:\/\/www.oulunsalonvasama.fi\/lentopallo\/joukkueet\/kausi-2014-2015\/a-tytot\/\"><strong>A-tyt\u00f6t<\/strong><\/a>:<br \/>\nAli Pietil\u00e4inen,\u00a0 0400-876 775<\/p>\n<p>&nbsp;<\/p>\n<p><strong>Poikajoukkueet:<\/strong><\/p>\n<p><strong><a href=\"https:\/\/www.oulunsalonvasama.fi\/lentopallo\/joukkueet\/kausi-2014-2015\/e-pojat\/\">E-pojat:<\/a><br \/>\n<\/strong>Timo Jokinen, 050 4872861, <span class=\"gI\"><span class=\"go\">timo.ta.jokinen [at] gmail.com<\/span><\/span><\/p>\n<p><strong><a href=\"https:\/\/www.oulunsalonvasama.fi\/lentopallo\/joukkueet\/kausi-2014-2015\/d-pojat\/\">D-pojat<\/a>:<\/strong><br \/>\nJorma Rajala 050-5126 170<br \/>\nKimmo Aaltonen 044-0895 089<\/p>\n<p><strong>C-pojat:<\/strong><br \/>\nOlli Lahtinen, 040-5865 422<br \/>\nJorma Rajala, 050-5126 170<\/p>\n<p><strong>A-pojat:<\/strong><br \/>\nJuha Haapakoski, 040-5558736, juha.haapakoski[at]niscayah.fi<\/p>\n<p>&nbsp;<\/p>\n<p><strong>Aikuisjoukkueet:<\/strong><\/p>\n<p><a href=\"https:\/\/www.oulunsalonvasama.fi\/lentopallo\/joukkueet\/kausi-2014-2015\/naiset-2002\/\"><strong>Naiset 2002<\/strong><\/a>:<br \/>\nSaara Kittil\u00e4, <span class=\"baec5a81-e4d6-4674-97f3-e9220f0136c1\" style=\"white-space: nowrap;\">040-839 6725<\/span><\/p>\n<p><strong>N100:<br \/>\n<\/strong>Leila Raitanen, 040-5592 803,\u00a0leila.raitanen[at]saunalahti.fi<\/p>\n<p><strong>Npallohukassa:<br \/>\n<\/strong>Eero Heikkinen, 046-6657 905<\/p>\n<p><strong>M2+vet<\/strong>:<br \/>\nMatti Rajala, 050-3279 486<\/p>\n<p><a href=\"https:\/\/www.oulunsalonvasama.fi\/lentopallo\/kausi-2014-2015\/1-sarja-miehet\/\"><strong>Miehet 1-sarja<\/strong>:<\/a><br \/>\nJanne Kangaskokko, 0445095326<br \/>\nKari Sepp\u00e4, 050-3886 998,\u00a0kari.seppa[at]edu.oulunsalo.fi<\/p>\n","protected":false},"excerpt":{"rendered":"<p>Joukkueet kaudella 2014-2015 Pallokerho: Kristiina Valtanen F-juniorit: tyt\u00f6t: \u00a0Leena Kuukasj\u00e4rvi,\u00a0 050-5991 766 pojat: Jani Kuukasj\u00e4rvi, 0400-152 479, jani.kuukasjarvi[at]gmail.com &nbsp; Tytt\u00f6joukkueet: E-Tyt\u00f6t(05): Jani M\u00e4ntyj\u00e4rvi, 040-519 1361\u00a0\u00a0jani.mantyjarvi [at] gmail.com Mervi T\u00f6rm\u00e4nen, 040-707 1178 D\/E-Tyt\u00f6t\u00a0(02-04): Antti Silvamaa Eeva Lilja C-tyt\u00f6t: Tapio Helanen, 040-0440 092, tapio.helanen[at]lounastuote.com Pirjo Pietil\u00e4inen, \u00a0040-1644676,\u00a0pirpi[at]elisanet.fi B-tyt\u00f6t: Jari Longi, 040-5021 734, jari.longi@dnainternet.net Ville Vatanen, 040-1890 371, &#8230; <a title=\"Kausi 2014-2015\" class=\"read-more\" href=\"https:\/\/www.oulunsalonvasama.fi\/lentopallo\/edelliset-kaudet\/kausi-2014-2015\/\" aria-label=\"Lue lis\u00e4\u00e4 aiheesta Kausi 2014-2015\">Lue lis\u00e4\u00e4<\/a><\/p>\n","protected":false},"author":36,"featured_media":0,"parent":2069,"menu_order":14,"comment_status":"closed","ping_status":"open","template":"","meta":{"footnotes":"","_links_to":"","_links_to_target":""},"class_list":["post-6670","page","type-page","status-publish"],"_links":{"self":[{"href":"https:\/\/www.oulunsalonvasama.fi\/lentopallo\/wp-json\/wp\/v2\/pages\/6670","targetHints":{"allow":["GET"]}}],"collection":[{"href":"https:\/\/www.oulunsalonvasama.fi\/lentopallo\/wp-json\/wp\/v2\/pages"}],"about":[{"href":"https:\/\/www.oulunsalonvasama.fi\/lentopallo\/wp-json\/wp\/v2\/types\/page"}],"author":[{"embeddable":true,"href":"https:\/\/www.oulunsalonvasama.fi\/lentopallo\/wp-json\/wp\/v2\/users\/36"}],"replies":[{"embeddable":true,"href":"https:\/\/www.oulunsalonvasama.fi\/lentopallo\/wp-json\/wp\/v2\/comments?post=6670"}],"version-history":[{"count":6,"href":"https:\/\/www.oulunsalonvasama.fi\/lentopallo\/wp-json\/wp\/v2\/pages\/6670\/revisions"}],"predecessor-version":[{"id":9840,"href":"https:\/\/www.oulunsalonvasama.fi\/lentopallo\/wp-json\/wp\/v2\/pages\/6670\/revisions\/9840"}],"up":[{"embeddable":true,"href":"https:\/\/www.oulunsalonvasama.fi\/lentopallo\/wp-json\/wp\/v2\/pages\/2069"}],"wp:attachment":[{"href":"https:\/\/www.oulunsalonvasama.fi\/lentopallo\/wp-json\/wp\/v2\/media?parent=6670"}],"curies":[{"name":"wp","href":"https:\/\/api.w.org\/{rel}","templated":true}]}}