{"id":6311,"date":"2014-11-20T11:12:16","date_gmt":"2014-11-20T11:12:16","guid":{"rendered":"http:\/\/www.oulunsalonvasama.fi\/lentopallo\/?page_id=6311"},"modified":"2015-06-17T18:20:39","modified_gmt":"2015-06-17T18:20:39","slug":"f-juniorit","status":"publish","type":"page","link":"https:\/\/www.oulunsalonvasama.fi\/lentopallo\/edelliset-kaudet\/kausi-2014-2015\/f-juniorit\/","title":{"rendered":"F-juniorit"},"content":{"rendered":"<h2><strong>F-juniorit kaudella 2014-2015<\/strong><\/h2>\n<p>Joukkueessa\u00a0pelaa 2006-2007 syntyneit\u00e4 lapsia. Joukkue\u00a0osallistuu kauden aikana F-ik\u00e4isten toimintap\u00e4iviin sek\u00e4 Jymy-turnaukseen ja Power Cuppiin.<\/p>\n<p>Sarjakausi 2014-2015 on ohi toiminta jatkuu taas syksyll\u00e4 2015.<\/p>\n<p><strong>Harjoitusajat<\/strong><\/p>\n<p><strong>Kalenteri<\/strong><\/p>\n<p><strong>Organisaatio<\/strong><br \/>\nValmentaja \u00a0 \u00a0 \u00a0 \u00a0\u00a0 \u00a0 \u00a0 \u00a0\u00a0 Leena Kuukasj\u00e4rvi, 050-5991 766<br \/>\nValmentaja(pojat)\u00a0 \u00a0\u00a0 \u00a0 Jani Kuukasj\u00e4rvi, 0400-152 479<br \/>\nValmentaja(tyt\u00f6t)\u00a0 \u00a0 \u00a0\u00a0 Jarno Valtanen, 044-0235 153<br \/>\nValmentaja\u00a0\u00a0\u00a0\u00a0\u00a0\u00a0\u00a0\u00a0\u00a0\u00a0\u00a0\u00a0\u00a0\u00a0\u00a0\u00a0\u00a0 Kari Vanhatupa<br \/>\nTaloudenhoitaja\u00a0\u00a0\u00a0\u00a0\u00a0 \u00a0 \u00a0 Kauko V\u00e4in\u00e4m\u00f6<\/p>\n","protected":false},"excerpt":{"rendered":"<p>F-juniorit kaudella 2014-2015 Joukkueessa\u00a0pelaa 2006-2007 syntyneit\u00e4 lapsia. Joukkue\u00a0osallistuu kauden aikana F-ik\u00e4isten toimintap\u00e4iviin sek\u00e4 Jymy-turnaukseen ja Power Cuppiin. Sarjakausi 2014-2015 on ohi toiminta jatkuu taas syksyll\u00e4 2015. Harjoitusajat Kalenteri Organisaatio Valmentaja \u00a0 \u00a0 \u00a0 \u00a0\u00a0 \u00a0 \u00a0 \u00a0\u00a0 Leena Kuukasj\u00e4rvi, 050-5991 766 Valmentaja(pojat)\u00a0 \u00a0\u00a0 \u00a0 Jani Kuukasj\u00e4rvi, 0400-152 479 Valmentaja(tyt\u00f6t)\u00a0 \u00a0 \u00a0\u00a0 Jarno Valtanen, 044-0235 153 &#8230; <a title=\"F-juniorit\" class=\"read-more\" href=\"https:\/\/www.oulunsalonvasama.fi\/lentopallo\/edelliset-kaudet\/kausi-2014-2015\/f-juniorit\/\" aria-label=\"Lue lis\u00e4\u00e4 aiheesta F-juniorit\">Lue lis\u00e4\u00e4<\/a><\/p>\n","protected":false},"author":36,"featured_media":0,"parent":6670,"menu_order":2,"comment_status":"closed","ping_status":"open","template":"","meta":{"footnotes":"","_links_to":"","_links_to_target":""},"class_list":["post-6311","page","type-page","status-publish"],"_links":{"self":[{"href":"https:\/\/www.oulunsalonvasama.fi\/lentopallo\/wp-json\/wp\/v2\/pages\/6311","targetHints":{"allow":["GET"]}}],"collection":[{"href":"https:\/\/www.oulunsalonvasama.fi\/lentopallo\/wp-json\/wp\/v2\/pages"}],"about":[{"href":"https:\/\/www.oulunsalonvasama.fi\/lentopallo\/wp-json\/wp\/v2\/types\/page"}],"author":[{"embeddable":true,"href":"https:\/\/www.oulunsalonvasama.fi\/lentopallo\/wp-json\/wp\/v2\/users\/36"}],"replies":[{"embeddable":true,"href":"https:\/\/www.oulunsalonvasama.fi\/lentopallo\/wp-json\/wp\/v2\/comments?post=6311"}],"version-history":[{"count":17,"href":"https:\/\/www.oulunsalonvasama.fi\/lentopallo\/wp-json\/wp\/v2\/pages\/6311\/revisions"}],"predecessor-version":[{"id":6668,"href":"https:\/\/www.oulunsalonvasama.fi\/lentopallo\/wp-json\/wp\/v2\/pages\/6311\/revisions\/6668"}],"up":[{"embeddable":true,"href":"https:\/\/www.oulunsalonvasama.fi\/lentopallo\/wp-json\/wp\/v2\/pages\/6670"}],"wp:attachment":[{"href":"https:\/\/www.oulunsalonvasama.fi\/lentopallo\/wp-json\/wp\/v2\/media?parent=6311"}],"curies":[{"name":"wp","href":"https:\/\/api.w.org\/{rel}","templated":true}]}}