{"id":6148,"date":"2014-10-07T11:50:12","date_gmt":"2014-10-07T11:50:12","guid":{"rendered":"http:\/\/www.oulunsalonvasama.fi\/lentopallo\/?page_id=6148"},"modified":"2015-06-17T18:23:44","modified_gmt":"2015-06-17T18:23:44","slug":"b-tytot","status":"publish","type":"page","link":"https:\/\/www.oulunsalonvasama.fi\/lentopallo\/edelliset-kaudet\/kausi-2014-2015\/b-tytot\/","title":{"rendered":"B-tyt\u00f6t"},"content":{"rendered":"<h2 style=\"color: #666666;\"><strong>B-tyt\u00f6t kaudella 2014-2015<\/strong><\/h2>\n<p>Joukkueessa pelaa -98, -99 ja -00 syntyneit\u00e4 tytt\u00f6j\u00e4. Joukkue osallistuu kauden aikana B-tytt\u00f6jen SM-sarjaan sek\u00e4 Naisten 2-sarjaan<\/p>\n<p><img loading=\"lazy\" decoding=\"async\" class=\"alignnone wp-image-6349 size-medium\" src=\"https:\/\/www.oulunsalonvasama.fi\/lentopallo\/wp-content\/uploads\/2014\/10\/BT-nettiin-300x187.jpg\" alt=\"\" width=\"300\" height=\"187\" srcset=\"https:\/\/www.oulunsalonvasama.fi\/lentopallo\/wp-content\/uploads\/2014\/10\/BT-nettiin-300x187.jpg 300w, https:\/\/www.oulunsalonvasama.fi\/lentopallo\/wp-content\/uploads\/2014\/10\/BT-nettiin-1024x639.jpg 1024w\" sizes=\"auto, (max-width: 300px) 100vw, 300px\" \/><\/p>\n<p><strong>Tuloksia<\/strong><br \/>\n<a href=\"https:\/\/www.oulunsalonvasama.fi\/lentopallo\/2015\/02\/oulunsalon-vasaman-b-tytoille-hopeaa-am-finaaleista\/\">BT AM<\/a><br \/>\n<a href=\"https:\/\/www.oulunsalonvasama.fi\/lentopallo\/2015\/06\/osvan-b-tytoille-kultaa-power-cupsta\/\">PowerCup<\/a><\/p>\n<p><strong>Harjoitusajat<\/strong><br \/>\nMaanantai\u00a0 \u00a0 \u00a0\u00a0 klo 18-19.30\u00a0 \u00a0 Kirkonkyl\u00e4n koulu<br \/>\nTorstai\u00a0 \u00a0 \u00a0 \u00a0\u00a0 \u00a0\u00a0 klo 19.30-20.45 Kirkonkyl\u00e4n koulu<br \/>\nPerjantai\u00a0 \u00a0 \u00a0 \u00a0\u00a0 klo 19-20.30\u00a0 \u00a0 Kirkonkyl\u00e4n koulu<br \/>\nSunnuntai\u00a0 \u00a0 \u00a0 \u00a0klo 15.30-17\u00a0 \u00a0 Kirkonkyl\u00e4n koulu<\/p>\n<p>2-sarjan kotipelit p\u00e4\u00e4s\u00e4\u00e4nt\u00f6isesti sunnuntaisin klo 14.30<\/p>\n<p><strong>Organisaatio<\/strong><br \/>\nP\u00e4\u00e4valmentaja\u00a0 \u00a0 \u00a0\u00a0 \u00a0\u00a0 Jari Longi,040-5021 734, jari.longi@dnainternet.net<br \/>\nValmentaja\u00a0 \u00a0 \u00a0 \u00a0 \u00a0 \u00a0 \u00a0 \u00a0 Pentti Lappalainen<br \/>\nJoukkueenjohtaja\u00a0 \u00a0\u00a0\u00a0 Ville Vatanen, 040-1890 371<br \/>\nHuoltaja\u00a0 \u00a0 \u00a0 \u00a0 \u00a0 \u00a0 \u00a0 \u00a0 \u00a0 \u00a0 Titta Vatanen<br \/>\nTaloudenhoitaja \u00a0 \u00a0\u00a0 \u00a0 Tapio Helanen<\/p>\n<p><strong>Pelaajat<\/strong><br \/>\n2 Vilma Longi (lib)<br \/>\n3 Maija Kauppinen (yp, kapt)<br \/>\n6 Laura Piilola (kt\/yp)<br \/>\n8 Miia Aro (pas)<br \/>\n9 Anette Silvamaa (hak)<br \/>\n15 Veera Vatanen (kt)<br \/>\n17 Fanny Valtanen (kt)<br \/>\n26 Viivi M\u00e4kel\u00e4 (yp\/pas)<br \/>\nNoora Pesonen<\/p>\n<p>Lis\u00e4ksi 2-sarjassa joukkueeseen kuuluu<br \/>\n10 Minna Korhonen (kt)<\/p>\n","protected":false},"excerpt":{"rendered":"<p>B-tyt\u00f6t kaudella 2014-2015 Joukkueessa pelaa -98, -99 ja -00 syntyneit\u00e4 tytt\u00f6j\u00e4. Joukkue osallistuu kauden aikana B-tytt\u00f6jen SM-sarjaan sek\u00e4 Naisten 2-sarjaan Tuloksia BT AM PowerCup Harjoitusajat Maanantai\u00a0 \u00a0 \u00a0\u00a0 klo 18-19.30\u00a0 \u00a0 Kirkonkyl\u00e4n koulu Torstai\u00a0 \u00a0 \u00a0 \u00a0\u00a0 \u00a0\u00a0 klo 19.30-20.45 Kirkonkyl\u00e4n koulu Perjantai\u00a0 \u00a0 \u00a0 \u00a0\u00a0 klo 19-20.30\u00a0 \u00a0 Kirkonkyl\u00e4n koulu Sunnuntai\u00a0 \u00a0 \u00a0 \u00a0klo &#8230; <a title=\"B-tyt\u00f6t\" class=\"read-more\" href=\"https:\/\/www.oulunsalonvasama.fi\/lentopallo\/edelliset-kaudet\/kausi-2014-2015\/b-tytot\/\" aria-label=\"Lue lis\u00e4\u00e4 aiheesta B-tyt\u00f6t\">Lue lis\u00e4\u00e4<\/a><\/p>\n","protected":false},"author":36,"featured_media":0,"parent":6670,"menu_order":7,"comment_status":"closed","ping_status":"open","template":"","meta":{"footnotes":"","_links_to":"","_links_to_target":""},"class_list":["post-6148","page","type-page","status-publish"],"_links":{"self":[{"href":"https:\/\/www.oulunsalonvasama.fi\/lentopallo\/wp-json\/wp\/v2\/pages\/6148","targetHints":{"allow":["GET"]}}],"collection":[{"href":"https:\/\/www.oulunsalonvasama.fi\/lentopallo\/wp-json\/wp\/v2\/pages"}],"about":[{"href":"https:\/\/www.oulunsalonvasama.fi\/lentopallo\/wp-json\/wp\/v2\/types\/page"}],"author":[{"embeddable":true,"href":"https:\/\/www.oulunsalonvasama.fi\/lentopallo\/wp-json\/wp\/v2\/users\/36"}],"replies":[{"embeddable":true,"href":"https:\/\/www.oulunsalonvasama.fi\/lentopallo\/wp-json\/wp\/v2\/comments?post=6148"}],"version-history":[{"count":13,"href":"https:\/\/www.oulunsalonvasama.fi\/lentopallo\/wp-json\/wp\/v2\/pages\/6148\/revisions"}],"predecessor-version":[{"id":6713,"href":"https:\/\/www.oulunsalonvasama.fi\/lentopallo\/wp-json\/wp\/v2\/pages\/6148\/revisions\/6713"}],"up":[{"embeddable":true,"href":"https:\/\/www.oulunsalonvasama.fi\/lentopallo\/wp-json\/wp\/v2\/pages\/6670"}],"wp:attachment":[{"href":"https:\/\/www.oulunsalonvasama.fi\/lentopallo\/wp-json\/wp\/v2\/media?parent=6148"}],"curies":[{"name":"wp","href":"https:\/\/api.w.org\/{rel}","templated":true}]}}