{"id":6077,"date":"2014-09-21T18:48:15","date_gmt":"2014-09-21T18:48:15","guid":{"rendered":"http:\/\/www.oulunsalonvasama.fi\/lentopallo\/?page_id=6077"},"modified":"2015-06-17T18:22:03","modified_gmt":"2015-06-17T18:22:03","slug":"de-tytot","status":"publish","type":"page","link":"https:\/\/www.oulunsalonvasama.fi\/lentopallo\/edelliset-kaudet\/kausi-2014-2015\/de-tytot\/","title":{"rendered":"D\/E -tyt\u00f6t"},"content":{"rendered":"<h2 style=\"color: #666666;\"><strong>D\/E-tyt\u00f6t kaudella 2014-2015<\/strong><\/h2>\n<p style=\"color: #222222;\">Joukkueessa\u00a0pelaa 02-04 syntyneit\u00e4 tytt\u00f6j\u00e4. Joukkue\u00a0osallistui kauden aikana D ja E -ik\u00e4isten sarjatoimintaan sek\u00e4 Jymy-turnaukseen ja Power Cuppiin.<\/p>\n<p style=\"color: #222222;\"><strong style=\"color: #222222;\">Harjoitusajat<br \/>\n<\/strong><\/p>\n<p style=\"color: #222222;\"><strong style=\"color: #222222;\">Kalenteri<br \/>\n<\/strong><a href=\"http:\/\/osvalentopallot03-04.nimenhuuto.com\/\">Nimenhuuto <\/a><\/p>\n<p style=\"color: #222222;\"><strong>Organisaatio<\/strong><br \/>\nValmentaja \u00a0 \u00a0 \u00a0 \u00a0 \u00a0 \u00a0 \u00a0 \u00a0Antti Silvamaa<br \/>\nValmentaja \u00a0 \u00a0 \u00a0 \u00a0 \u00a0 \u00a0 \u00a0 \u00a0Jarno Valtanen<br \/>\nJoukkueenjohtaja\u00a0\u00a0\u00a0\u00a0\u00a0 Eeva Lilja<br \/>\nTaloudenhoitaja\u00a0\u00a0\u00a0\u00a0\u00a0\u00a0\u00a0\u00a0\u00a0Kristiina Valtanen<\/p>\n<p style=\"color: #222222;\"><strong>Pelaajat<br \/>\n<\/strong>1 Sara Timonen<br \/>\n2 Emma Tirkkonen<br \/>\n4 Tiia Tapio<br \/>\n5 Amanda Valtanen<br \/>\n5 Elle Ruokamo<br \/>\n8 Olivia Lilja<br \/>\n11 Emmi Holappa<br \/>\n12 Alisa Nurmela<br \/>\n15 Emma Kentt\u00e4<br \/>\n17 Emma Korhonen<br \/>\n22 Nadja Silvamaa<\/p>\n","protected":false},"excerpt":{"rendered":"<p>D\/E-tyt\u00f6t kaudella 2014-2015 Joukkueessa\u00a0pelaa 02-04 syntyneit\u00e4 tytt\u00f6j\u00e4. Joukkue\u00a0osallistui kauden aikana D ja E -ik\u00e4isten sarjatoimintaan sek\u00e4 Jymy-turnaukseen ja Power Cuppiin. Harjoitusajat Kalenteri Nimenhuuto Organisaatio Valmentaja \u00a0 \u00a0 \u00a0 \u00a0 \u00a0 \u00a0 \u00a0 \u00a0Antti Silvamaa Valmentaja \u00a0 \u00a0 \u00a0 \u00a0 \u00a0 \u00a0 \u00a0 \u00a0Jarno Valtanen Joukkueenjohtaja\u00a0\u00a0\u00a0\u00a0\u00a0 Eeva Lilja Taloudenhoitaja\u00a0\u00a0\u00a0\u00a0\u00a0\u00a0\u00a0\u00a0\u00a0Kristiina Valtanen Pelaajat 1 Sara Timonen 2 Emma &#8230; <a title=\"D\/E -tyt\u00f6t\" class=\"read-more\" href=\"https:\/\/www.oulunsalonvasama.fi\/lentopallo\/edelliset-kaudet\/kausi-2014-2015\/de-tytot\/\" aria-label=\"Lue lis\u00e4\u00e4 aiheesta D\/E -tyt\u00f6t\">Lue lis\u00e4\u00e4<\/a><\/p>\n","protected":false},"author":36,"featured_media":0,"parent":6670,"menu_order":5,"comment_status":"closed","ping_status":"open","template":"","meta":{"footnotes":"","_links_to":"","_links_to_target":""},"class_list":["post-6077","page","type-page","status-publish"],"_links":{"self":[{"href":"https:\/\/www.oulunsalonvasama.fi\/lentopallo\/wp-json\/wp\/v2\/pages\/6077","targetHints":{"allow":["GET"]}}],"collection":[{"href":"https:\/\/www.oulunsalonvasama.fi\/lentopallo\/wp-json\/wp\/v2\/pages"}],"about":[{"href":"https:\/\/www.oulunsalonvasama.fi\/lentopallo\/wp-json\/wp\/v2\/types\/page"}],"author":[{"embeddable":true,"href":"https:\/\/www.oulunsalonvasama.fi\/lentopallo\/wp-json\/wp\/v2\/users\/36"}],"replies":[{"embeddable":true,"href":"https:\/\/www.oulunsalonvasama.fi\/lentopallo\/wp-json\/wp\/v2\/comments?post=6077"}],"version-history":[{"count":23,"href":"https:\/\/www.oulunsalonvasama.fi\/lentopallo\/wp-json\/wp\/v2\/pages\/6077\/revisions"}],"predecessor-version":[{"id":6709,"href":"https:\/\/www.oulunsalonvasama.fi\/lentopallo\/wp-json\/wp\/v2\/pages\/6077\/revisions\/6709"}],"up":[{"embeddable":true,"href":"https:\/\/www.oulunsalonvasama.fi\/lentopallo\/wp-json\/wp\/v2\/pages\/6670"}],"wp:attachment":[{"href":"https:\/\/www.oulunsalonvasama.fi\/lentopallo\/wp-json\/wp\/v2\/media?parent=6077"}],"curies":[{"name":"wp","href":"https:\/\/api.w.org\/{rel}","templated":true}]}}