{"id":6010,"date":"2014-08-06T09:04:24","date_gmt":"2014-08-06T09:04:24","guid":{"rendered":"http:\/\/www.oulunsalonvasama.fi\/lentopallo\/?page_id=6010"},"modified":"2015-06-17T18:30:30","modified_gmt":"2015-06-17T18:30:30","slug":"1-sarja-miehet","status":"publish","type":"page","link":"https:\/\/www.oulunsalonvasama.fi\/lentopallo\/edelliset-kaudet\/kausi-2014-2015\/1-sarja-miehet\/","title":{"rendered":"1-sarja miehet"},"content":{"rendered":"<h2><strong>1-sarja miehet<\/strong><\/h2>\n<p>Yli 20-vuoden tauon j\u00e4lkeen Oulunsalon Vasaman miesten joukkue pelaa 1-sarjaa. Viimeksi OsValla oli joukkue 1-sarjassa kaudella 1989-90. Silloin tuli ykk\u00f6ssarjan mestaruus mutta SM-sarjakarsinnassa nousu ei toteutunut. Samana kev\u00e4\u00e4n\u00e4 perustettiin Lentopalloseura ETTA yhdess\u00e4 Oulun Kiskon ja ONMKY:n kanssa.<br \/>\nETTA sai OsVan sarjapaikan ja suurimman osan pelaajista. Heti ensimm\u00e4isen\u00e4 vuonna nousu SM-sarjaan tapahtuikin.<\/p>\n<p>OsVan joukkue koostuu p\u00e4\u00e4osin omista junioreista.<br \/>\nTervetuloa katsomaan pelej\u00e4 Kirkonkyl\u00e4n koululle.<br \/>\nOttelut alkavat aina klo 17.30<\/p>\n<p>Sivussa olevista valikosta voit l\u00f6yt\u00e4\u00e4 lis\u00e4tietoa.<br \/>\nPelaajien kuvat ja p\u00e4ivitykset peleist\u00e4 l\u00f6ytyv\u00e4t nopeiten facebook-sivultamme.<\/p>\n<p><a href=\"https:\/\/www.facebook.com\/pages\/Oulunsalon-Vasama-1-sarja\/679185455482953\">Oulunsalon Vasama 1-sarja miehet<\/a><\/p>\n<p>T\u00e4ss\u00e4 sarjataulukko karsinnoista 89-90<br \/>\nhttp:\/\/fi.wikipedia.org\/wiki\/Lentopallon_miesten_SM-sarjakausi_1989%E2%80%931990)<\/p>\n<p>T\u00e4ss\u00e4 ETTAn nousuvuoden sarjataulukko<br \/>\nhttp:\/\/fi.wikipedia.org\/wiki\/Lentopallon_miesten_SM-sarjakausi_1990%E2%80%931991<\/p>\n<p>Ykk\u00f6ssarjan mestareita:<br \/>\n(l\u00e4hde wikipedia)<\/p>\n<p>1976 Rantaperki\u00f6n Isku<br \/>\n1977 Raision Loimu<br \/>\n1978 Kokkolan Tiikerit ja Porin Pyrint\u00f6. Uusintaotteluiden, jotka p\u00e4\u00e4ttyiv\u00e4t yhteistuloksella tasan er\u00e4pisteit\u00e4 my\u00f6ten, j\u00e4lkeen suoritetussa arvonnassa Tiikerit nousivat suoraan SM-sarjaan. Porin Pyrint\u00f6 nousi karsintojen j\u00e4lkeen.[3]<br \/>\n1979 Salon Viesti<br \/>\n1980 (SM-sarjaan nousivat Rantaperki\u00f6n Isku, Siilinj\u00e4rven Lentopallo ja Oulun Kisko)<br \/>\n1981 Sein\u00e4joen Maila-Jussit<br \/>\n1982 Karhulan Veikot<br \/>\n1983 Jyv\u00e4skyl\u00e4n Kiri<br \/>\n1984 Sein\u00e4joen Maila-Jussit<br \/>\n1985 Kuopion Sale<br \/>\n1986 Varkauden Tarmo<br \/>\n1988 Etel\u00e4-Kuopion Ilves<br \/>\n1989 Vaasan Vasama<br \/>\n1990 Oulunsalon Vasama<br \/>\n1991 Lohkovoittajat: Lahden Kimmo ja Sein\u00e4joen Maila-Jussit. Karsinnan j\u00e4lkeen Lentopalloseura ETTA oli ainoa nousija.<br \/>\n1992 Lohkovoittajat: Jyv\u00e4skyl\u00e4n Metso-Lentis ja Salon Viesti. Metso-Lentis nousi.<br \/>\n1998 Muuramen Lentopallo<br \/>\n2001 Lohkovoittajat: Vaasan Kiisto ja Loimaan Jankko<br \/>\n2003 Vaasan Kiisto<br \/>\n2004 Mutalan Riento<br \/>\n2005 Muuramen Lentopallo<br \/>\n2006 Kempeleen Lentopallo<br \/>\n2007 Hurrikaani Loimaa<br \/>\n2008 Keski-Savon Pateri<br \/>\n2009 Vaasan Kiisto<br \/>\n2010 Lentopalloseura ETTA<br \/>\n2011 Kokkolan Tiikerit<br \/>\n2012 Mutalan Riento<br \/>\n2013 Vaasan Kiisto<br \/>\n2014 S\u00e4rk\u00e4t Volley<\/p>\n","protected":false},"excerpt":{"rendered":"<p>1-sarja miehet Yli 20-vuoden tauon j\u00e4lkeen Oulunsalon Vasaman miesten joukkue pelaa 1-sarjaa. Viimeksi OsValla oli joukkue 1-sarjassa kaudella 1989-90. Silloin tuli ykk\u00f6ssarjan mestaruus mutta SM-sarjakarsinnassa nousu ei toteutunut. Samana kev\u00e4\u00e4n\u00e4 perustettiin Lentopalloseura ETTA yhdess\u00e4 Oulun Kiskon ja ONMKY:n kanssa. ETTA sai OsVan sarjapaikan ja suurimman osan pelaajista. Heti ensimm\u00e4isen\u00e4 vuonna nousu SM-sarjaan tapahtuikin. OsVan joukkue &#8230; <a title=\"1-sarja miehet\" class=\"read-more\" href=\"https:\/\/www.oulunsalonvasama.fi\/lentopallo\/edelliset-kaudet\/kausi-2014-2015\/1-sarja-miehet\/\" aria-label=\"Lue lis\u00e4\u00e4 aiheesta 1-sarja miehet\">Lue lis\u00e4\u00e4<\/a><\/p>\n","protected":false},"author":22,"featured_media":0,"parent":6670,"menu_order":4,"comment_status":"closed","ping_status":"closed","template":"","meta":{"footnotes":"","_links_to":"","_links_to_target":""},"class_list":["post-6010","page","type-page","status-publish"],"_links":{"self":[{"href":"https:\/\/www.oulunsalonvasama.fi\/lentopallo\/wp-json\/wp\/v2\/pages\/6010","targetHints":{"allow":["GET"]}}],"collection":[{"href":"https:\/\/www.oulunsalonvasama.fi\/lentopallo\/wp-json\/wp\/v2\/pages"}],"about":[{"href":"https:\/\/www.oulunsalonvasama.fi\/lentopallo\/wp-json\/wp\/v2\/types\/page"}],"author":[{"embeddable":true,"href":"https:\/\/www.oulunsalonvasama.fi\/lentopallo\/wp-json\/wp\/v2\/users\/22"}],"replies":[{"embeddable":true,"href":"https:\/\/www.oulunsalonvasama.fi\/lentopallo\/wp-json\/wp\/v2\/comments?post=6010"}],"version-history":[{"count":19,"href":"https:\/\/www.oulunsalonvasama.fi\/lentopallo\/wp-json\/wp\/v2\/pages\/6010\/revisions"}],"predecessor-version":[{"id":6717,"href":"https:\/\/www.oulunsalonvasama.fi\/lentopallo\/wp-json\/wp\/v2\/pages\/6010\/revisions\/6717"}],"up":[{"embeddable":true,"href":"https:\/\/www.oulunsalonvasama.fi\/lentopallo\/wp-json\/wp\/v2\/pages\/6670"}],"wp:attachment":[{"href":"https:\/\/www.oulunsalonvasama.fi\/lentopallo\/wp-json\/wp\/v2\/media?parent=6010"}],"curies":[{"name":"wp","href":"https:\/\/api.w.org\/{rel}","templated":true}]}}