{"id":5887,"date":"2014-07-08T02:28:05","date_gmt":"2014-07-08T02:28:05","guid":{"rendered":"http:\/\/www.oulunsalonvasama.fi\/lentopallo\/?page_id=5887"},"modified":"2019-07-31T09:21:48","modified_gmt":"2019-07-31T09:21:48","slug":"kausi-2013-2014","status":"publish","type":"page","link":"https:\/\/www.oulunsalonvasama.fi\/lentopallo\/edelliset-kaudet\/kausi-2013-2014\/","title":{"rendered":"Kausi 2013-2014"},"content":{"rendered":"<h2><strong>Joukkueet kaudella 2013-2014<\/strong><\/h2>\n<p><a title=\"Pallokerho :\" href=\"https:\/\/www.oulunsalonvasama.fi\/lentopallo\/edelliset-kaudet\/kausi-2013-2014\/pallokerho\/\"><strong>Pallokerho<\/strong> :<\/a><br \/>\nLeena Kuukasj\u00e4rvi<br \/>\nKristiina Valtanen<\/p>\n<p><a title=\"F-juniorit\" href=\"https:\/\/www.oulunsalonvasama.fi\/lentopallo\/edelliset-kaudet\/kausi-2013-2014\/f-juniorit\/\"><strong>F-juniorit<\/strong>:<\/a><br \/>\ntyt\u00f6t: \u00a0Leena Kuukasj\u00e4rvi<br \/>\npojat: Jani Kuukasj\u00e4rvi<\/p>\n<p><a title=\"E-Tyt\u00f6t\" href=\"https:\/\/www.oulunsalonvasama.fi\/lentopallo\/edelliset-kaudet\/kausi-2013-2014\/e-tytot\/\"><strong>E-Tyt\u00f6t<\/strong><\/a> :<a title=\"E-tyt\u00f6t:\" href=\"https:\/\/www.oulunsalonvasama.fi\/lentopallo\/edelliset-kaudet\/kausi-2011-2012\/e-tytot-1\/\"><br \/>\n<\/a>Antti Silvamaa<br \/>\nEeva Lilja<\/p>\n<p><strong><a title=\"E-pojat\" href=\"https:\/\/www.oulunsalonvasama.fi\/lentopallo\/edelliset-kaudet\/kausi-2013-2014\/e-pojat\/\">E-pojat04:<\/a><br \/>\n<\/strong>Jaana Jokitulppo<br \/>\nSaara Katainen<\/p>\n<p><strong><a title=\"E-pojat\" href=\"https:\/\/www.oulunsalonvasama.fi\/lentopallo\/edelliset-kaudet\/kausi-2013-2014\/e-pojat\/\">E-pojat03:<\/a><br \/>\n<\/strong>Jaana Jokitulppo<br \/>\nJuha Jokitulppo<\/p>\n<p><strong><a title=\"D-Tyt\u00f6t\" href=\"https:\/\/www.oulunsalonvasama.fi\/lentopallo\/edelliset-kaudet\/kausi-2013-2014\/d-tytot\/\">D-Tyt\u00f6t<\/a> :<a title=\"E-tyt\u00f6t:\" href=\"https:\/\/www.oulunsalonvasama.fi\/lentopallo\/edelliset-kaudet\/kausi-2011-2012\/e-tytot-1\/\"><br \/>\n<\/a><\/strong>Antti Silvamaa<\/p>\n<p><strong>D-pojat:<\/strong><br \/>\nMatti Laasonen<br \/>\nOlli Lahtinen<\/p>\n<p><a href=\"https:\/\/www.oulunsalonvasama.fi\/lentopallo\/edelliset-kaudet\/kausi-2013-2014\/c-tytot\"><strong>C-tyt\u00f6t<\/strong><\/a>:<br \/>\nTapio Helanen<br \/>\nJari Longi<\/p>\n<p><strong>C-pojat:<br \/>\n<\/strong>Matti Laasonen<br \/>\nJorma Rajala<\/p>\n<p><strong>B-tyt\u00f6t:<br \/>\n<\/strong>Ali Pietil\u00e4inen<\/p>\n<p><strong>B-pojat:<br \/>\n<\/strong>Kari Sepp\u00e4<\/p>\n<p><strong>A-tyt\u00f6t<\/strong>:<br \/>\nMika Rajala<\/p>\n<p><strong>A-pojat:<br \/>\n<\/strong>Juha Haapakoski<\/p>\n<p><a title=\"Naiset 2002\" href=\"https:\/\/www.oulunsalonvasama.fi\/lentopallo\/edelliset-kaudet\/edelliset-kaudet\/kausi-2013-2014\/naiset-2002\/\"><strong>Naiset 2002<\/strong>:<\/a><br \/>\nSaara Kittil\u00e4<\/p>\n<p><strong>N100:<br \/>\n<\/strong>Leila Raitanen<\/p>\n<p><strong>Npallohukassa:<br \/>\n<\/strong>Eero Heikkinen<\/p>\n<p><strong>M2+vet<\/strong>:<br \/>\nMatti Rajala<\/p>\n","protected":false},"excerpt":{"rendered":"<p>Joukkueet kaudella 2013-2014 Pallokerho : Leena Kuukasj\u00e4rvi Kristiina Valtanen F-juniorit: tyt\u00f6t: \u00a0Leena Kuukasj\u00e4rvi pojat: Jani Kuukasj\u00e4rvi E-Tyt\u00f6t : Antti Silvamaa Eeva Lilja E-pojat04: Jaana Jokitulppo Saara Katainen E-pojat03: Jaana Jokitulppo Juha Jokitulppo D-Tyt\u00f6t : Antti Silvamaa D-pojat: Matti Laasonen Olli Lahtinen C-tyt\u00f6t: Tapio Helanen Jari Longi C-pojat: Matti Laasonen Jorma Rajala B-tyt\u00f6t: Ali Pietil\u00e4inen B-pojat: &#8230; <a title=\"Kausi 2013-2014\" class=\"read-more\" href=\"https:\/\/www.oulunsalonvasama.fi\/lentopallo\/edelliset-kaudet\/kausi-2013-2014\/\" aria-label=\"Lue lis\u00e4\u00e4 aiheesta Kausi 2013-2014\">Lue lis\u00e4\u00e4<\/a><\/p>\n","protected":false},"author":1,"featured_media":0,"parent":2069,"menu_order":15,"comment_status":"closed","ping_status":"open","template":"","meta":{"footnotes":"","_links_to":"","_links_to_target":""},"class_list":["post-5887","page","type-page","status-publish"],"_links":{"self":[{"href":"https:\/\/www.oulunsalonvasama.fi\/lentopallo\/wp-json\/wp\/v2\/pages\/5887","targetHints":{"allow":["GET"]}}],"collection":[{"href":"https:\/\/www.oulunsalonvasama.fi\/lentopallo\/wp-json\/wp\/v2\/pages"}],"about":[{"href":"https:\/\/www.oulunsalonvasama.fi\/lentopallo\/wp-json\/wp\/v2\/types\/page"}],"author":[{"embeddable":true,"href":"https:\/\/www.oulunsalonvasama.fi\/lentopallo\/wp-json\/wp\/v2\/users\/1"}],"replies":[{"embeddable":true,"href":"https:\/\/www.oulunsalonvasama.fi\/lentopallo\/wp-json\/wp\/v2\/comments?post=5887"}],"version-history":[{"count":10,"href":"https:\/\/www.oulunsalonvasama.fi\/lentopallo\/wp-json\/wp\/v2\/pages\/5887\/revisions"}],"predecessor-version":[{"id":7932,"href":"https:\/\/www.oulunsalonvasama.fi\/lentopallo\/wp-json\/wp\/v2\/pages\/5887\/revisions\/7932"}],"up":[{"embeddable":true,"href":"https:\/\/www.oulunsalonvasama.fi\/lentopallo\/wp-json\/wp\/v2\/pages\/2069"}],"wp:attachment":[{"href":"https:\/\/www.oulunsalonvasama.fi\/lentopallo\/wp-json\/wp\/v2\/media?parent=5887"}],"curies":[{"name":"wp","href":"https:\/\/api.w.org\/{rel}","templated":true}]}}