{"id":5426,"date":"2013-09-17T16:12:54","date_gmt":"2013-09-17T16:12:54","guid":{"rendered":"http:\/\/www.oulunsalonvasama.fi\/lentopallo\/?page_id=5426"},"modified":"2014-07-08T02:33:36","modified_gmt":"2014-07-08T02:33:36","slug":"c-tytot","status":"publish","type":"page","link":"https:\/\/www.oulunsalonvasama.fi\/lentopallo\/edelliset-kaudet\/kausi-2013-2014\/c-tytot\/","title":{"rendered":"C-tyt\u00f6t"},"content":{"rendered":"<h2><strong>C-tyt\u00f6t kaudella 2013-2014<\/strong><\/h2>\n<p><strong>Harjoitusajat<br \/>\n<\/strong>Keskiviikko\u00a0\u00a0\u00a0\u00a0 \u00a0\u00a0 klo 19:00-20:30\u00a0Kirkonkyl\u00e4n koulu<br \/>\nTorstai\u00a0\u00a0\u00a0\u00a0\u00a0\u00a0\u00a0\u00a0\u00a0\u00a0\u00a0\u00a0\u00a0 klo 18:00-19:30 Kirkonkyl\u00e4n koulu<br \/>\nPerjantai\u00a0\u00a0\u00a0\u00a0\u00a0\u00a0\u00a0\u00a0\u00a0\u00a0 klo 19:00-20:30 Kirkonkyl\u00e4n koulu<br \/>\nSunnuntai\u00a0\u00a0\u00a0\u00a0\u00a0\u00a0\u00a0\u00a0 klo 16:00-17:30\u00a0Kirkonkyl\u00e4n koulu<\/p>\n<p><strong>Kalenteri<br \/>\n<\/strong><\/p>\n<p><strong>Organisaatio<br \/>\n<\/strong>Valmentaja\u00a0\u00a0\u00a0\u00a0\u00a0\u00a0\u00a0\u00a0\u00a0\u00a0\u00a0\u00a0 \u00a0 Jari\u00a0Longi\u00a0\u00a0\u00a0\u00a0\u00a0\u00a0\u00a0\u00a0 040 &#8211; 5021 734<br \/>\nApuvalmentaja\u00a0\u00a0\u00a0\u00a0\u00a0\u00a0 \u00a0\u00a0 Pentti Lappalainen<br \/>\nTaloudenhoitaja ja<br \/>\nJoukkueenjohtaja\u00a0\u00a0\u00a0 \u00a0Tapio Helanen\u00a0040 \u2013 0440 092<br \/>\nHuoltaja\u00a0\u00a0\u00a0\u00a0\u00a0\u00a0\u00a0\u00a0\u00a0\u00a0\u00a0\u00a0\u00a0\u00a0\u00a0\u00a0\u00a0\u00a0 \u00a0Titta Vatanen<\/p>\n<p><strong>Pelaajat<br \/>\n<\/strong>Miia Aro<br \/>\nReea Kananen<br \/>\nMaija Kauppinen<br \/>\nVilma Longi<br \/>\nViivi M\u00e4kel\u00e4<br \/>\nLaura Piilola<br \/>\nVeera Vatanen<\/p>\n","protected":false},"excerpt":{"rendered":"<p>C-tyt\u00f6t kaudella 2013-2014 Harjoitusajat Keskiviikko\u00a0\u00a0\u00a0\u00a0 \u00a0\u00a0 klo 19:00-20:30\u00a0Kirkonkyl\u00e4n koulu Torstai\u00a0\u00a0\u00a0\u00a0\u00a0\u00a0\u00a0\u00a0\u00a0\u00a0\u00a0\u00a0\u00a0 klo 18:00-19:30 Kirkonkyl\u00e4n koulu Perjantai\u00a0\u00a0\u00a0\u00a0\u00a0\u00a0\u00a0\u00a0\u00a0\u00a0 klo 19:00-20:30 Kirkonkyl\u00e4n koulu Sunnuntai\u00a0\u00a0\u00a0\u00a0\u00a0\u00a0\u00a0\u00a0 klo 16:00-17:30\u00a0Kirkonkyl\u00e4n koulu Kalenteri Organisaatio Valmentaja\u00a0\u00a0\u00a0\u00a0\u00a0\u00a0\u00a0\u00a0\u00a0\u00a0\u00a0\u00a0 \u00a0 Jari\u00a0Longi\u00a0\u00a0\u00a0\u00a0\u00a0\u00a0\u00a0\u00a0 040 &#8211; 5021 734 Apuvalmentaja\u00a0\u00a0\u00a0\u00a0\u00a0\u00a0 \u00a0\u00a0 Pentti Lappalainen Taloudenhoitaja ja Joukkueenjohtaja\u00a0\u00a0\u00a0 \u00a0Tapio Helanen\u00a0040 \u2013 0440 092 Huoltaja\u00a0\u00a0\u00a0\u00a0\u00a0\u00a0\u00a0\u00a0\u00a0\u00a0\u00a0\u00a0\u00a0\u00a0\u00a0\u00a0\u00a0\u00a0 \u00a0Titta Vatanen Pelaajat Miia Aro Reea Kananen Maija Kauppinen Vilma &#8230; <a title=\"C-tyt\u00f6t\" class=\"read-more\" href=\"https:\/\/www.oulunsalonvasama.fi\/lentopallo\/edelliset-kaudet\/kausi-2013-2014\/c-tytot\/\" aria-label=\"Lue lis\u00e4\u00e4 aiheesta C-tyt\u00f6t\">Lue lis\u00e4\u00e4<\/a><\/p>\n","protected":false},"author":36,"featured_media":0,"parent":5887,"menu_order":5,"comment_status":"closed","ping_status":"open","template":"","meta":{"footnotes":"","_links_to":"","_links_to_target":""},"class_list":["post-5426","page","type-page","status-publish"],"_links":{"self":[{"href":"https:\/\/www.oulunsalonvasama.fi\/lentopallo\/wp-json\/wp\/v2\/pages\/5426","targetHints":{"allow":["GET"]}}],"collection":[{"href":"https:\/\/www.oulunsalonvasama.fi\/lentopallo\/wp-json\/wp\/v2\/pages"}],"about":[{"href":"https:\/\/www.oulunsalonvasama.fi\/lentopallo\/wp-json\/wp\/v2\/types\/page"}],"author":[{"embeddable":true,"href":"https:\/\/www.oulunsalonvasama.fi\/lentopallo\/wp-json\/wp\/v2\/users\/36"}],"replies":[{"embeddable":true,"href":"https:\/\/www.oulunsalonvasama.fi\/lentopallo\/wp-json\/wp\/v2\/comments?post=5426"}],"version-history":[{"count":10,"href":"https:\/\/www.oulunsalonvasama.fi\/lentopallo\/wp-json\/wp\/v2\/pages\/5426\/revisions"}],"predecessor-version":[{"id":5589,"href":"https:\/\/www.oulunsalonvasama.fi\/lentopallo\/wp-json\/wp\/v2\/pages\/5426\/revisions\/5589"}],"up":[{"embeddable":true,"href":"https:\/\/www.oulunsalonvasama.fi\/lentopallo\/wp-json\/wp\/v2\/pages\/5887"}],"wp:attachment":[{"href":"https:\/\/www.oulunsalonvasama.fi\/lentopallo\/wp-json\/wp\/v2\/media?parent=5426"}],"curies":[{"name":"wp","href":"https:\/\/api.w.org\/{rel}","templated":true}]}}