{"id":5309,"date":"2013-08-19T11:54:40","date_gmt":"2013-08-19T11:54:40","guid":{"rendered":"http:\/\/www.oulunsalonvasama.fi\/lentopallo\/?page_id=5309"},"modified":"2014-07-08T02:33:36","modified_gmt":"2014-07-08T02:33:36","slug":"pallokerho","status":"publish","type":"page","link":"https:\/\/www.oulunsalonvasama.fi\/lentopallo\/edelliset-kaudet\/kausi-2013-2014\/pallokerho\/","title":{"rendered":"Pallokerho"},"content":{"rendered":"<h2><strong>Pallokerho kaudella 2013-2014<\/strong><\/h2>\n<p><img loading=\"lazy\" decoding=\"async\" class=\"alignnone size-medium wp-image-5636\" src=\"https:\/\/www.oulunsalonvasama.fi\/lentopallo\/wp-content\/uploads\/2013\/08\/pallokerho-300x225.jpg\" alt=\"\" width=\"300\" height=\"225\" srcset=\"https:\/\/www.oulunsalonvasama.fi\/lentopallo\/wp-content\/uploads\/2013\/08\/pallokerho-300x225.jpg 300w, https:\/\/www.oulunsalonvasama.fi\/lentopallo\/wp-content\/uploads\/2013\/08\/pallokerho.jpg 643w\" sizes=\"auto, (max-width: 300px) 100vw, 300px\" \/><\/p>\n<p>Pallokerho on tarkoitettu alle kouluik\u00e4isille lapsille. Pallokerho j\u00e4\u00e4 kes\u00e4tauolle ma 19.5.2014, jolloin se viett\u00e4\u00e4 kerhon p\u00e4\u00e4tt\u00e4j\u00e4isi\u00e4 Kisakankaalla.<\/p>\n<p>Yhteyshenkil\u00f6t\/kerhot\u00e4dit:<br \/>\nLeena Kuukasj\u00e4rvi, 050-3051043,\u00a0lekuukas[at]mail.student.oulu.fi:<br \/>\nKristiina Valtanen, 0400-615 196, krivalta[at]gmail.com<\/p>\n<p>&nbsp;<\/p>\n","protected":false},"excerpt":{"rendered":"<p>Pallokerho kaudella 2013-2014 Pallokerho on tarkoitettu alle kouluik\u00e4isille lapsille. Pallokerho j\u00e4\u00e4 kes\u00e4tauolle ma 19.5.2014, jolloin se viett\u00e4\u00e4 kerhon p\u00e4\u00e4tt\u00e4j\u00e4isi\u00e4 Kisakankaalla. Yhteyshenkil\u00f6t\/kerhot\u00e4dit: Leena Kuukasj\u00e4rvi, 050-3051043,\u00a0lekuukas[at]mail.student.oulu.fi: Kristiina Valtanen, 0400-615 196, krivalta[at]gmail.com &nbsp;<\/p>\n","protected":false},"author":36,"featured_media":0,"parent":5887,"menu_order":0,"comment_status":"closed","ping_status":"open","template":"","meta":{"footnotes":"","_links_to":"","_links_to_target":""},"class_list":["post-5309","page","type-page","status-publish"],"_links":{"self":[{"href":"https:\/\/www.oulunsalonvasama.fi\/lentopallo\/wp-json\/wp\/v2\/pages\/5309","targetHints":{"allow":["GET"]}}],"collection":[{"href":"https:\/\/www.oulunsalonvasama.fi\/lentopallo\/wp-json\/wp\/v2\/pages"}],"about":[{"href":"https:\/\/www.oulunsalonvasama.fi\/lentopallo\/wp-json\/wp\/v2\/types\/page"}],"author":[{"embeddable":true,"href":"https:\/\/www.oulunsalonvasama.fi\/lentopallo\/wp-json\/wp\/v2\/users\/36"}],"replies":[{"embeddable":true,"href":"https:\/\/www.oulunsalonvasama.fi\/lentopallo\/wp-json\/wp\/v2\/comments?post=5309"}],"version-history":[{"count":14,"href":"https:\/\/www.oulunsalonvasama.fi\/lentopallo\/wp-json\/wp\/v2\/pages\/5309\/revisions"}],"predecessor-version":[{"id":5885,"href":"https:\/\/www.oulunsalonvasama.fi\/lentopallo\/wp-json\/wp\/v2\/pages\/5309\/revisions\/5885"}],"up":[{"embeddable":true,"href":"https:\/\/www.oulunsalonvasama.fi\/lentopallo\/wp-json\/wp\/v2\/pages\/5887"}],"wp:attachment":[{"href":"https:\/\/www.oulunsalonvasama.fi\/lentopallo\/wp-json\/wp\/v2\/media?parent=5309"}],"curies":[{"name":"wp","href":"https:\/\/api.w.org\/{rel}","templated":true}]}}