{"id":5226,"date":"2013-07-16T17:27:42","date_gmt":"2013-07-16T17:27:42","guid":{"rendered":"http:\/\/www.oulunsalonvasama.fi\/lentopallo\/?page_id=5226"},"modified":"2019-07-31T09:22:15","modified_gmt":"2019-07-31T09:22:15","slug":"kausi-2012-2013","status":"publish","type":"page","link":"https:\/\/www.oulunsalonvasama.fi\/lentopallo\/edelliset-kaudet\/kausi-2012-2013\/","title":{"rendered":"Kausi 2012-2013"},"content":{"rendered":"<h2>Joukkueet kaudella 2012-2013<\/h2>\n<p><a title=\"Pallokerho :\" href=\"https:\/\/www.oulunsalonvasama.fi\/lentopallo\/edelliset-kaudet\/kausi-2012-2013\/pallokerho\/\"><strong>Pallokerho<\/strong> :<\/a><br \/>\nLeena Kuukasj\u00e4rvi<\/p>\n<p><a title=\"F-pojat ja tyt\u00f6t\" href=\"https:\/\/www.oulunsalonvasama.fi\/lentopallo\/edelliset-kaudet\/kausi-2012-2013\/f-pojat-ja-tytot\/\"><strong>F-pojat ja tyt\u00f6t<\/strong> :<\/a><br \/>\nLeena Kuukasj\u00e4rvi<\/p>\n<p><a title=\"E-Tyt\u00f6t\" href=\"https:\/\/www.oulunsalonvasama.fi\/lentopallo\/edelliset-kaudet\/kausi-2012-2013\/e-tytot\/\"><strong>E-Tyt\u00f6t<\/strong><\/a> :<a title=\"E-tyt\u00f6t:\" href=\"https:\/\/www.oulunsalonvasama.fi\/lentopallo\/edelliset-kaudet\/kausi-2011-2012\/e-tytot-1\/\"><br \/>\n<\/a>Antti Silvamaa<\/p>\n<p><strong>EP :<\/strong> Jaana Jokitulppo<\/p>\n<p><strong><a title=\"D-Tyt\u00f6t\" href=\"https:\/\/www.oulunsalonvasama.fi\/lentopallo\/edelliset-kaudet\/kausi-2012-2013\/d-tytot\/\">D-Tyt\u00f6t<\/a> :<a title=\"E-tyt\u00f6t:\" href=\"https:\/\/www.oulunsalonvasama.fi\/lentopallo\/edelliset-kaudet\/kausi-2011-2012\/e-tytot-1\/\"><br \/>\n<\/a><\/strong>Antti Silvamaa<\/p>\n<p><strong>DP1 :<\/strong> Keijo Nivala<br \/>\nValmentaja: Jorma Rajala<\/p>\n<p><strong>DP2 :<\/strong> Olli Lahtinen<\/p>\n<p><a href=\"https:\/\/www.oulunsalonvasama.fi\/lentopallo\/edelliset-kaudet\/kausi-2012-2013\/c-tytot\"><strong>C-tyt\u00f6t<\/strong><\/a> : Tapio Helanen<br \/>\nValmentaja: Jari Longi<\/p>\n<p><strong>BT1 :<\/strong> Mikko Pietil\u00e4<\/p>\n<p><strong>BT2 :<\/strong> Ali Pietil\u00e4inen<\/p>\n<p><strong>BP :<\/strong> Kari Sepp\u00e4<\/p>\n<p><strong>AP :<\/strong> Juha Haapakoski<\/p>\n<p><a title=\"Naiset 2002\" href=\"https:\/\/www.oulunsalonvasama.fi\/lentopallo\/edelliset-kaudet\/kausi-2012-2013\/naiset-2002\/\"><strong>Naiset 2002<\/strong>:<\/a><br \/>\nSaara Kittil\u00e4<\/p>\n<p><strong>N100 :<\/strong> Leila Raitanen<\/p>\n<p><strong>Npallohukassa :<\/strong> Eero Heikkinen<\/p>\n<p><strong>M1 :<\/strong> Timo Marttila<\/p>\n<p><strong>M2+vet<\/strong> : Mika Rajala<\/p>\n<p><strong><a title=\"Harrasteryhm\u00e4\" href=\"https:\/\/www.oulunsalonvasama.fi\/lentopallo\/edelliset-kaudet\/kausi-2012-2013\/harrasteryhma\/\">Harrasteryhm\u00e4<\/a> <strong>:<\/strong><a title=\"E-tyt\u00f6t:\" href=\"https:\/\/www.oulunsalonvasama.fi\/lentopallo\/edelliset-kaudet\/kausi-2011-2012\/e-tytot-1\/\"><br \/>\n<\/a><\/strong>Tapio Helanen<strong><br \/>\n<\/strong><\/p>\n","protected":false},"excerpt":{"rendered":"<p>Joukkueet kaudella 2012-2013 Pallokerho : Leena Kuukasj\u00e4rvi F-pojat ja tyt\u00f6t : Leena Kuukasj\u00e4rvi E-Tyt\u00f6t : Antti Silvamaa EP : Jaana Jokitulppo D-Tyt\u00f6t : Antti Silvamaa DP1 : Keijo Nivala Valmentaja: Jorma Rajala DP2 : Olli Lahtinen C-tyt\u00f6t : Tapio Helanen Valmentaja: Jari Longi BT1 : Mikko Pietil\u00e4 BT2 : Ali Pietil\u00e4inen BP : Kari Sepp\u00e4 &#8230; <a title=\"Kausi 2012-2013\" class=\"read-more\" href=\"https:\/\/www.oulunsalonvasama.fi\/lentopallo\/edelliset-kaudet\/kausi-2012-2013\/\" aria-label=\"Lue lis\u00e4\u00e4 aiheesta Kausi 2012-2013\">Lue lis\u00e4\u00e4<\/a><\/p>\n","protected":false},"author":1,"featured_media":0,"parent":2069,"menu_order":16,"comment_status":"closed","ping_status":"open","template":"","meta":{"footnotes":"","_links_to":"","_links_to_target":""},"class_list":["post-5226","page","type-page","status-publish"],"_links":{"self":[{"href":"https:\/\/www.oulunsalonvasama.fi\/lentopallo\/wp-json\/wp\/v2\/pages\/5226","targetHints":{"allow":["GET"]}}],"collection":[{"href":"https:\/\/www.oulunsalonvasama.fi\/lentopallo\/wp-json\/wp\/v2\/pages"}],"about":[{"href":"https:\/\/www.oulunsalonvasama.fi\/lentopallo\/wp-json\/wp\/v2\/types\/page"}],"author":[{"embeddable":true,"href":"https:\/\/www.oulunsalonvasama.fi\/lentopallo\/wp-json\/wp\/v2\/users\/1"}],"replies":[{"embeddable":true,"href":"https:\/\/www.oulunsalonvasama.fi\/lentopallo\/wp-json\/wp\/v2\/comments?post=5226"}],"version-history":[{"count":6,"href":"https:\/\/www.oulunsalonvasama.fi\/lentopallo\/wp-json\/wp\/v2\/pages\/5226\/revisions"}],"predecessor-version":[{"id":7937,"href":"https:\/\/www.oulunsalonvasama.fi\/lentopallo\/wp-json\/wp\/v2\/pages\/5226\/revisions\/7937"}],"up":[{"embeddable":true,"href":"https:\/\/www.oulunsalonvasama.fi\/lentopallo\/wp-json\/wp\/v2\/pages\/2069"}],"wp:attachment":[{"href":"https:\/\/www.oulunsalonvasama.fi\/lentopallo\/wp-json\/wp\/v2\/media?parent=5226"}],"curies":[{"name":"wp","href":"https:\/\/api.w.org\/{rel}","templated":true}]}}