{"id":4723,"date":"2012-11-02T17:24:07","date_gmt":"2012-11-02T17:24:07","guid":{"rendered":"http:\/\/www.oulunsalonvasama.fi\/lentopallo\/?page_id=4723"},"modified":"2013-07-16T17:31:15","modified_gmt":"2013-07-16T17:31:15","slug":"f-pojat-ja-tytot","status":"publish","type":"page","link":"https:\/\/www.oulunsalonvasama.fi\/lentopallo\/edelliset-kaudet\/kausi-2012-2013\/f-pojat-ja-tytot\/","title":{"rendered":"F-pojat ja tyt\u00f6t"},"content":{"rendered":"<h2>F-pojat ja\u00a0tyt\u00f6t\u00a0kaudella 2012-2013<\/h2>\n<p>Tervetuloa joukkueeseen pelaamaan lentopalloa\u00a0kaikki 2004-2005 syntyneet tyt\u00f6t ja pojat. Tarvittaessa lis\u00e4tietoja saa valmentajilta.<\/p>\n<p><strong>Harjoitusajat<\/strong><\/p>\n<p><strong>Kalenter<\/strong>i<\/p>\n<p><strong>Organisaatio<\/strong><\/p>\n<p>Joukkueenjohtaja<strong>\/<\/strong><br \/>\nValmentaja:<br \/>\nLeena\u00a0Kuukasj\u00e4rvi \u00a0leenakuukasjarvi[at]oulunsalonvasama.fi\u00a0 050-3051043<br \/>\nValmentaja:<br \/>\nSaara Katainen \u00a0saarakatainen[at]hotmail.com\u00a0 050-3756354<br \/>\nTaloudenhoitaja:<br \/>\nKristiina Valtanen<\/p>\n<p><strong>Pelaajat<\/strong><strong><br \/>\n<\/strong>1\u00a0\u00a0 Mikko Aaltonen<br \/>\n12 Mitja Back<br \/>\n10 Mimmi Haapalainen<br \/>\nVili Kanniainen<br \/>\n9\u00a0\u00a0Teemu Katainen<br \/>\n7 \u00a0Justus Kuukasj\u00e4rvi<br \/>\nVille Kuukasj\u00e4rvi<br \/>\n13 Joona Palokangas<br \/>\n8 Santeri Puolakanaho<br \/>\n11 Eveliina Rontu<br \/>\nMikael Timonen<br \/>\n23\u00a0Benjamin Valtanen<\/p>\n<p>&nbsp;<\/p>\n<figure id=\"attachment_4852\" aria-describedby=\"caption-attachment-4852\" style=\"width: 290px\" class=\"wp-caption alignnone\"><img loading=\"lazy\" decoding=\"async\" class=\"size-medium wp-image-4852 \" title=\"F-pojat-turnauksen-j\u00e4lkeen\" alt=\"\" src=\"https:\/\/www.oulunsalonvasama.fi\/lentopallo\/wp-content\/uploads\/2012\/11\/F-pojat-turnauksen-j\u00e4lkeen-300x224.jpg\" width=\"300\" height=\"224\" srcset=\"https:\/\/www.oulunsalonvasama.fi\/lentopallo\/wp-content\/uploads\/2012\/11\/F-pojat-turnauksen-j\u00e4lkeen-300x224.jpg 300w, https:\/\/www.oulunsalonvasama.fi\/lentopallo\/wp-content\/uploads\/2012\/11\/F-pojat-turnauksen-j\u00e4lkeen-1024x768.jpg 1024w\" sizes=\"auto, (max-width: 300px) 100vw, 300px\" \/><figcaption id=\"caption-attachment-4852\" class=\"wp-caption-text\">Raahessa 15.12.2012<\/figcaption><\/figure>\n<p>&nbsp;<\/p>\n","protected":false},"excerpt":{"rendered":"<p>F-pojat ja\u00a0tyt\u00f6t\u00a0kaudella 2012-2013 Tervetuloa joukkueeseen pelaamaan lentopalloa\u00a0kaikki 2004-2005 syntyneet tyt\u00f6t ja pojat. Tarvittaessa lis\u00e4tietoja saa valmentajilta. Harjoitusajat Kalenteri Organisaatio Joukkueenjohtaja\/ Valmentaja: Leena\u00a0Kuukasj\u00e4rvi \u00a0leenakuukasjarvi[at]oulunsalonvasama.fi\u00a0 050-3051043 Valmentaja: Saara Katainen \u00a0saarakatainen[at]hotmail.com\u00a0 050-3756354 Taloudenhoitaja: Kristiina Valtanen Pelaajat 1\u00a0\u00a0 Mikko Aaltonen 12 Mitja Back 10 Mimmi Haapalainen Vili Kanniainen 9\u00a0\u00a0Teemu Katainen 7 \u00a0Justus Kuukasj\u00e4rvi Ville Kuukasj\u00e4rvi 13 Joona Palokangas 8 &#8230; <a title=\"F-pojat ja tyt\u00f6t\" class=\"read-more\" href=\"https:\/\/www.oulunsalonvasama.fi\/lentopallo\/edelliset-kaudet\/kausi-2012-2013\/f-pojat-ja-tytot\/\" aria-label=\"Lue lis\u00e4\u00e4 aiheesta F-pojat ja tyt\u00f6t\">Lue lis\u00e4\u00e4<\/a><\/p>\n","protected":false},"author":36,"featured_media":0,"parent":5226,"menu_order":0,"comment_status":"closed","ping_status":"open","template":"","meta":{"footnotes":"","_links_to":"","_links_to_target":""},"class_list":["post-4723","page","type-page","status-publish"],"_links":{"self":[{"href":"https:\/\/www.oulunsalonvasama.fi\/lentopallo\/wp-json\/wp\/v2\/pages\/4723","targetHints":{"allow":["GET"]}}],"collection":[{"href":"https:\/\/www.oulunsalonvasama.fi\/lentopallo\/wp-json\/wp\/v2\/pages"}],"about":[{"href":"https:\/\/www.oulunsalonvasama.fi\/lentopallo\/wp-json\/wp\/v2\/types\/page"}],"author":[{"embeddable":true,"href":"https:\/\/www.oulunsalonvasama.fi\/lentopallo\/wp-json\/wp\/v2\/users\/36"}],"replies":[{"embeddable":true,"href":"https:\/\/www.oulunsalonvasama.fi\/lentopallo\/wp-json\/wp\/v2\/comments?post=4723"}],"version-history":[{"count":31,"href":"https:\/\/www.oulunsalonvasama.fi\/lentopallo\/wp-json\/wp\/v2\/pages\/4723\/revisions"}],"predecessor-version":[{"id":4725,"href":"https:\/\/www.oulunsalonvasama.fi\/lentopallo\/wp-json\/wp\/v2\/pages\/4723\/revisions\/4725"}],"up":[{"embeddable":true,"href":"https:\/\/www.oulunsalonvasama.fi\/lentopallo\/wp-json\/wp\/v2\/pages\/5226"}],"wp:attachment":[{"href":"https:\/\/www.oulunsalonvasama.fi\/lentopallo\/wp-json\/wp\/v2\/media?parent=4723"}],"curies":[{"name":"wp","href":"https:\/\/api.w.org\/{rel}","templated":true}]}}