{"id":4719,"date":"2012-11-02T17:12:56","date_gmt":"2012-11-02T17:12:56","guid":{"rendered":"http:\/\/www.oulunsalonvasama.fi\/lentopallo\/?page_id=4719"},"modified":"2013-07-16T17:31:15","modified_gmt":"2013-07-16T17:31:15","slug":"pallokerho","status":"publish","type":"page","link":"https:\/\/www.oulunsalonvasama.fi\/lentopallo\/edelliset-kaudet\/kausi-2012-2013\/pallokerho\/","title":{"rendered":"Pallokerho"},"content":{"rendered":"<h2>Pallokerho kaudella 2012-2013<\/h2>\n<p>Pallokerho on tarkoitettu alle kouluik\u00e4isille lapsille. Kerho on kes\u00e4tauolla ja jatkaa toimintaa taas syksyll\u00e4 2013.<\/p>\n<p><img loading=\"lazy\" decoding=\"async\" class=\"alignnone size-medium wp-image-4782\" title=\"Pallokerho2012\" alt=\"\" src=\"https:\/\/www.oulunsalonvasama.fi\/lentopallo\/wp-content\/uploads\/2012\/11\/Pallokerho2012-300x224.jpg\" width=\"300\" height=\"224\" srcset=\"https:\/\/www.oulunsalonvasama.fi\/lentopallo\/wp-content\/uploads\/2012\/11\/Pallokerho2012-300x224.jpg 300w, https:\/\/www.oulunsalonvasama.fi\/lentopallo\/wp-content\/uploads\/2012\/11\/Pallokerho2012-1024x768.jpg 1024w\" sizes=\"auto, (max-width: 300px) 100vw, 300px\" \/><\/p>\n<p>&nbsp;<\/p>\n","protected":false},"excerpt":{"rendered":"<p>Pallokerho kaudella 2012-2013 Pallokerho on tarkoitettu alle kouluik\u00e4isille lapsille. Kerho on kes\u00e4tauolla ja jatkaa toimintaa taas syksyll\u00e4 2013. &nbsp;<\/p>\n","protected":false},"author":36,"featured_media":0,"parent":5226,"menu_order":0,"comment_status":"closed","ping_status":"open","template":"","meta":{"footnotes":"","_links_to":"","_links_to_target":""},"class_list":["post-4719","page","type-page","status-publish"],"_links":{"self":[{"href":"https:\/\/www.oulunsalonvasama.fi\/lentopallo\/wp-json\/wp\/v2\/pages\/4719","targetHints":{"allow":["GET"]}}],"collection":[{"href":"https:\/\/www.oulunsalonvasama.fi\/lentopallo\/wp-json\/wp\/v2\/pages"}],"about":[{"href":"https:\/\/www.oulunsalonvasama.fi\/lentopallo\/wp-json\/wp\/v2\/types\/page"}],"author":[{"embeddable":true,"href":"https:\/\/www.oulunsalonvasama.fi\/lentopallo\/wp-json\/wp\/v2\/users\/36"}],"replies":[{"embeddable":true,"href":"https:\/\/www.oulunsalonvasama.fi\/lentopallo\/wp-json\/wp\/v2\/comments?post=4719"}],"version-history":[{"count":13,"href":"https:\/\/www.oulunsalonvasama.fi\/lentopallo\/wp-json\/wp\/v2\/pages\/4719\/revisions"}],"predecessor-version":[{"id":5235,"href":"https:\/\/www.oulunsalonvasama.fi\/lentopallo\/wp-json\/wp\/v2\/pages\/4719\/revisions\/5235"}],"up":[{"embeddable":true,"href":"https:\/\/www.oulunsalonvasama.fi\/lentopallo\/wp-json\/wp\/v2\/pages\/5226"}],"wp:attachment":[{"href":"https:\/\/www.oulunsalonvasama.fi\/lentopallo\/wp-json\/wp\/v2\/media?parent=4719"}],"curies":[{"name":"wp","href":"https:\/\/api.w.org\/{rel}","templated":true}]}}