{"id":4669,"date":"2012-10-17T16:27:04","date_gmt":"2012-10-17T16:27:04","guid":{"rendered":"http:\/\/www.oulunsalonvasama.fi\/lentopallo\/?page_id=4669"},"modified":"2017-07-17T18:34:24","modified_gmt":"2017-07-17T18:34:24","slug":"harrasteryhma","status":"publish","type":"page","link":"https:\/\/www.oulunsalonvasama.fi\/lentopallo\/edelliset-kaudet\/kausi-2012-2013\/harrasteryhma\/","title":{"rendered":"Harrasteryhm\u00e4"},"content":{"rendered":"<h2>Harrasteryhm\u00e4\u00a0kaudella 2012-2013<\/h2>\n<p>Tervetuloa\u00a0aikuisten harrasteryhm\u00e4\u00e4n\u00a0pelaamaan lentopalloa huumorinpilke silm\u00e4kulmassa.\u00a0Rohkeasti vain mukaan. Tarvittaessa lis\u00e4tietoja saa yhteyshenkil\u00f6lt\u00e4.<\/p>\n<p><strong>Harjoitusaika<\/strong><br \/>\nSunnuntai\u00a0 17:30-19:00 Niemenrannan koulu<\/p>\n<p><strong>Organisaatio<\/strong><br \/>\nYhteyshenkil\u00f6\u00a0\u00a0\u00a0 Tapio Helanen<\/p>\n<p>&nbsp;<\/p>\n","protected":false},"excerpt":{"rendered":"<p>Harrasteryhm\u00e4\u00a0kaudella 2012-2013 Tervetuloa\u00a0aikuisten harrasteryhm\u00e4\u00e4n\u00a0pelaamaan lentopalloa huumorinpilke silm\u00e4kulmassa.\u00a0Rohkeasti vain mukaan. Tarvittaessa lis\u00e4tietoja saa yhteyshenkil\u00f6lt\u00e4. Harjoitusaika Sunnuntai\u00a0 17:30-19:00 Niemenrannan koulu Organisaatio Yhteyshenkil\u00f6\u00a0\u00a0\u00a0 Tapio Helanen &nbsp;<\/p>\n","protected":false},"author":36,"featured_media":0,"parent":5226,"menu_order":8,"comment_status":"closed","ping_status":"open","template":"","meta":{"footnotes":"","_links_to":"","_links_to_target":""},"class_list":["post-4669","page","type-page","status-publish"],"_links":{"self":[{"href":"https:\/\/www.oulunsalonvasama.fi\/lentopallo\/wp-json\/wp\/v2\/pages\/4669","targetHints":{"allow":["GET"]}}],"collection":[{"href":"https:\/\/www.oulunsalonvasama.fi\/lentopallo\/wp-json\/wp\/v2\/pages"}],"about":[{"href":"https:\/\/www.oulunsalonvasama.fi\/lentopallo\/wp-json\/wp\/v2\/types\/page"}],"author":[{"embeddable":true,"href":"https:\/\/www.oulunsalonvasama.fi\/lentopallo\/wp-json\/wp\/v2\/users\/36"}],"replies":[{"embeddable":true,"href":"https:\/\/www.oulunsalonvasama.fi\/lentopallo\/wp-json\/wp\/v2\/comments?post=4669"}],"version-history":[{"count":4,"href":"https:\/\/www.oulunsalonvasama.fi\/lentopallo\/wp-json\/wp\/v2\/pages\/4669\/revisions"}],"predecessor-version":[{"id":7936,"href":"https:\/\/www.oulunsalonvasama.fi\/lentopallo\/wp-json\/wp\/v2\/pages\/4669\/revisions\/7936"}],"up":[{"embeddable":true,"href":"https:\/\/www.oulunsalonvasama.fi\/lentopallo\/wp-json\/wp\/v2\/pages\/5226"}],"wp:attachment":[{"href":"https:\/\/www.oulunsalonvasama.fi\/lentopallo\/wp-json\/wp\/v2\/media?parent=4669"}],"curies":[{"name":"wp","href":"https:\/\/api.w.org\/{rel}","templated":true}]}}