{"id":4577,"date":"2012-09-26T09:26:01","date_gmt":"2012-09-26T09:26:01","guid":{"rendered":"http:\/\/www.oulunsalonvasama.fi\/lentopallo\/?page_id=4577"},"modified":"2012-09-26T09:26:01","modified_gmt":"2012-09-26T09:26:01","slug":"naiset-2002","status":"publish","type":"page","link":"https:\/\/www.oulunsalonvasama.fi\/lentopallo\/edelliset-kaudet\/kausi-2011-2012\/naiset-2002\/","title":{"rendered":"Naiset 2002"},"content":{"rendered":"<h1><strong>Naiset 2002 kaudella 2011-2012<\/strong><\/h1>\n<p><strong> <\/strong><\/p>\n<h2>Harjoitusvuorot Kirkonkyl\u00e4n koululla<\/h2>\n<p>Keskiviikkoisin klo 20:00-21:30 1\/2 salia<br \/>\nSunnuntaisin klo 19:00-20:30 koko sali<\/p>\n<h2>Organisaatio<\/h2>\n<ul>\n<li>Yhteyshenkil\u00f6 ja rahastonhoitaja: Saara Kittil\u00e4, puh. 040-839 6725<br \/>\n<a href=\"mailto:saarakittila[at]oulunsalonvasama.fi\">saarakittila[at]oulunsalonvasama.fi<\/a><\/li>\n<li>Vararahastonhoitaja ja l\u00e4\u00e4kelaukkuvastaava: Leena Kuukasj\u00e4rvi, puh. 050-305 1043<br \/>\n<a href=\"mailto:leenakuukasjarvi[at]oulunsalonvasama.fi\">leenakuukasjarvi[at]oulunsalonvasama.fi<\/a><\/li>\n<li>Pallovastaavat: Minna M\u00e4kikyr\u00f6 ja Saara Kittil\u00e4\n<\/ul>\n<h2>Joukkue<\/h2>\n<p>Joukkue pelaa naisten 2-sarjan lis\u00e4ksi my\u00f6s veteraanisarjoja (N35 ja N40). Tavoitteena 2-sarjassa on p\u00e4\u00e4sy ylemp\u00e4\u00e4n jatkosarjaan. Lis\u00e4ksi jokaisessa sarjassa l\u00e4hdet\u00e4\u00e4n pelaamaan mahdollisimman hyvin nauttien hyvist\u00e4 suorituksista ja yhdess\u00e4 pelaamisesta.<\/p>\n<h3>Pelaajat<\/h3>\n<p>1 Saara Kittil\u00e4<br \/>\n2 Leena Kuukasj\u00e4rvi<br \/>\n3 Minna M\u00e4kikyr\u00f6<br \/>\n4 Maarit Katilainen (vain veteraanisarja)<br \/>\n6 Heidi Vilmusenaho<br \/>\n7 Satu K\u00e4rn\u00e4<br \/>\n8 Maria Uusitalo<br \/>\n9 Satu Kanniainen<br \/>\n10 Mervi Saukkoriipi<br \/>\n11 Sanna Loukkaanhuhta<br \/>\n12 Marjo P\u00e4iv\u00e4rinta-Rekinen<br \/>\n13 Tarja Valtanen (vain veteraanisarja)<br \/>\n14 Marika Luhtavaara (vain veteraanisarja)<\/p>\n","protected":false},"excerpt":{"rendered":"<p>Naiset 2002 kaudella 2011-2012 Harjoitusvuorot Kirkonkyl\u00e4n koululla Keskiviikkoisin klo 20:00-21:30 1\/2 salia Sunnuntaisin klo 19:00-20:30 koko sali Organisaatio Yhteyshenkil\u00f6 ja rahastonhoitaja: Saara Kittil\u00e4, puh. 040-839 6725 saarakittila[at]oulunsalonvasama.fi Vararahastonhoitaja ja l\u00e4\u00e4kelaukkuvastaava: Leena Kuukasj\u00e4rvi, puh. 050-305 1043 leenakuukasjarvi[at]oulunsalonvasama.fi Pallovastaavat: Minna M\u00e4kikyr\u00f6 ja Saara Kittil\u00e4 Joukkue Joukkue pelaa naisten 2-sarjan lis\u00e4ksi my\u00f6s veteraanisarjoja (N35 ja N40). Tavoitteena 2-sarjassa &#8230; <a title=\"Naiset 2002\" class=\"read-more\" href=\"https:\/\/www.oulunsalonvasama.fi\/lentopallo\/edelliset-kaudet\/kausi-2011-2012\/naiset-2002\/\" aria-label=\"Lue lis\u00e4\u00e4 aiheesta Naiset 2002\">Lue lis\u00e4\u00e4<\/a><\/p>\n","protected":false},"author":4,"featured_media":0,"parent":4330,"menu_order":0,"comment_status":"closed","ping_status":"open","template":"","meta":{"footnotes":"","_links_to":"","_links_to_target":""},"class_list":["post-4577","page","type-page","status-publish"],"_links":{"self":[{"href":"https:\/\/www.oulunsalonvasama.fi\/lentopallo\/wp-json\/wp\/v2\/pages\/4577","targetHints":{"allow":["GET"]}}],"collection":[{"href":"https:\/\/www.oulunsalonvasama.fi\/lentopallo\/wp-json\/wp\/v2\/pages"}],"about":[{"href":"https:\/\/www.oulunsalonvasama.fi\/lentopallo\/wp-json\/wp\/v2\/types\/page"}],"author":[{"embeddable":true,"href":"https:\/\/www.oulunsalonvasama.fi\/lentopallo\/wp-json\/wp\/v2\/users\/4"}],"replies":[{"embeddable":true,"href":"https:\/\/www.oulunsalonvasama.fi\/lentopallo\/wp-json\/wp\/v2\/comments?post=4577"}],"version-history":[{"count":1,"href":"https:\/\/www.oulunsalonvasama.fi\/lentopallo\/wp-json\/wp\/v2\/pages\/4577\/revisions"}],"predecessor-version":[{"id":4578,"href":"https:\/\/www.oulunsalonvasama.fi\/lentopallo\/wp-json\/wp\/v2\/pages\/4577\/revisions\/4578"}],"up":[{"embeddable":true,"href":"https:\/\/www.oulunsalonvasama.fi\/lentopallo\/wp-json\/wp\/v2\/pages\/4330"}],"wp:attachment":[{"href":"https:\/\/www.oulunsalonvasama.fi\/lentopallo\/wp-json\/wp\/v2\/media?parent=4577"}],"curies":[{"name":"wp","href":"https:\/\/api.w.org\/{rel}","templated":true}]}}