{"id":4574,"date":"2012-09-26T09:15:56","date_gmt":"2012-09-26T09:15:56","guid":{"rendered":"http:\/\/www.oulunsalonvasama.fi\/lentopallo\/?page_id=4574"},"modified":"2013-08-26T13:36:03","modified_gmt":"2013-08-26T13:36:03","slug":"naiset-2002","status":"publish","type":"page","link":"https:\/\/www.oulunsalonvasama.fi\/lentopallo\/edelliset-kaudet\/kausi-2012-2013\/naiset-2002\/","title":{"rendered":"Naiset 2002"},"content":{"rendered":"<h1><strong>Naiset 2002 kaudella 2012-2013<\/strong><\/h1>\n<p>&nbsp;<\/p>\n<h2>Harjoitusvuorot Kirkonkyl\u00e4n koululla<\/h2>\n<p>Keskiviikkoisin klo 19:30-21:00 koko sali<br \/>\nSunnuntaisin klo 19:00-20:30 koko sali<\/p>\n<h2>Organisaatio<\/h2>\n<ul>\n<li>Yhteyshenkil\u00f6 ja rahastonhoitaja: Saara Kittil\u00e4, puh. <span class=\"baec5a81-e4d6-4674-97f3-e9220f0136c1\" style=\"white-space: nowrap;\">040-839 6725<a style=\"margin: 0px; border: currentColor; left: 0px; top: 0px; width: 16px; height: 16px; right: 0px; bottom: 0px; overflow: hidden; vertical-align: middle; float: none; display: inline; white-space: nowrap; position: static !important;\" title=\"Call: 040-839 6725\" href=\"#\"><img decoding=\"async\" style=\"margin: 0px; border: currentColor; left: 0px; top: 0px; width: 16px; height: 16px; right: 0px; bottom: 0px; overflow: hidden; vertical-align: middle; float: none; display: inline; white-space: nowrap; position: static !important;\" title=\"Call: 040-839 6725\" alt=\"\" src=\"data:image\/png;base64,iVBORw0KGgoAAAANSUhEUgAAABAAAAAQCAYAAAAf8\/9hAAAACXBIWXMAAA7EAAAOxAGVKw4bAAAAIGNIUk0AAHolAACAgwAA+f8AAIDpAAB1MAAA6mAAADqYAAAXb5JfxUYAAAKLSURBVHjadJPfS5NhFMe\/21xvuhXRyJAZroiSrJnbRdT7vrAf5HBaK5RABmEEwQIvkpZ\/QRcWXdSFw5soKaF0F7qZeLO13mGBDpQsf5CoxVKHOt0Pctp2uvEdrzG\/V+c553w\/54HnPDIiQiGpPMETABoB2AAYd9MRAMMAvGmX+RcAyAoBVJ7gZQDtABworH4AHWmX+bOMZdkjCoXiUzabvcAwzPSsob5p\/VTNY9GcdpnxdmYZ9wJThSCtCr1e\/4XjuNPd3d1KjUZzaGbI27ysqzGQoggAsLa1A7ehArrDxfDNr0oBlQB+wmKxbJFEL968SxoamsjkHaPU9l9piUo6A0RE1DG2QCWdASrpDAzJM5kMI8XecdjVxfEl+K9dxFgsgUvvR6HyBKHyBAEATyKLeGSsENuNcqk5kUjEGm7fzcYqr0ClVODl99+YXEvl6+c1amjVe+ahiGGYaUEQKnmeh91uL43rqheixjpdmzCL11er0PcjhrTLvMfUJsyKYUSeyWQ6enp6tgCgrKxsfbP8bB8AdE1G89cOReMAgOv+Cag8QXRNRkXAsDwcDr+am5tLCYKA3t7eo2dG+1vVK\/MfpRPtA+MIReMYaKj+\/xm9MiICx3EmpVL5wefzFavValis1u1vvHMkdfykCQC0kSGUTo+Ajmnx1dSC7IGD+UUCEYGIwLKsyWazrSeTSSIiMpnNf7Ttz5+ec96fr7\/VnE0mk+QfHMzV3WjcKH\/4rEr05QGFIA6HY4llWRLPRER+v3\/HYrFMFQSIkNra2tVQKJSlfcSyLO0LECFWq3XF6XRGA4HAptTsdrsXeZ6fEHtl+31nAOA4rkUulz\/I5XL63dQGgHEAN8Ph8AYA\/BsAt4ube4GblQIAAAAASUVORK5CYII=\" \/><\/a><\/span><br \/>\n<a href=\"mailto:saarakittila[at]oulunsalonvasama.fi\">saarakittila[at]oulunsalonvasama.fi<\/a><\/li>\n<li>Vararahastonhoitaja ja l\u00e4\u00e4kelaukkuvastaava: Leena Kuukasj\u00e4rvi, puh. <span class=\"baec5a81-e4d6-4674-97f3-e9220f0136c1\" style=\"white-space: nowrap;\">050-305 1043<a style=\"margin: 0px; border: currentColor; left: 0px; top: 0px; width: 16px; height: 16px; right: 0px; bottom: 0px; overflow: hidden; vertical-align: middle; float: none; display: inline; white-space: nowrap; position: static !important;\" title=\"Call: 050-305 1043\" href=\"#\"><img decoding=\"async\" style=\"margin: 0px; border: currentColor; left: 0px; top: 0px; width: 16px; height: 16px; right: 0px; bottom: 0px; overflow: hidden; vertical-align: middle; float: none; display: inline; white-space: nowrap; position: static !important;\" title=\"Call: 050-305 1043\" alt=\"\" src=\"data:image\/png;base64,iVBORw0KGgoAAAANSUhEUgAAABAAAAAQCAYAAAAf8\/9hAAAACXBIWXMAAA7EAAAOxAGVKw4bAAAAIGNIUk0AAHolAACAgwAA+f8AAIDpAAB1MAAA6mAAADqYAAAXb5JfxUYAAAKLSURBVHjadJPfS5NhFMe\/21xvuhXRyJAZroiSrJnbRdT7vrAf5HBaK5RABmEEwQIvkpZ\/QRcWXdSFw5soKaF0F7qZeLO13mGBDpQsf5CoxVKHOt0Pctp2uvEdrzG\/V+c553w\/54HnPDIiQiGpPMETABoB2AAYd9MRAMMAvGmX+RcAyAoBVJ7gZQDtABworH4AHWmX+bOMZdkjCoXiUzabvcAwzPSsob5p\/VTNY9GcdpnxdmYZ9wJThSCtCr1e\/4XjuNPd3d1KjUZzaGbI27ysqzGQoggAsLa1A7ehArrDxfDNr0oBlQB+wmKxbJFEL968SxoamsjkHaPU9l9piUo6A0RE1DG2QCWdASrpDAzJM5kMI8XecdjVxfEl+K9dxFgsgUvvR6HyBKHyBAEATyKLeGSsENuNcqk5kUjEGm7fzcYqr0ClVODl99+YXEvl6+c1amjVe+ahiGGYaUEQKnmeh91uL43rqheixjpdmzCL11er0PcjhrTLvMfUJsyKYUSeyWQ6enp6tgCgrKxsfbP8bB8AdE1G89cOReMAgOv+Cag8QXRNRkXAsDwcDr+am5tLCYKA3t7eo2dG+1vVK\/MfpRPtA+MIReMYaKj+\/xm9MiICx3EmpVL5wefzFavValis1u1vvHMkdfykCQC0kSGUTo+Ajmnx1dSC7IGD+UUCEYGIwLKsyWazrSeTSSIiMpnNf7Ttz5+ec96fr7\/VnE0mk+QfHMzV3WjcKH\/4rEr05QGFIA6HY4llWRLPRER+v3\/HYrFMFQSIkNra2tVQKJSlfcSyLO0LECFWq3XF6XRGA4HAptTsdrsXeZ6fEHtl+31nAOA4rkUulz\/I5XL63dQGgHEAN8Ph8AYA\/BsAt4ube4GblQIAAAAASUVORK5CYII=\" \/><\/a><\/span><br \/>\n<a href=\"mailto:leenakuukasjarvi[at]oulunsalonvasama.fi\">leenakuukasjarvi[at]oulunsalonvasama.fi<\/a><\/li>\n<li>Pallovastaavat: Mervi Saukkoriipi ja Saara Kittil\u00e4<\/li>\n<\/ul>\n<h2>Joukkue<\/h2>\n<p>Joukkue pelaa naisten 2-sarjan lis\u00e4ksi my\u00f6s veteraanisarjoja (N35 ja N40). Tavoitteena on jokaisessa sarjassa pelata mahdollisimman hyvin ja nauttia hyvist\u00e4 suorituksista ja yhdess\u00e4 pelaamisesta.<\/p>\n<h3>Pelaajat<\/h3>\n<p>1 Saara Kittil\u00e4<br \/>\n2 Leena Kuukasj\u00e4rvi<br \/>\n3 Minna M\u00e4kikyr\u00f6 (vain veteraanisarja)<br \/>\n4 Maarit Kivioja (vain veteraanisarja)<br \/>\n5 Anne Sorjanen<br \/>\n6 Heidi Vilmusenaho (vain veteraanisarja)<br \/>\n7 Satu K\u00e4rn\u00e4<br \/>\n8 Maria Uusitalo<br \/>\n9 Satu Kanniainen (vain veteraanisarja)<br \/>\n10 Mervi Saukkoriipi<br \/>\n11 Sanna Loukkaanhuhta<br \/>\n12 Marjo P\u00e4iv\u00e4rinta-Rekinen<br \/>\n13 Tarja Valtanen (vain veteraanisarja)<br \/>\n14 Marika Luhtavaara (vain veteraanisarja)<\/p>\n<h3>Kauden tulokset<\/h3>\n<p><strong>2-sarjassa<\/strong> kausi meni yli odotusten, vaikka pelit pelattiin melkeinp\u00e4 suurimmaksi osaksi kuuden pelaajan voimin. Joukkue sijoittui lohkossaan <strong>kolmanneksi<\/strong> WoVon voittaessa lohkon ja OYUS:n sijoittuessa toiseksi.<\/p>\n<p>Veteraanisarjoissa joukkue osallistui N35-sarjaan ja N40-sarjaan. <strong>N35-sarja<\/strong>ssa sijoitus oli <strong>kahdeksas<\/strong> ja joukkueita sarjassa oli yksitoista. Lopputurnaus vietiin l\u00e4pi kuudella pelaajalla (Saara Kittil\u00e4, Leena Kuukasj\u00e4rvi, Anne Sorjanen, Satu K\u00e4rn\u00e4, Sanna Loukkaanhuhta ja Virpi Kupari). <strong>N40-sarja<\/strong>an osallistuttiin seitsem\u00e4n pelaajan voimin (Saara Kittil\u00e4, Maarit Kivioja, Heidi Vilmusenaho, Maria Uusitalo, Mervi Saukkoriipi, Marika Luhtavaara ja Monika Laitalainen-Aho). Lopputurnauksessa sijoitus oli kymmenen joukkueen joukosta <strong>yhdeks\u00e4s<\/strong>.<\/p>\n","protected":false},"excerpt":{"rendered":"<p>Naiset 2002 kaudella 2012-2013 &nbsp; Harjoitusvuorot Kirkonkyl\u00e4n koululla Keskiviikkoisin klo 19:30-21:00 koko sali Sunnuntaisin klo 19:00-20:30 koko sali Organisaatio Yhteyshenkil\u00f6 ja rahastonhoitaja: Saara Kittil\u00e4, puh. 040-839 6725 saarakittila[at]oulunsalonvasama.fi Vararahastonhoitaja ja l\u00e4\u00e4kelaukkuvastaava: Leena Kuukasj\u00e4rvi, puh. 050-305 1043 leenakuukasjarvi[at]oulunsalonvasama.fi Pallovastaavat: Mervi Saukkoriipi ja Saara Kittil\u00e4 Joukkue Joukkue pelaa naisten 2-sarjan lis\u00e4ksi my\u00f6s veteraanisarjoja (N35 ja N40). Tavoitteena &#8230; <a title=\"Naiset 2002\" class=\"read-more\" href=\"https:\/\/www.oulunsalonvasama.fi\/lentopallo\/edelliset-kaudet\/kausi-2012-2013\/naiset-2002\/\" aria-label=\"Lue lis\u00e4\u00e4 aiheesta Naiset 2002\">Lue lis\u00e4\u00e4<\/a><\/p>\n","protected":false},"author":4,"featured_media":0,"parent":5226,"menu_order":0,"comment_status":"closed","ping_status":"open","template":"","meta":{"footnotes":"","_links_to":"","_links_to_target":""},"class_list":["post-4574","page","type-page","status-publish"],"_links":{"self":[{"href":"https:\/\/www.oulunsalonvasama.fi\/lentopallo\/wp-json\/wp\/v2\/pages\/4574","targetHints":{"allow":["GET"]}}],"collection":[{"href":"https:\/\/www.oulunsalonvasama.fi\/lentopallo\/wp-json\/wp\/v2\/pages"}],"about":[{"href":"https:\/\/www.oulunsalonvasama.fi\/lentopallo\/wp-json\/wp\/v2\/types\/page"}],"author":[{"embeddable":true,"href":"https:\/\/www.oulunsalonvasama.fi\/lentopallo\/wp-json\/wp\/v2\/users\/4"}],"replies":[{"embeddable":true,"href":"https:\/\/www.oulunsalonvasama.fi\/lentopallo\/wp-json\/wp\/v2\/comments?post=4574"}],"version-history":[{"count":4,"href":"https:\/\/www.oulunsalonvasama.fi\/lentopallo\/wp-json\/wp\/v2\/pages\/4574\/revisions"}],"predecessor-version":[{"id":5341,"href":"https:\/\/www.oulunsalonvasama.fi\/lentopallo\/wp-json\/wp\/v2\/pages\/4574\/revisions\/5341"}],"up":[{"embeddable":true,"href":"https:\/\/www.oulunsalonvasama.fi\/lentopallo\/wp-json\/wp\/v2\/pages\/5226"}],"wp:attachment":[{"href":"https:\/\/www.oulunsalonvasama.fi\/lentopallo\/wp-json\/wp\/v2\/media?parent=4574"}],"curies":[{"name":"wp","href":"https:\/\/api.w.org\/{rel}","templated":true}]}}