{"id":4432,"date":"2012-09-03T09:55:05","date_gmt":"2012-09-03T09:55:05","guid":{"rendered":"http:\/\/www.oulunsalonvasama.fi\/lentopallo\/?page_id=4432"},"modified":"2013-07-16T17:31:15","modified_gmt":"2013-07-16T17:31:15","slug":"d-tytot","status":"publish","type":"page","link":"https:\/\/www.oulunsalonvasama.fi\/lentopallo\/edelliset-kaudet\/kausi-2012-2013\/d-tytot\/","title":{"rendered":"D-tyt\u00f6t"},"content":{"rendered":"<h2>D-tyt\u00f6t kaudella 2012-2013<\/h2>\n<p>Tervetuloa joukkueeseen pelaamaan lentopalloa\u00a0kaikki 2000-2001 syntyneet tyt\u00f6t.<\/p>\n<p><img loading=\"lazy\" decoding=\"async\" class=\"alignnone size-medium wp-image-5217\" title=\"P\u00e4\u00e4tt\u00e4j\u00e4iset 2013\" alt=\"\" src=\"https:\/\/www.oulunsalonvasama.fi\/lentopallo\/wp-content\/uploads\/2012\/09\/P6130021-300x148.jpg\" width=\"300\" height=\"148\" srcset=\"https:\/\/www.oulunsalonvasama.fi\/lentopallo\/wp-content\/uploads\/2012\/09\/P6130021-300x148.jpg 300w, https:\/\/www.oulunsalonvasama.fi\/lentopallo\/wp-content\/uploads\/2012\/09\/P6130021.jpg 400w\" sizes=\"auto, (max-width: 300px) 100vw, 300px\" \/><\/p>\n<p><strong>Harjoitusajat<\/strong><\/p>\n<p><strong>Kalenteri<\/strong><\/p>\n<p><strong>Organisaatio<\/strong><br \/>\nValmentaja\u00a0\u00a0\u00a0\u00a0\u00a0\u00a0 \u00a0 \u00a0\u00a0\u00a0 \u00a0Antti Silvamaa\u00a0 040 \u2013 7564 189<br \/>\nValmentaja\u00a0\u00a0\u00a0\u00a0\u00a0\u00a0\u00a0\u00a0\u00a0\u00a0\u00a0\u00a0 \u00a0Pirjo Pietil\u00e4inen 040 &#8211; 1644 676<br \/>\nTaloudenhoitaja\/<br \/>\nJoukkueenjohtaja \u00a0\u00a0 Tapio Helanen\u00a0040 &#8211; 0440 092<\/p>\n<p><strong>Pelaajat<br \/>\n<\/strong>2 Anna Karjalainen<br \/>\n6 Miia Pietil\u00e4inen<br \/>\n7 Amanda Valtanen<br \/>\n8 Helmi-Maria Valtanen<br \/>\n9 Ninni\u00a0Nevalainen<br \/>\n12 Piia Helanen<br \/>\n15 Angelica Silvamaa<br \/>\n28 Assi Suvanto<\/p>\n","protected":false},"excerpt":{"rendered":"<p>D-tyt\u00f6t kaudella 2012-2013 Tervetuloa joukkueeseen pelaamaan lentopalloa\u00a0kaikki 2000-2001 syntyneet tyt\u00f6t. Harjoitusajat Kalenteri Organisaatio Valmentaja\u00a0\u00a0\u00a0\u00a0\u00a0\u00a0 \u00a0 \u00a0\u00a0\u00a0 \u00a0Antti Silvamaa\u00a0 040 \u2013 7564 189 Valmentaja\u00a0\u00a0\u00a0\u00a0\u00a0\u00a0\u00a0\u00a0\u00a0\u00a0\u00a0\u00a0 \u00a0Pirjo Pietil\u00e4inen 040 &#8211; 1644 676 Taloudenhoitaja\/ Joukkueenjohtaja \u00a0\u00a0 Tapio Helanen\u00a0040 &#8211; 0440 092 Pelaajat 2 Anna Karjalainen 6 Miia Pietil\u00e4inen 7 Amanda Valtanen 8 Helmi-Maria Valtanen 9 Ninni\u00a0Nevalainen 12 Piia Helanen &#8230; <a title=\"D-tyt\u00f6t\" class=\"read-more\" href=\"https:\/\/www.oulunsalonvasama.fi\/lentopallo\/edelliset-kaudet\/kausi-2012-2013\/d-tytot\/\" aria-label=\"Lue lis\u00e4\u00e4 aiheesta D-tyt\u00f6t\">Lue lis\u00e4\u00e4<\/a><\/p>\n","protected":false},"author":36,"featured_media":0,"parent":5226,"menu_order":0,"comment_status":"closed","ping_status":"open","template":"","meta":{"footnotes":"","_links_to":"","_links_to_target":""},"class_list":["post-4432","page","type-page","status-publish"],"_links":{"self":[{"href":"https:\/\/www.oulunsalonvasama.fi\/lentopallo\/wp-json\/wp\/v2\/pages\/4432","targetHints":{"allow":["GET"]}}],"collection":[{"href":"https:\/\/www.oulunsalonvasama.fi\/lentopallo\/wp-json\/wp\/v2\/pages"}],"about":[{"href":"https:\/\/www.oulunsalonvasama.fi\/lentopallo\/wp-json\/wp\/v2\/types\/page"}],"author":[{"embeddable":true,"href":"https:\/\/www.oulunsalonvasama.fi\/lentopallo\/wp-json\/wp\/v2\/users\/36"}],"replies":[{"embeddable":true,"href":"https:\/\/www.oulunsalonvasama.fi\/lentopallo\/wp-json\/wp\/v2\/comments?post=4432"}],"version-history":[{"count":35,"href":"https:\/\/www.oulunsalonvasama.fi\/lentopallo\/wp-json\/wp\/v2\/pages\/4432\/revisions"}],"predecessor-version":[{"id":4434,"href":"https:\/\/www.oulunsalonvasama.fi\/lentopallo\/wp-json\/wp\/v2\/pages\/4432\/revisions\/4434"}],"up":[{"embeddable":true,"href":"https:\/\/www.oulunsalonvasama.fi\/lentopallo\/wp-json\/wp\/v2\/pages\/5226"}],"wp:attachment":[{"href":"https:\/\/www.oulunsalonvasama.fi\/lentopallo\/wp-json\/wp\/v2\/media?parent=4432"}],"curies":[{"name":"wp","href":"https:\/\/api.w.org\/{rel}","templated":true}]}}