{"id":43,"date":"2006-07-08T10:22:17","date_gmt":"2006-07-08T10:22:17","guid":{"rendered":""},"modified":"2010-08-15T11:10:54","modified_gmt":"2010-08-15T11:10:54","slug":"e_tytot1_2","status":"publish","type":"page","link":"https:\/\/www.oulunsalonvasama.fi\/lentopallo\/edelliset-kaudet\/kausi-2002-2003\/e_tytot1_2\/","title":{"rendered":"E-tyt\u00f6tI-II"},"content":{"rendered":"<h1>E-tyt\u00f6t I ja II (synt. 1992)<\/h1>\n<p>Yhteyshenkil\u00f6t: <\/p>\n<p>Jari Pekkala<br \/>\n&#8211; puhelin 044-5024007\n<\/p>\n<p>\nEero Heikkinen<br \/>\n&#8211; puhelin 044-7341657<\/p>\n<p><\/p>\n<p><img loading=\"lazy\" decoding=\"async\" src=\"\/lentopallo\/tiedostot\/2002_10_Et92.jpg\" border=\"0\" width=\"450\" height=\"319\" alt=\"E-tyt\u00f6t I ja II\"><\/p>\n<p>E-tyt\u00f6t pallottelemassa Rovaniemell\u00e4 aluesarjan turnauksessa 9.11.2002<\/p>\n<p><img loading=\"lazy\" decoding=\"async\" src=\"\/lentopallo\/tiedostot\/2002_11_E-tytot_9_11_2002.jpg\" border=\"0\" width=\"450\" height=\"338\" alt=\"E-tyt\u00f6t pallottelemassa Rovaniemen aluesarjan turnauksessa 9.11.2002\"><\/p>\n","protected":false},"excerpt":{"rendered":"<p>E-tyt\u00f6t I ja II (synt. 1992) Yhteyshenkil\u00f6t: Jari Pekkala &#8211; puhelin 044-5024007 Eero Heikkinen &#8211; puhelin 044-7341657 E-tyt\u00f6t pallottelemassa Rovaniemell\u00e4 aluesarjan turnauksessa 9.11.2002<\/p>\n","protected":false},"author":1,"featured_media":0,"parent":67,"menu_order":15,"comment_status":"open","ping_status":"open","template":"","meta":{"footnotes":"","_links_to":"","_links_to_target":""},"class_list":["post-43","page","type-page","status-publish"],"_links":{"self":[{"href":"https:\/\/www.oulunsalonvasama.fi\/lentopallo\/wp-json\/wp\/v2\/pages\/43","targetHints":{"allow":["GET"]}}],"collection":[{"href":"https:\/\/www.oulunsalonvasama.fi\/lentopallo\/wp-json\/wp\/v2\/pages"}],"about":[{"href":"https:\/\/www.oulunsalonvasama.fi\/lentopallo\/wp-json\/wp\/v2\/types\/page"}],"author":[{"embeddable":true,"href":"https:\/\/www.oulunsalonvasama.fi\/lentopallo\/wp-json\/wp\/v2\/users\/1"}],"replies":[{"embeddable":true,"href":"https:\/\/www.oulunsalonvasama.fi\/lentopallo\/wp-json\/wp\/v2\/comments?post=43"}],"version-history":[{"count":5,"href":"https:\/\/www.oulunsalonvasama.fi\/lentopallo\/wp-json\/wp\/v2\/pages\/43\/revisions"}],"predecessor-version":[{"id":2166,"href":"https:\/\/www.oulunsalonvasama.fi\/lentopallo\/wp-json\/wp\/v2\/pages\/43\/revisions\/2166"}],"up":[{"embeddable":true,"href":"https:\/\/www.oulunsalonvasama.fi\/lentopallo\/wp-json\/wp\/v2\/pages\/67"}],"wp:attachment":[{"href":"https:\/\/www.oulunsalonvasama.fi\/lentopallo\/wp-json\/wp\/v2\/media?parent=43"}],"curies":[{"name":"wp","href":"https:\/\/api.w.org\/{rel}","templated":true}]}}