{"id":3755,"date":"2011-10-20T15:21:08","date_gmt":"2011-10-20T15:21:08","guid":{"rendered":"http:\/\/www.oulunsalonvasama.fi\/lentopallo\/?page_id=3755"},"modified":"2012-07-27T03:47:02","modified_gmt":"2012-07-27T03:47:02","slug":"a-tytot","status":"publish","type":"page","link":"https:\/\/www.oulunsalonvasama.fi\/lentopallo\/edelliset-kaudet\/kausi-2011-2012\/a-tytot\/","title":{"rendered":"A-Tyt\u00f6t"},"content":{"rendered":"<p><strong>Pelaajat:<\/strong><\/p>\n<table>\n<tbody>\n<tr>\n<td><strong>Nro<\/strong><\/td>\n<td><strong>Nimi<\/strong><\/td>\n<\/tr>\n<tr>\n<td>1<\/td>\n<td>Mari Laikola<\/td>\n<\/tr>\n<tr>\n<td>3<\/td>\n<td>Katja Kylm\u00e4aho<\/td>\n<\/tr>\n<tr>\n<td>4<\/td>\n<td>Riina Kittil\u00e4<\/td>\n<\/tr>\n<tr>\n<td>5<\/td>\n<td>Hanna Palosaari<\/td>\n<\/tr>\n<tr>\n<td>6<\/td>\n<td>Sonja Pehkonen<\/td>\n<\/tr>\n<tr>\n<td>8<\/td>\n<td>Essi Martinm\u00e4ki<\/td>\n<\/tr>\n<tr>\n<td>9<\/td>\n<td>Anna-Leena Eskola<\/td>\n<\/tr>\n<tr>\n<td>10<\/td>\n<td>Maria Naasko<\/td>\n<\/tr>\n<tr>\n<td>11<\/td>\n<td>Meri M\u00e4kinen<\/td>\n<\/tr>\n<tr>\n<td>12<\/td>\n<td>Viivi Longi<\/td>\n<\/tr>\n<tr>\n<td>13<\/td>\n<td>Alisa Sepp\u00e4<\/td>\n<\/tr>\n<\/tbody>\n<\/table>\n<p><strong>Valmentaja:<\/strong> Kari Sepp\u00e4<br \/>\n<strong>Joukkueenjohtaja:<\/strong> Risto Kylm\u00e4aho<\/p>\n","protected":false},"excerpt":{"rendered":"<p>Pelaajat: Nro Nimi 1 Mari Laikola 3 Katja Kylm\u00e4aho 4 Riina Kittil\u00e4 5 Hanna Palosaari 6 Sonja Pehkonen 8 Essi Martinm\u00e4ki 9 Anna-Leena Eskola 10 Maria Naasko 11 Meri M\u00e4kinen 12 Viivi Longi 13 Alisa Sepp\u00e4 Valmentaja: Kari Sepp\u00e4 Joukkueenjohtaja: Risto Kylm\u00e4aho<\/p>\n","protected":false},"author":1,"featured_media":0,"parent":4330,"menu_order":1,"comment_status":"closed","ping_status":"open","template":"","meta":{"footnotes":"","_links_to":"","_links_to_target":""},"class_list":["post-3755","page","type-page","status-publish"],"_links":{"self":[{"href":"https:\/\/www.oulunsalonvasama.fi\/lentopallo\/wp-json\/wp\/v2\/pages\/3755","targetHints":{"allow":["GET"]}}],"collection":[{"href":"https:\/\/www.oulunsalonvasama.fi\/lentopallo\/wp-json\/wp\/v2\/pages"}],"about":[{"href":"https:\/\/www.oulunsalonvasama.fi\/lentopallo\/wp-json\/wp\/v2\/types\/page"}],"author":[{"embeddable":true,"href":"https:\/\/www.oulunsalonvasama.fi\/lentopallo\/wp-json\/wp\/v2\/users\/1"}],"replies":[{"embeddable":true,"href":"https:\/\/www.oulunsalonvasama.fi\/lentopallo\/wp-json\/wp\/v2\/comments?post=3755"}],"version-history":[{"count":10,"href":"https:\/\/www.oulunsalonvasama.fi\/lentopallo\/wp-json\/wp\/v2\/pages\/3755\/revisions"}],"predecessor-version":[{"id":4333,"href":"https:\/\/www.oulunsalonvasama.fi\/lentopallo\/wp-json\/wp\/v2\/pages\/3755\/revisions\/4333"}],"up":[{"embeddable":true,"href":"https:\/\/www.oulunsalonvasama.fi\/lentopallo\/wp-json\/wp\/v2\/pages\/4330"}],"wp:attachment":[{"href":"https:\/\/www.oulunsalonvasama.fi\/lentopallo\/wp-json\/wp\/v2\/media?parent=3755"}],"curies":[{"name":"wp","href":"https:\/\/api.w.org\/{rel}","templated":true}]}}