{"id":35,"date":"2006-07-08T10:19:26","date_gmt":"2006-07-08T10:19:26","guid":{"rendered":""},"modified":"2010-08-15T11:11:40","modified_gmt":"2010-08-15T11:11:40","slug":"c_pojat1","status":"publish","type":"page","link":"https:\/\/www.oulunsalonvasama.fi\/lentopallo\/edelliset-kaudet\/kausi-2002-2003\/c_pojat1\/","title":{"rendered":"C-pojat I"},"content":{"rendered":"<h1>C-pojat I (synt. 1988)<\/h1>\n<p>Yhteyshenkil\u00f6t:<\/p>\n<p>Hannu Hokkinen<br \/>\n&#8211; puhelin 040-5432581<br \/>\n&#8211; s\u00e4hk\u00f6posti <a href=\"mailto:hannu.hokkinen@oulunsalonvasama.fi \">hannu.hokkinen@oulunsalonvasama.fi <\/a><\/p>\n<p>Lauri Kiuttu<br \/>\n&#8211; puhelin 040-5865199<\/p>\n<p>Markku Alapuranen<br \/>\n&#8211; puhelin 050-3830856<\/p>\n<p>C-pojat viidenneksi  <a href=\"https:\/\/www.oulunsalonvasama.fi\/lentopallo\/tulokset\/?action=show_article&amp;id=79\">Power Cupissa<br \/>\n<\/a> (Pieks\u00e4m\u00e4ki 5-8.8.2003)<\/p>\n<p>C-pojat viidenneksi  <a href=\"https:\/\/www.oulunsalonvasama.fi\/lentopallo\/tulokset\/?action=show_article&amp;id=77\">SM-lopputurnauksessa<br \/>\n<\/a> (Pertteli 26-27.4.2003)<\/p>\n<p>OsVa I Pohjois-Suomen Aluemestari 2002-2003:<\/p>\n<p><img loading=\"lazy\" decoding=\"async\" src=\"\/lentopallo\/tiedostot\/2002_12_OsVa_C-pojatI_aluemestari_web.jpg\" border=\"0\" alt=\"C-pojat 1 Pohjois-Suomen aluemestarit 2002-2003\" width=\"450\" height=\"319\" \/><\/p>\n<p>Tassulentis Kauhajoella 29.9.2002, hopeaa:<\/p>\n<p><img loading=\"lazy\" decoding=\"async\" src=\"\/lentopallo\/tiedostot\/2002_10_C-pojat1_Tassulentis_w450pxl.jpg\" border=\"0\" alt=\"C-pojat 1 Tassulentiksen hopeamitaleilla 29.9.2002 Kauhajoella\" width=\"450\" height=\"338\" \/><\/p>\n","protected":false},"excerpt":{"rendered":"<p>C-pojat I (synt. 1988) Yhteyshenkil\u00f6t: Hannu Hokkinen &#8211; puhelin 040-5432581 &#8211; s\u00e4hk\u00f6posti hannu.hokkinen@oulunsalonvasama.fi Lauri Kiuttu &#8211; puhelin 040-5865199 Markku Alapuranen &#8211; puhelin 050-3830856 C-pojat viidenneksi Power Cupissa (Pieks\u00e4m\u00e4ki 5-8.8.2003) C-pojat viidenneksi SM-lopputurnauksessa (Pertteli 26-27.4.2003) OsVa I Pohjois-Suomen Aluemestari 2002-2003: Tassulentis Kauhajoella 29.9.2002, hopeaa:<\/p>\n","protected":false},"author":1,"featured_media":0,"parent":67,"menu_order":6,"comment_status":"open","ping_status":"open","template":"","meta":{"footnotes":"","_links_to":"","_links_to_target":""},"class_list":["post-35","page","type-page","status-publish"],"_links":{"self":[{"href":"https:\/\/www.oulunsalonvasama.fi\/lentopallo\/wp-json\/wp\/v2\/pages\/35","targetHints":{"allow":["GET"]}}],"collection":[{"href":"https:\/\/www.oulunsalonvasama.fi\/lentopallo\/wp-json\/wp\/v2\/pages"}],"about":[{"href":"https:\/\/www.oulunsalonvasama.fi\/lentopallo\/wp-json\/wp\/v2\/types\/page"}],"author":[{"embeddable":true,"href":"https:\/\/www.oulunsalonvasama.fi\/lentopallo\/wp-json\/wp\/v2\/users\/1"}],"replies":[{"embeddable":true,"href":"https:\/\/www.oulunsalonvasama.fi\/lentopallo\/wp-json\/wp\/v2\/comments?post=35"}],"version-history":[{"count":5,"href":"https:\/\/www.oulunsalonvasama.fi\/lentopallo\/wp-json\/wp\/v2\/pages\/35\/revisions"}],"predecessor-version":[{"id":2170,"href":"https:\/\/www.oulunsalonvasama.fi\/lentopallo\/wp-json\/wp\/v2\/pages\/35\/revisions\/2170"}],"up":[{"embeddable":true,"href":"https:\/\/www.oulunsalonvasama.fi\/lentopallo\/wp-json\/wp\/v2\/pages\/67"}],"wp:attachment":[{"href":"https:\/\/www.oulunsalonvasama.fi\/lentopallo\/wp-json\/wp\/v2\/media?parent=35"}],"curies":[{"name":"wp","href":"https:\/\/api.w.org\/{rel}","templated":true}]}}